{"id":27331,"date":"2024-06-10T17:43:38","date_gmt":"2024-06-10T15:43:38","guid":{"rendered":"https:\/\/bbklekovaca.rs\/?post_type=product&#038;p=27331"},"modified":"2026-01-22T16:08:11","modified_gmt":"2026-01-22T15:08:11","slug":"vilijamovka","status":"publish","type":"product","link":"https:\/\/bbklekovaca.rs\/en\/product\/vilijamovka\/","title":{"rendered":"WILLIAMS PEAR"},"content":{"rendered":"<p><strong>Neto: 1 l \/ Alk: <\/strong><strong>40,0% vol.<\/strong><\/p>\n<p>\"Vilijamovka\" (Williams Pear) is a premium rakija made from carefully selected Williams pears, harvested at the moment when their vitamin and mineral content is at its peak. After picking, the fruits are left to ripen for another ten days in a well-ventilated space to allow full concentration of fermentable sugars.\n\"Vilijamovka\" is produced through double distillation and strict selection of the finest distillates. It captivates with its aromas, strength, and the delicate contrast between the natural sweetness and the subtle, gentle bitterness unique to Williams pears.<\/p>","protected":false},"excerpt":{"rendered":"<h2><strong>Neto: 1 l \/ Alk: 40,0% vol.<\/strong><\/h2>\n<p>\"Vilijamovka\" (Williams Pear) is a premium rakija made from carefully selected Williams pears, harvested at the moment when their vitamin and mineral content is at its peak. After picking, the fruits are left to ripen for another ten days in a well-ventilated space to allow full concentration of fermentable sugars.\n\"Vilijamovka\" is produced through double distillation and strict selection of the finest distillates. It captivates with its aromas, strength, and the delicate contrast between the natural sweetness and the subtle, gentle bitterness unique to Williams pears.<\/p>","protected":false},"featured_media":29381,"template":"","meta":[],"product_brand":[],"product_cat":[76],"product_tag":[83],"class_list":{"0":"post-27331","1":"product","2":"type-product","3":"status-publish","4":"has-post-thumbnail","6":"product_cat-tradicionalne","7":"product_tag-kruska","9":"first","10":"instock","11":"shipping-taxable","12":"purchasable","13":"product-type-variable"},"yoast_head":"<!-- This site is optimized with the Yoast SEO plugin v27.1.1 - https:\/\/yoast.com\/product\/yoast-seo-wordpress\/ -->\n<title>VILIJAMOVKA - Destilerija BB Klekova\u010da<\/title>\n<meta name=\"robots\" content=\"index, follow, max-snippet:-1, max-image-preview:large, max-video-preview:-1\" \/>\n<link rel=\"canonical\" href=\"https:\/\/bbklekovaca.rs\/en\/product\/vilijamovka\/\" \/>\n<meta property=\"og:locale\" content=\"en_GB\" \/>\n<meta property=\"og:type\" content=\"article\" \/>\n<meta property=\"og:title\" content=\"VILIJAMOVKA - Destilerija BB Klekova\u010da\" \/>\n<meta property=\"og:description\" content=\"Neto: 1 l \/ Alk: 40,0% vol. Vrhunska rakija od probranih plodova kru\u0161ke vilijamovke u fazi kada je ona najbogatija vitaminima i mineralima. Nakon branja, plodovi dozrevaju jo\u0161 desetak dana na blago promajnom mestu radi pune koncentracije fermentabilnih \u0161e\u0107era. \u201eBB Vilijamovka\u201c je dobijena dvostrukom destilacijom i selekcijom najboljih destilata. Pleni mirisima, snagom i finim kontrastom slasti i specifi\u010dne, blage oporosti kru\u0161ke vilijamovke.\" \/>\n<meta property=\"og:url\" content=\"https:\/\/bbklekovaca.rs\/en\/product\/vilijamovka\/\" \/>\n<meta property=\"og:site_name\" content=\"Destilerija BB Klekova\u010da\" \/>\n<meta property=\"article:publisher\" content=\"https:\/\/www.facebook.com\/bbklekovaca\" \/>\n<meta property=\"article:modified_time\" content=\"2026-01-22T15:08:11+00:00\" \/>\n<meta property=\"og:image\" content=\"https:\/\/bbklekovaca.rs\/wp-content\/uploads\/2026\/01\/vilja07.jpg\" \/>\n\t<meta property=\"og:image:width\" content=\"1313\" \/>\n\t<meta property=\"og:image:height\" content=\"1500\" \/>\n\t<meta property=\"og:image:type\" content=\"image\/jpeg\" \/>\n<meta name=\"twitter:card\" content=\"summary_large_image\" \/>\n<meta name=\"twitter:label1\" content=\"Estimated reading time\" \/>\n\t<meta name=\"twitter:data1\" content=\"1 minute\" \/>\n<script type=\"application\/ld+json\" class=\"yoast-schema-graph\">{\"@context\":\"https:\/\/schema.org\",\"@graph\":[{\"@type\":\"WebPage\",\"@id\":\"https:\/\/bbklekovaca.rs\/product\/vilijamovka\/\",\"url\":\"https:\/\/bbklekovaca.rs\/product\/vilijamovka\/\",\"name\":\"VILIJAMOVKA - Destilerija BB Klekova\u010da\",\"isPartOf\":{\"@id\":\"https:\/\/bbklekovaca.rs\/#website\"},\"primaryImageOfPage\":{\"@id\":\"https:\/\/bbklekovaca.rs\/product\/vilijamovka\/#primaryimage\"},\"image\":{\"@id\":\"https:\/\/bbklekovaca.rs\/product\/vilijamovka\/#primaryimage\"},\"thumbnailUrl\":\"https:\/\/bbklekovaca.rs\/wp-content\/uploads\/2026\/01\/vilja07.jpg\",\"datePublished\":\"2024-06-10T15:43:38+00:00\",\"dateModified\":\"2026-01-22T15:08:11+00:00\",\"breadcrumb\":{\"@id\":\"https:\/\/bbklekovaca.rs\/product\/vilijamovka\/#breadcrumb\"},\"inLanguage\":\"en-GB\",\"potentialAction\":[{\"@type\":\"ReadAction\",\"target\":[\"https:\/\/bbklekovaca.rs\/product\/vilijamovka\/\"]}]},{\"@type\":\"ImageObject\",\"inLanguage\":\"en-GB\",\"@id\":\"https:\/\/bbklekovaca.rs\/product\/vilijamovka\/#primaryimage\",\"url\":\"https:\/\/bbklekovaca.rs\/wp-content\/uploads\/2026\/01\/vilja07.jpg\",\"contentUrl\":\"https:\/\/bbklekovaca.rs\/wp-content\/uploads\/2026\/01\/vilja07.jpg\",\"width\":1313,\"height\":1500},{\"@type\":\"BreadcrumbList\",\"@id\":\"https:\/\/bbklekovaca.rs\/product\/vilijamovka\/#breadcrumb\",\"itemListElement\":[{\"@type\":\"ListItem\",\"position\":1,\"name\":\"Po\u010detna\",\"item\":\"https:\/\/bbklekovaca.rs\/\"},{\"@type\":\"ListItem\",\"position\":2,\"name\":\"Prodavnica\",\"item\":\"https:\/\/bbklekovaca.rs\/shop\/\"},{\"@type\":\"ListItem\",\"position\":3,\"name\":\"VILIJAMOVKA\"}]},{\"@type\":\"WebSite\",\"@id\":\"https:\/\/bbklekovaca.rs\/#website\",\"url\":\"https:\/\/bbklekovaca.rs\/\",\"name\":\"Destilerija BB Klekova\u010da\",\"description\":\"Srce Drine, du\u0161a Tare\",\"publisher\":{\"@id\":\"https:\/\/bbklekovaca.rs\/#organization\"},\"potentialAction\":[{\"@type\":\"SearchAction\",\"target\":{\"@type\":\"EntryPoint\",\"urlTemplate\":\"https:\/\/bbklekovaca.rs\/?s={search_term_string}\"},\"query-input\":{\"@type\":\"PropertyValueSpecification\",\"valueRequired\":true,\"valueName\":\"search_term_string\"}}],\"inLanguage\":\"en-GB\"},{\"@type\":\"Organization\",\"@id\":\"https:\/\/bbklekovaca.rs\/#organization\",\"name\":\"BB Klekova\u010da d.o.o. Bajina Ba\u0161ta\",\"alternateName\":\"BB Klekova\u010da\",\"url\":\"https:\/\/bbklekovaca.rs\/\",\"logo\":{\"@type\":\"ImageObject\",\"inLanguage\":\"en-GB\",\"@id\":\"https:\/\/bbklekovaca.rs\/#\/schema\/logo\/image\/\",\"url\":\"https:\/\/bbklekovaca.rs\/wp-content\/uploads\/2024\/06\/logo1.png\",\"contentUrl\":\"https:\/\/bbklekovaca.rs\/wp-content\/uploads\/2024\/06\/logo1.png\",\"width\":1080,\"height\":1080,\"caption\":\"BB Klekova\u010da d.o.o. Bajina Ba\u0161ta\"},\"image\":{\"@id\":\"https:\/\/bbklekovaca.rs\/#\/schema\/logo\/image\/\"},\"sameAs\":[\"https:\/\/www.facebook.com\/bbklekovaca\",\"https:\/\/instagram.com\/bb.klekovaca\"]}]}<\/script>\n<!-- \/ Yoast SEO plugin. -->","yoast_head_json":{"title":"VILIJAMOVKA - Destilerija BB Klekova\u010da","robots":{"index":"index","follow":"follow","max-snippet":"max-snippet:-1","max-image-preview":"max-image-preview:large","max-video-preview":"max-video-preview:-1"},"canonical":"https:\/\/bbklekovaca.rs\/en\/product\/vilijamovka\/","og_locale":"en_GB","og_type":"article","og_title":"VILIJAMOVKA - Destilerija BB Klekova\u010da","og_description":"Neto: 1 l \/ Alk: 40,0% vol. Vrhunska rakija od probranih plodova kru\u0161ke vilijamovke u fazi kada je ona najbogatija vitaminima i mineralima. Nakon branja, plodovi dozrevaju jo\u0161 desetak dana na blago promajnom mestu radi pune koncentracije fermentabilnih \u0161e\u0107era. \u201eBB Vilijamovka\u201c je dobijena dvostrukom destilacijom i selekcijom najboljih destilata. Pleni mirisima, snagom i finim kontrastom slasti i specifi\u010dne, blage oporosti kru\u0161ke vilijamovke.","og_url":"https:\/\/bbklekovaca.rs\/en\/product\/vilijamovka\/","og_site_name":"Destilerija BB Klekova\u010da","article_publisher":"https:\/\/www.facebook.com\/bbklekovaca","article_modified_time":"2026-01-22T15:08:11+00:00","og_image":[{"width":1313,"height":1500,"url":"https:\/\/bbklekovaca.rs\/wp-content\/uploads\/2026\/01\/vilja07.jpg","type":"image\/jpeg"}],"twitter_card":"summary_large_image","twitter_misc":{"Estimated reading time":"1 minute"},"schema":{"@context":"https:\/\/schema.org","@graph":[{"@type":"WebPage","@id":"https:\/\/bbklekovaca.rs\/product\/vilijamovka\/","url":"https:\/\/bbklekovaca.rs\/product\/vilijamovka\/","name":"VILIJAMOVKA - Destilerija BB Klekova\u010da","isPartOf":{"@id":"https:\/\/bbklekovaca.rs\/#website"},"primaryImageOfPage":{"@id":"https:\/\/bbklekovaca.rs\/product\/vilijamovka\/#primaryimage"},"image":{"@id":"https:\/\/bbklekovaca.rs\/product\/vilijamovka\/#primaryimage"},"thumbnailUrl":"https:\/\/bbklekovaca.rs\/wp-content\/uploads\/2026\/01\/vilja07.jpg","datePublished":"2024-06-10T15:43:38+00:00","dateModified":"2026-01-22T15:08:11+00:00","breadcrumb":{"@id":"https:\/\/bbklekovaca.rs\/product\/vilijamovka\/#breadcrumb"},"inLanguage":"en-GB","potentialAction":[{"@type":"ReadAction","target":["https:\/\/bbklekovaca.rs\/product\/vilijamovka\/"]}]},{"@type":"ImageObject","inLanguage":"en-GB","@id":"https:\/\/bbklekovaca.rs\/product\/vilijamovka\/#primaryimage","url":"https:\/\/bbklekovaca.rs\/wp-content\/uploads\/2026\/01\/vilja07.jpg","contentUrl":"https:\/\/bbklekovaca.rs\/wp-content\/uploads\/2026\/01\/vilja07.jpg","width":1313,"height":1500},{"@type":"BreadcrumbList","@id":"https:\/\/bbklekovaca.rs\/product\/vilijamovka\/#breadcrumb","itemListElement":[{"@type":"ListItem","position":1,"name":"Po\u010detna","item":"https:\/\/bbklekovaca.rs\/"},{"@type":"ListItem","position":2,"name":"Prodavnica","item":"https:\/\/bbklekovaca.rs\/shop\/"},{"@type":"ListItem","position":3,"name":"VILIJAMOVKA"}]},{"@type":"WebSite","@id":"https:\/\/bbklekovaca.rs\/#website","url":"https:\/\/bbklekovaca.rs\/","name":"Destilerija BB Klekova\u010da","description":"Heart of Drina, Soul of Tara","publisher":{"@id":"https:\/\/bbklekovaca.rs\/#organization"},"potentialAction":[{"@type":"SearchAction","target":{"@type":"EntryPoint","urlTemplate":"https:\/\/bbklekovaca.rs\/?s={search_term_string}"},"query-input":{"@type":"PropertyValueSpecification","valueRequired":true,"valueName":"search_term_string"}}],"inLanguage":"en-GB"},{"@type":"Organization","@id":"https:\/\/bbklekovaca.rs\/#organization","name":"BB Klekova\u010da d.o.o. Bajina Ba\u0161ta","alternateName":"BB Klekova\u010da","url":"https:\/\/bbklekovaca.rs\/","logo":{"@type":"ImageObject","inLanguage":"en-GB","@id":"https:\/\/bbklekovaca.rs\/#\/schema\/logo\/image\/","url":"https:\/\/bbklekovaca.rs\/wp-content\/uploads\/2024\/06\/logo1.png","contentUrl":"https:\/\/bbklekovaca.rs\/wp-content\/uploads\/2024\/06\/logo1.png","width":1080,"height":1080,"caption":"BB Klekova\u010da d.o.o. Bajina Ba\u0161ta"},"image":{"@id":"https:\/\/bbklekovaca.rs\/#\/schema\/logo\/image\/"},"sameAs":["https:\/\/www.facebook.com\/bbklekovaca","https:\/\/instagram.com\/bb.klekovaca"]}]}},"_links":{"self":[{"href":"https:\/\/bbklekovaca.rs\/en\/wp-json\/wp\/v2\/product\/27331","targetHints":{"allow":["GET"]}}],"collection":[{"href":"https:\/\/bbklekovaca.rs\/en\/wp-json\/wp\/v2\/product"}],"about":[{"href":"https:\/\/bbklekovaca.rs\/en\/wp-json\/wp\/v2\/types\/product"}],"version-history":[{"count":1,"href":"https:\/\/bbklekovaca.rs\/en\/wp-json\/wp\/v2\/product\/27331\/revisions"}],"predecessor-version":[{"id":28799,"href":"https:\/\/bbklekovaca.rs\/en\/wp-json\/wp\/v2\/product\/27331\/revisions\/28799"}],"wp:featuredmedia":[{"embeddable":true,"href":"https:\/\/bbklekovaca.rs\/en\/wp-json\/wp\/v2\/media\/29381"}],"wp:attachment":[{"href":"https:\/\/bbklekovaca.rs\/en\/wp-json\/wp\/v2\/media?parent=27331"}],"wp:term":[{"taxonomy":"product_brand","embeddable":true,"href":"https:\/\/bbklekovaca.rs\/en\/wp-json\/wp\/v2\/product_brand?post=27331"},{"taxonomy":"product_cat","embeddable":true,"href":"https:\/\/bbklekovaca.rs\/en\/wp-json\/wp\/v2\/product_cat?post=27331"},{"taxonomy":"product_tag","embeddable":true,"href":"https:\/\/bbklekovaca.rs\/en\/wp-json\/wp\/v2\/product_tag?post=27331"}],"curies":[{"name":"wp","href":"https:\/\/api.w.org\/{rel}","templated":true}]}}