{"id":27323,"date":"2024-06-10T16:59:34","date_gmt":"2024-06-10T14:59:34","guid":{"rendered":"https:\/\/bbklekovaca.rs\/?post_type=product&#038;p=27323"},"modified":"2026-01-22T12:26:37","modified_gmt":"2026-01-22T11:26:37","slug":"travarica","status":"publish","type":"product","link":"https:\/\/bbklekovaca.rs\/en\/product\/travarica\/","title":{"rendered":"TRAVARICA"},"content":{"rendered":"<p><strong>Neto: 1 l \/ Alk: <\/strong><strong>40,0% vol.<\/strong><\/p>\n<p>Thousands of years of traditional medicine and our centuries-old rakija-making heritage come together in this exceptional herbal rakija, created through double distillation of the finest plum varieties, with the addition of 20 carefully selected medicinal herbs from Mount Tara \u2014 most notably yarrow, centaury, mint, wormwood, and sage.\nCrafted according to our original recipe, \"Travarica\" opens in the glass with a lavish bouquet of mountain herbs. It is marked by a refined contrast of bitterness and sweetness, and a remarkable balance between aged slivovitz and medicinal herbs.\nIdeal for enjoying every day!<\/p>","protected":false},"excerpt":{"rendered":"<h2><strong>Neto: 1 l \/ Alk: 40,0% vol.<\/strong><\/h2>\n<p>Thousands of years of traditional medicine and our centuries-old rakija-making heritage come together in this exceptional herbal rakija, created through double distillation of the finest plum varieties, with the addition of 20 carefully selected medicinal herbs from Mount Tara \u2014 most notably yarrow, centaury, mint, wormwood, and sage.\nCrafted according to our original recipe, \"Travarica\" opens in the glass with a lavish bouquet of mountain herbs. It is marked by a refined contrast of bitterness and sweetness, and a remarkable balance between aged slivovitz and medicinal herbs.\nIdeal for enjoying every day!<\/p>","protected":false},"featured_media":28812,"template":"","meta":[],"product_brand":[],"product_cat":[76],"product_tag":[84],"class_list":{"0":"post-27323","1":"product","2":"type-product","3":"status-publish","4":"has-post-thumbnail","6":"product_cat-tradicionalne","7":"product_tag-sljiva","9":"first","10":"instock","11":"shipping-taxable","12":"purchasable","13":"product-type-variable"},"yoast_head":"<!-- This site is optimized with the Yoast SEO plugin v27.1.1 - https:\/\/yoast.com\/product\/yoast-seo-wordpress\/ -->\n<title>TRAVARICA - Destilerija BB Klekova\u010da<\/title>\n<meta name=\"robots\" content=\"index, follow, max-snippet:-1, max-image-preview:large, max-video-preview:-1\" \/>\n<link rel=\"canonical\" href=\"https:\/\/bbklekovaca.rs\/en\/product\/travarica\/\" \/>\n<meta property=\"og:locale\" content=\"en_GB\" \/>\n<meta property=\"og:type\" content=\"article\" \/>\n<meta property=\"og:title\" content=\"TRAVARICA - Destilerija BB Klekova\u010da\" \/>\n<meta property=\"og:description\" content=\"Neto: 1 l \/ Alk: 40,0% vol. Hiljade godina istorije narodne medicine i na\u0161a vi\u0161evekovna tradicija proizvodnje rakije spojeni su u ovoj vrhunskoj travarici koja je dobijena dvostrukom destilacijom najboljih sorti \u0161ljiva, uz dodavanje \u010dak 20 pa\u017eljivo odabranih lekovitih biljaka sa Tare, me\u0111u kojima dominiraju: hajdu\u010dica, ki\u010dica, nana, pelin i \u017ealfija. Travarica nastaje po na\u0161oj originalnoj recepturi, u \u010da\u0161i se otvara kao rasko\u0161an buke planinskih trava. Odlikuje se prefinjenim kontrastom slasti i oporosti, i izuzetnim balansom u savr\u0161enom spoju odle\u017eale prepe\u010denice i lekovitog bilja. Za \u010da\u0161icu svakog dana!\" \/>\n<meta property=\"og:url\" content=\"https:\/\/bbklekovaca.rs\/en\/product\/travarica\/\" \/>\n<meta property=\"og:site_name\" content=\"Destilerija BB Klekova\u010da\" \/>\n<meta property=\"article:publisher\" content=\"https:\/\/www.facebook.com\/bbklekovaca\" \/>\n<meta property=\"article:modified_time\" content=\"2026-01-22T11:26:37+00:00\" \/>\n<meta property=\"og:image\" content=\"https:\/\/bbklekovaca.rs\/wp-content\/uploads\/2024\/06\/TRAVARICA20.jpg\" \/>\n\t<meta property=\"og:image:width\" content=\"1313\" \/>\n\t<meta property=\"og:image:height\" content=\"1500\" \/>\n\t<meta property=\"og:image:type\" content=\"image\/jpeg\" \/>\n<meta name=\"twitter:card\" content=\"summary_large_image\" \/>\n<meta name=\"twitter:label1\" content=\"Estimated reading time\" \/>\n\t<meta name=\"twitter:data1\" content=\"1 minute\" \/>\n<script type=\"application\/ld+json\" class=\"yoast-schema-graph\">{\"@context\":\"https:\/\/schema.org\",\"@graph\":[{\"@type\":\"WebPage\",\"@id\":\"https:\/\/bbklekovaca.rs\/product\/travarica\/\",\"url\":\"https:\/\/bbklekovaca.rs\/product\/travarica\/\",\"name\":\"TRAVARICA - Destilerija BB Klekova\u010da\",\"isPartOf\":{\"@id\":\"https:\/\/bbklekovaca.rs\/#website\"},\"primaryImageOfPage\":{\"@id\":\"https:\/\/bbklekovaca.rs\/product\/travarica\/#primaryimage\"},\"image\":{\"@id\":\"https:\/\/bbklekovaca.rs\/product\/travarica\/#primaryimage\"},\"thumbnailUrl\":\"https:\/\/bbklekovaca.rs\/wp-content\/uploads\/2024\/06\/TRAVARICA20.jpg\",\"datePublished\":\"2024-06-10T14:59:34+00:00\",\"dateModified\":\"2026-01-22T11:26:37+00:00\",\"breadcrumb\":{\"@id\":\"https:\/\/bbklekovaca.rs\/product\/travarica\/#breadcrumb\"},\"inLanguage\":\"en-GB\",\"potentialAction\":[{\"@type\":\"ReadAction\",\"target\":[\"https:\/\/bbklekovaca.rs\/product\/travarica\/\"]}]},{\"@type\":\"ImageObject\",\"inLanguage\":\"en-GB\",\"@id\":\"https:\/\/bbklekovaca.rs\/product\/travarica\/#primaryimage\",\"url\":\"https:\/\/bbklekovaca.rs\/wp-content\/uploads\/2024\/06\/TRAVARICA20.jpg\",\"contentUrl\":\"https:\/\/bbklekovaca.rs\/wp-content\/uploads\/2024\/06\/TRAVARICA20.jpg\",\"width\":1313,\"height\":1500},{\"@type\":\"BreadcrumbList\",\"@id\":\"https:\/\/bbklekovaca.rs\/product\/travarica\/#breadcrumb\",\"itemListElement\":[{\"@type\":\"ListItem\",\"position\":1,\"name\":\"Po\u010detna\",\"item\":\"https:\/\/bbklekovaca.rs\/\"},{\"@type\":\"ListItem\",\"position\":2,\"name\":\"Prodavnica\",\"item\":\"https:\/\/bbklekovaca.rs\/shop\/\"},{\"@type\":\"ListItem\",\"position\":3,\"name\":\"TRAVARICA\"}]},{\"@type\":\"WebSite\",\"@id\":\"https:\/\/bbklekovaca.rs\/#website\",\"url\":\"https:\/\/bbklekovaca.rs\/\",\"name\":\"Destilerija BB Klekova\u010da\",\"description\":\"Srce Drine, du\u0161a Tare\",\"publisher\":{\"@id\":\"https:\/\/bbklekovaca.rs\/#organization\"},\"potentialAction\":[{\"@type\":\"SearchAction\",\"target\":{\"@type\":\"EntryPoint\",\"urlTemplate\":\"https:\/\/bbklekovaca.rs\/?s={search_term_string}\"},\"query-input\":{\"@type\":\"PropertyValueSpecification\",\"valueRequired\":true,\"valueName\":\"search_term_string\"}}],\"inLanguage\":\"en-GB\"},{\"@type\":\"Organization\",\"@id\":\"https:\/\/bbklekovaca.rs\/#organization\",\"name\":\"BB Klekova\u010da d.o.o. Bajina Ba\u0161ta\",\"alternateName\":\"BB Klekova\u010da\",\"url\":\"https:\/\/bbklekovaca.rs\/\",\"logo\":{\"@type\":\"ImageObject\",\"inLanguage\":\"en-GB\",\"@id\":\"https:\/\/bbklekovaca.rs\/#\/schema\/logo\/image\/\",\"url\":\"https:\/\/bbklekovaca.rs\/wp-content\/uploads\/2024\/06\/logo1.png\",\"contentUrl\":\"https:\/\/bbklekovaca.rs\/wp-content\/uploads\/2024\/06\/logo1.png\",\"width\":1080,\"height\":1080,\"caption\":\"BB Klekova\u010da d.o.o. Bajina Ba\u0161ta\"},\"image\":{\"@id\":\"https:\/\/bbklekovaca.rs\/#\/schema\/logo\/image\/\"},\"sameAs\":[\"https:\/\/www.facebook.com\/bbklekovaca\",\"https:\/\/instagram.com\/bb.klekovaca\"]}]}<\/script>\n<!-- \/ Yoast SEO plugin. -->","yoast_head_json":{"title":"TRAVARICA - Destilerija BB Klekova\u010da","robots":{"index":"index","follow":"follow","max-snippet":"max-snippet:-1","max-image-preview":"max-image-preview:large","max-video-preview":"max-video-preview:-1"},"canonical":"https:\/\/bbklekovaca.rs\/en\/product\/travarica\/","og_locale":"en_GB","og_type":"article","og_title":"TRAVARICA - Destilerija BB Klekova\u010da","og_description":"Neto: 1 l \/ Alk: 40,0% vol. Hiljade godina istorije narodne medicine i na\u0161a vi\u0161evekovna tradicija proizvodnje rakije spojeni su u ovoj vrhunskoj travarici koja je dobijena dvostrukom destilacijom najboljih sorti \u0161ljiva, uz dodavanje \u010dak 20 pa\u017eljivo odabranih lekovitih biljaka sa Tare, me\u0111u kojima dominiraju: hajdu\u010dica, ki\u010dica, nana, pelin i \u017ealfija. Travarica nastaje po na\u0161oj originalnoj recepturi, u \u010da\u0161i se otvara kao rasko\u0161an buke planinskih trava. Odlikuje se prefinjenim kontrastom slasti i oporosti, i izuzetnim balansom u savr\u0161enom spoju odle\u017eale prepe\u010denice i lekovitog bilja. Za \u010da\u0161icu svakog dana!","og_url":"https:\/\/bbklekovaca.rs\/en\/product\/travarica\/","og_site_name":"Destilerija BB Klekova\u010da","article_publisher":"https:\/\/www.facebook.com\/bbklekovaca","article_modified_time":"2026-01-22T11:26:37+00:00","og_image":[{"width":1313,"height":1500,"url":"https:\/\/bbklekovaca.rs\/wp-content\/uploads\/2024\/06\/TRAVARICA20.jpg","type":"image\/jpeg"}],"twitter_card":"summary_large_image","twitter_misc":{"Estimated reading time":"1 minute"},"schema":{"@context":"https:\/\/schema.org","@graph":[{"@type":"WebPage","@id":"https:\/\/bbklekovaca.rs\/product\/travarica\/","url":"https:\/\/bbklekovaca.rs\/product\/travarica\/","name":"TRAVARICA - Destilerija BB Klekova\u010da","isPartOf":{"@id":"https:\/\/bbklekovaca.rs\/#website"},"primaryImageOfPage":{"@id":"https:\/\/bbklekovaca.rs\/product\/travarica\/#primaryimage"},"image":{"@id":"https:\/\/bbklekovaca.rs\/product\/travarica\/#primaryimage"},"thumbnailUrl":"https:\/\/bbklekovaca.rs\/wp-content\/uploads\/2024\/06\/TRAVARICA20.jpg","datePublished":"2024-06-10T14:59:34+00:00","dateModified":"2026-01-22T11:26:37+00:00","breadcrumb":{"@id":"https:\/\/bbklekovaca.rs\/product\/travarica\/#breadcrumb"},"inLanguage":"en-GB","potentialAction":[{"@type":"ReadAction","target":["https:\/\/bbklekovaca.rs\/product\/travarica\/"]}]},{"@type":"ImageObject","inLanguage":"en-GB","@id":"https:\/\/bbklekovaca.rs\/product\/travarica\/#primaryimage","url":"https:\/\/bbklekovaca.rs\/wp-content\/uploads\/2024\/06\/TRAVARICA20.jpg","contentUrl":"https:\/\/bbklekovaca.rs\/wp-content\/uploads\/2024\/06\/TRAVARICA20.jpg","width":1313,"height":1500},{"@type":"BreadcrumbList","@id":"https:\/\/bbklekovaca.rs\/product\/travarica\/#breadcrumb","itemListElement":[{"@type":"ListItem","position":1,"name":"Po\u010detna","item":"https:\/\/bbklekovaca.rs\/"},{"@type":"ListItem","position":2,"name":"Prodavnica","item":"https:\/\/bbklekovaca.rs\/shop\/"},{"@type":"ListItem","position":3,"name":"TRAVARICA"}]},{"@type":"WebSite","@id":"https:\/\/bbklekovaca.rs\/#website","url":"https:\/\/bbklekovaca.rs\/","name":"Destilerija BB Klekova\u010da","description":"Heart of Drina, Soul of Tara","publisher":{"@id":"https:\/\/bbklekovaca.rs\/#organization"},"potentialAction":[{"@type":"SearchAction","target":{"@type":"EntryPoint","urlTemplate":"https:\/\/bbklekovaca.rs\/?s={search_term_string}"},"query-input":{"@type":"PropertyValueSpecification","valueRequired":true,"valueName":"search_term_string"}}],"inLanguage":"en-GB"},{"@type":"Organization","@id":"https:\/\/bbklekovaca.rs\/#organization","name":"BB Klekova\u010da d.o.o. Bajina Ba\u0161ta","alternateName":"BB Klekova\u010da","url":"https:\/\/bbklekovaca.rs\/","logo":{"@type":"ImageObject","inLanguage":"en-GB","@id":"https:\/\/bbklekovaca.rs\/#\/schema\/logo\/image\/","url":"https:\/\/bbklekovaca.rs\/wp-content\/uploads\/2024\/06\/logo1.png","contentUrl":"https:\/\/bbklekovaca.rs\/wp-content\/uploads\/2024\/06\/logo1.png","width":1080,"height":1080,"caption":"BB Klekova\u010da d.o.o. Bajina Ba\u0161ta"},"image":{"@id":"https:\/\/bbklekovaca.rs\/#\/schema\/logo\/image\/"},"sameAs":["https:\/\/www.facebook.com\/bbklekovaca","https:\/\/instagram.com\/bb.klekovaca"]}]}},"_links":{"self":[{"href":"https:\/\/bbklekovaca.rs\/en\/wp-json\/wp\/v2\/product\/27323","targetHints":{"allow":["GET"]}}],"collection":[{"href":"https:\/\/bbklekovaca.rs\/en\/wp-json\/wp\/v2\/product"}],"about":[{"href":"https:\/\/bbklekovaca.rs\/en\/wp-json\/wp\/v2\/types\/product"}],"version-history":[{"count":2,"href":"https:\/\/bbklekovaca.rs\/en\/wp-json\/wp\/v2\/product\/27323\/revisions"}],"predecessor-version":[{"id":28940,"href":"https:\/\/bbklekovaca.rs\/en\/wp-json\/wp\/v2\/product\/27323\/revisions\/28940"}],"wp:featuredmedia":[{"embeddable":true,"href":"https:\/\/bbklekovaca.rs\/en\/wp-json\/wp\/v2\/media\/28812"}],"wp:attachment":[{"href":"https:\/\/bbklekovaca.rs\/en\/wp-json\/wp\/v2\/media?parent=27323"}],"wp:term":[{"taxonomy":"product_brand","embeddable":true,"href":"https:\/\/bbklekovaca.rs\/en\/wp-json\/wp\/v2\/product_brand?post=27323"},{"taxonomy":"product_cat","embeddable":true,"href":"https:\/\/bbklekovaca.rs\/en\/wp-json\/wp\/v2\/product_cat?post=27323"},{"taxonomy":"product_tag","embeddable":true,"href":"https:\/\/bbklekovaca.rs\/en\/wp-json\/wp\/v2\/product_tag?post=27323"}],"curies":[{"name":"wp","href":"https:\/\/api.w.org\/{rel}","templated":true}]}}