{"id":27317,"date":"2024-06-10T17:58:14","date_gmt":"2024-06-10T15:58:14","guid":{"rendered":"https:\/\/bbklekovaca.rs\/?post_type=product&#038;p=27317"},"modified":"2026-01-22T15:07:50","modified_gmt":"2026-01-22T14:07:50","slug":"tica","status":"publish","type":"product","link":"https:\/\/bbklekovaca.rs\/en\/product\/tica\/","title":{"rendered":"TICA"},"content":{"rendered":"<p><strong>Neto: 0.7 l \/ Alk: <\/strong><strong>40,0% vol.<\/strong><\/p>\n<p>Our unique terroir, long history and heritage, the full scope of our knowledge and craftsmanship, and the finest distillates of our distillery \u2014 all of it is infused into \"Tica,\" rakija that unites the intense, refreshing pine notes of juniper berries with the depth and elegance of the finest double-distilled slivovitz, crowned with a delicate touch of noble oak.<\/p>\n<p><em>Strictly limited edition: 1,000 bottles annually<\/em><\/p>","protected":false},"excerpt":{"rendered":"<h2><strong>Neto: 0.7 l \/ Alk: 40,0% vol.<\/strong><\/h2>\n<p>Our unique terroir, long history and heritage, the full scope of our knowledge and craftsmanship, and the finest distillates of our distillery \u2014 all of it is infused into \"Tica,\" rakija that unites the intense, refreshing pine notes of juniper berries with the depth and elegance of the finest double-distilled slivovitz, crowned with a delicate touch of noble oak.<\/p>\n<p><em>Strictly limited edition: 1,000 bottles annually<\/em><\/p>","protected":false},"featured_media":28788,"template":"","meta":[],"product_brand":[],"product_cat":[75,74],"product_tag":[85,84],"class_list":{"0":"post-27317","1":"product","2":"type-product","3":"status-publish","4":"has-post-thumbnail","6":"product_cat-klekovace","7":"product_cat-limited","8":"product_tag-kleka","9":"product_tag-sljiva","11":"first","12":"instock","13":"shipping-taxable","14":"purchasable","15":"product-type-variable"},"yoast_head":"<!-- This site is optimized with the Yoast SEO plugin v27.1.1 - https:\/\/yoast.com\/product\/yoast-seo-wordpress\/ -->\n<title>TICA - Destilerija BB Klekova\u010da<\/title>\n<meta name=\"robots\" content=\"index, follow, max-snippet:-1, max-image-preview:large, max-video-preview:-1\" \/>\n<link rel=\"canonical\" href=\"https:\/\/bbklekovaca.rs\/en\/product\/tica\/\" \/>\n<meta property=\"og:locale\" content=\"en_GB\" \/>\n<meta property=\"og:type\" content=\"article\" \/>\n<meta property=\"og:title\" content=\"TICA - Destilerija BB Klekova\u010da\" \/>\n<meta property=\"og:description\" content=\"Neto: 0.7 l \/ Alk: 40,0% vol. Na\u0161e jedinstveno podneblje, na\u0161a duga istorija i tradicija, sva na\u0161a ume\u0107a i znanja i najbolji destilati legendarne BB Klekova\u010de preto\u010deni su u rakiju Tica, koja u sebi spaja intenzivne i osve\u017eavaju\u0107e \u010detinarske tonove kleke i puno\u0107u i eleganciju najboljih \u0161ljivovih prepe\u010denica, sa finom patinom plemenite hrastovine.  Strogo ograni\u010dena serija: 1.000 boca\" \/>\n<meta property=\"og:url\" content=\"https:\/\/bbklekovaca.rs\/en\/product\/tica\/\" \/>\n<meta property=\"og:site_name\" content=\"Destilerija BB Klekova\u010da\" \/>\n<meta property=\"article:publisher\" content=\"https:\/\/www.facebook.com\/bbklekovaca\" \/>\n<meta property=\"article:modified_time\" content=\"2026-01-22T14:07:50+00:00\" \/>\n<meta property=\"og:image\" content=\"https:\/\/bbklekovaca.rs\/wp-content\/uploads\/2024\/06\/TICA-KLEKA.jpg\" \/>\n\t<meta property=\"og:image:width\" content=\"1313\" \/>\n\t<meta property=\"og:image:height\" content=\"1500\" \/>\n\t<meta property=\"og:image:type\" content=\"image\/jpeg\" \/>\n<meta name=\"twitter:card\" content=\"summary_large_image\" \/>\n<meta name=\"twitter:label1\" content=\"Estimated reading time\" \/>\n\t<meta name=\"twitter:data1\" content=\"1 minute\" \/>\n<script type=\"application\/ld+json\" class=\"yoast-schema-graph\">{\"@context\":\"https:\/\/schema.org\",\"@graph\":[{\"@type\":\"WebPage\",\"@id\":\"https:\/\/bbklekovaca.rs\/product\/tica\/\",\"url\":\"https:\/\/bbklekovaca.rs\/product\/tica\/\",\"name\":\"TICA - Destilerija BB Klekova\u010da\",\"isPartOf\":{\"@id\":\"https:\/\/bbklekovaca.rs\/#website\"},\"primaryImageOfPage\":{\"@id\":\"https:\/\/bbklekovaca.rs\/product\/tica\/#primaryimage\"},\"image\":{\"@id\":\"https:\/\/bbklekovaca.rs\/product\/tica\/#primaryimage\"},\"thumbnailUrl\":\"https:\/\/bbklekovaca.rs\/wp-content\/uploads\/2024\/06\/TICA-KLEKA.jpg\",\"datePublished\":\"2024-06-10T15:58:14+00:00\",\"dateModified\":\"2026-01-22T14:07:50+00:00\",\"breadcrumb\":{\"@id\":\"https:\/\/bbklekovaca.rs\/product\/tica\/#breadcrumb\"},\"inLanguage\":\"en-GB\",\"potentialAction\":[{\"@type\":\"ReadAction\",\"target\":[\"https:\/\/bbklekovaca.rs\/product\/tica\/\"]}]},{\"@type\":\"ImageObject\",\"inLanguage\":\"en-GB\",\"@id\":\"https:\/\/bbklekovaca.rs\/product\/tica\/#primaryimage\",\"url\":\"https:\/\/bbklekovaca.rs\/wp-content\/uploads\/2024\/06\/TICA-KLEKA.jpg\",\"contentUrl\":\"https:\/\/bbklekovaca.rs\/wp-content\/uploads\/2024\/06\/TICA-KLEKA.jpg\",\"width\":1313,\"height\":1500},{\"@type\":\"BreadcrumbList\",\"@id\":\"https:\/\/bbklekovaca.rs\/product\/tica\/#breadcrumb\",\"itemListElement\":[{\"@type\":\"ListItem\",\"position\":1,\"name\":\"Po\u010detna\",\"item\":\"https:\/\/bbklekovaca.rs\/\"},{\"@type\":\"ListItem\",\"position\":2,\"name\":\"Prodavnica\",\"item\":\"https:\/\/bbklekovaca.rs\/shop\/\"},{\"@type\":\"ListItem\",\"position\":3,\"name\":\"TICA\"}]},{\"@type\":\"WebSite\",\"@id\":\"https:\/\/bbklekovaca.rs\/#website\",\"url\":\"https:\/\/bbklekovaca.rs\/\",\"name\":\"Destilerija BB Klekova\u010da\",\"description\":\"Srce Drine, du\u0161a Tare\",\"publisher\":{\"@id\":\"https:\/\/bbklekovaca.rs\/#organization\"},\"potentialAction\":[{\"@type\":\"SearchAction\",\"target\":{\"@type\":\"EntryPoint\",\"urlTemplate\":\"https:\/\/bbklekovaca.rs\/?s={search_term_string}\"},\"query-input\":{\"@type\":\"PropertyValueSpecification\",\"valueRequired\":true,\"valueName\":\"search_term_string\"}}],\"inLanguage\":\"en-GB\"},{\"@type\":\"Organization\",\"@id\":\"https:\/\/bbklekovaca.rs\/#organization\",\"name\":\"BB Klekova\u010da d.o.o. Bajina Ba\u0161ta\",\"alternateName\":\"BB Klekova\u010da\",\"url\":\"https:\/\/bbklekovaca.rs\/\",\"logo\":{\"@type\":\"ImageObject\",\"inLanguage\":\"en-GB\",\"@id\":\"https:\/\/bbklekovaca.rs\/#\/schema\/logo\/image\/\",\"url\":\"https:\/\/bbklekovaca.rs\/wp-content\/uploads\/2024\/06\/logo1.png\",\"contentUrl\":\"https:\/\/bbklekovaca.rs\/wp-content\/uploads\/2024\/06\/logo1.png\",\"width\":1080,\"height\":1080,\"caption\":\"BB Klekova\u010da d.o.o. Bajina Ba\u0161ta\"},\"image\":{\"@id\":\"https:\/\/bbklekovaca.rs\/#\/schema\/logo\/image\/\"},\"sameAs\":[\"https:\/\/www.facebook.com\/bbklekovaca\",\"https:\/\/instagram.com\/bb.klekovaca\"]}]}<\/script>\n<!-- \/ Yoast SEO plugin. -->","yoast_head_json":{"title":"TICA - Destilerija BB Klekova\u010da","robots":{"index":"index","follow":"follow","max-snippet":"max-snippet:-1","max-image-preview":"max-image-preview:large","max-video-preview":"max-video-preview:-1"},"canonical":"https:\/\/bbklekovaca.rs\/en\/product\/tica\/","og_locale":"en_GB","og_type":"article","og_title":"TICA - Destilerija BB Klekova\u010da","og_description":"Neto: 0.7 l \/ Alk: 40,0% vol. Na\u0161e jedinstveno podneblje, na\u0161a duga istorija i tradicija, sva na\u0161a ume\u0107a i znanja i najbolji destilati legendarne BB Klekova\u010de preto\u010deni su u rakiju Tica, koja u sebi spaja intenzivne i osve\u017eavaju\u0107e \u010detinarske tonove kleke i puno\u0107u i eleganciju najboljih \u0161ljivovih prepe\u010denica, sa finom patinom plemenite hrastovine.  Strogo ograni\u010dena serija: 1.000 boca","og_url":"https:\/\/bbklekovaca.rs\/en\/product\/tica\/","og_site_name":"Destilerija BB Klekova\u010da","article_publisher":"https:\/\/www.facebook.com\/bbklekovaca","article_modified_time":"2026-01-22T14:07:50+00:00","og_image":[{"width":1313,"height":1500,"url":"https:\/\/bbklekovaca.rs\/wp-content\/uploads\/2024\/06\/TICA-KLEKA.jpg","type":"image\/jpeg"}],"twitter_card":"summary_large_image","twitter_misc":{"Estimated reading time":"1 minute"},"schema":{"@context":"https:\/\/schema.org","@graph":[{"@type":"WebPage","@id":"https:\/\/bbklekovaca.rs\/product\/tica\/","url":"https:\/\/bbklekovaca.rs\/product\/tica\/","name":"TICA - Destilerija BB Klekova\u010da","isPartOf":{"@id":"https:\/\/bbklekovaca.rs\/#website"},"primaryImageOfPage":{"@id":"https:\/\/bbklekovaca.rs\/product\/tica\/#primaryimage"},"image":{"@id":"https:\/\/bbklekovaca.rs\/product\/tica\/#primaryimage"},"thumbnailUrl":"https:\/\/bbklekovaca.rs\/wp-content\/uploads\/2024\/06\/TICA-KLEKA.jpg","datePublished":"2024-06-10T15:58:14+00:00","dateModified":"2026-01-22T14:07:50+00:00","breadcrumb":{"@id":"https:\/\/bbklekovaca.rs\/product\/tica\/#breadcrumb"},"inLanguage":"en-GB","potentialAction":[{"@type":"ReadAction","target":["https:\/\/bbklekovaca.rs\/product\/tica\/"]}]},{"@type":"ImageObject","inLanguage":"en-GB","@id":"https:\/\/bbklekovaca.rs\/product\/tica\/#primaryimage","url":"https:\/\/bbklekovaca.rs\/wp-content\/uploads\/2024\/06\/TICA-KLEKA.jpg","contentUrl":"https:\/\/bbklekovaca.rs\/wp-content\/uploads\/2024\/06\/TICA-KLEKA.jpg","width":1313,"height":1500},{"@type":"BreadcrumbList","@id":"https:\/\/bbklekovaca.rs\/product\/tica\/#breadcrumb","itemListElement":[{"@type":"ListItem","position":1,"name":"Po\u010detna","item":"https:\/\/bbklekovaca.rs\/"},{"@type":"ListItem","position":2,"name":"Prodavnica","item":"https:\/\/bbklekovaca.rs\/shop\/"},{"@type":"ListItem","position":3,"name":"TICA"}]},{"@type":"WebSite","@id":"https:\/\/bbklekovaca.rs\/#website","url":"https:\/\/bbklekovaca.rs\/","name":"Destilerija BB Klekova\u010da","description":"Heart of Drina, Soul of Tara","publisher":{"@id":"https:\/\/bbklekovaca.rs\/#organization"},"potentialAction":[{"@type":"SearchAction","target":{"@type":"EntryPoint","urlTemplate":"https:\/\/bbklekovaca.rs\/?s={search_term_string}"},"query-input":{"@type":"PropertyValueSpecification","valueRequired":true,"valueName":"search_term_string"}}],"inLanguage":"en-GB"},{"@type":"Organization","@id":"https:\/\/bbklekovaca.rs\/#organization","name":"BB Klekova\u010da d.o.o. Bajina Ba\u0161ta","alternateName":"BB Klekova\u010da","url":"https:\/\/bbklekovaca.rs\/","logo":{"@type":"ImageObject","inLanguage":"en-GB","@id":"https:\/\/bbklekovaca.rs\/#\/schema\/logo\/image\/","url":"https:\/\/bbklekovaca.rs\/wp-content\/uploads\/2024\/06\/logo1.png","contentUrl":"https:\/\/bbklekovaca.rs\/wp-content\/uploads\/2024\/06\/logo1.png","width":1080,"height":1080,"caption":"BB Klekova\u010da d.o.o. Bajina Ba\u0161ta"},"image":{"@id":"https:\/\/bbklekovaca.rs\/#\/schema\/logo\/image\/"},"sameAs":["https:\/\/www.facebook.com\/bbklekovaca","https:\/\/instagram.com\/bb.klekovaca"]}]}},"_links":{"self":[{"href":"https:\/\/bbklekovaca.rs\/en\/wp-json\/wp\/v2\/product\/27317","targetHints":{"allow":["GET"]}}],"collection":[{"href":"https:\/\/bbklekovaca.rs\/en\/wp-json\/wp\/v2\/product"}],"about":[{"href":"https:\/\/bbklekovaca.rs\/en\/wp-json\/wp\/v2\/types\/product"}],"version-history":[{"count":1,"href":"https:\/\/bbklekovaca.rs\/en\/wp-json\/wp\/v2\/product\/27317\/revisions"}],"predecessor-version":[{"id":28789,"href":"https:\/\/bbklekovaca.rs\/en\/wp-json\/wp\/v2\/product\/27317\/revisions\/28789"}],"wp:featuredmedia":[{"embeddable":true,"href":"https:\/\/bbklekovaca.rs\/en\/wp-json\/wp\/v2\/media\/28788"}],"wp:attachment":[{"href":"https:\/\/bbklekovaca.rs\/en\/wp-json\/wp\/v2\/media?parent=27317"}],"wp:term":[{"taxonomy":"product_brand","embeddable":true,"href":"https:\/\/bbklekovaca.rs\/en\/wp-json\/wp\/v2\/product_brand?post=27317"},{"taxonomy":"product_cat","embeddable":true,"href":"https:\/\/bbklekovaca.rs\/en\/wp-json\/wp\/v2\/product_cat?post=27317"},{"taxonomy":"product_tag","embeddable":true,"href":"https:\/\/bbklekovaca.rs\/en\/wp-json\/wp\/v2\/product_tag?post=27317"}],"curies":[{"name":"wp","href":"https:\/\/api.w.org\/{rel}","templated":true}]}}