{"id":27314,"date":"2024-06-12T17:08:01","date_gmt":"2024-06-12T15:08:01","guid":{"rendered":"https:\/\/bbklekovaca.rs\/?post_type=product&#038;p=27314"},"modified":"2025-09-26T12:12:06","modified_gmt":"2025-09-26T10:12:06","slug":"stari-vinjak-xo","status":"publish","type":"product","link":"https:\/\/bbklekovaca.rs\/en\/product\/stari-vinjak-xo\/","title":{"rendered":"STARI VINJAK XO"},"content":{"rendered":"<p><strong>Neto: 0,7 l \/ Alk: <\/strong><strong>40,0% vol.<\/strong><\/p>\n<p>After 10 years of aging in carefully selected Serbian oak barrels from Mount Go\u010d, this Serbian grape brandy \u2014 crafted from 10 premium grape varieties \u2014 offers a spectacular celebration for all the senses.\nIts opulent bouquet reveals notes of chocolate, coffee, rum-soaked bars, and coconut, uplifted by vibrant and remarkably refreshing floral tones.<\/p>\n<p>With a rich, velvety texture and an incredibly complex finish that lingers, it pairs beautifully with aged cheeses, dark chocolate, and fine cigars.\n\"BB Stari Vinjak XO\" is a refined spirit \u2014 one you\u2019ll never forget.<\/p>\n<p><em>Strictly limited edition: 2,000 bottles annually<\/em><\/p>","protected":false},"excerpt":{"rendered":"<h2><strong>Neto: 0.7 l \/ Alk: 40,0% vol.<\/strong><\/h2>\n<p>After 10 years of aging in carefully selected Serbian oak barrels from Mount Go\u010d, this Serbian grape brandy \u2014 crafted from 10 premium grape varieties \u2014 offers a spectacular celebration for all the senses.\nIts opulent bouquet reveals notes of chocolate, coffee, rum-soaked bars, and coconut, uplifted by vibrant and remarkably refreshing floral tones.<\/p>\n<p><em>Strictly limited edition: 2,000 bottles annually<\/em><\/p>","protected":false},"featured_media":28776,"template":"","meta":[],"product_brand":[],"product_cat":[74],"product_tag":[86],"class_list":{"0":"post-27314","1":"product","2":"type-product","3":"status-publish","4":"has-post-thumbnail","6":"product_cat-limited","7":"product_tag-grozdje","9":"first","10":"instock","11":"shipping-taxable","12":"purchasable","13":"product-type-simple"},"yoast_head":"<!-- This site is optimized with the Yoast SEO plugin v27.1.1 - https:\/\/yoast.com\/product\/yoast-seo-wordpress\/ -->\n<title>STARI VINJAK XO - Destilerija BB Klekova\u010da<\/title>\n<meta name=\"robots\" content=\"index, follow, max-snippet:-1, max-image-preview:large, max-video-preview:-1\" \/>\n<link rel=\"canonical\" href=\"https:\/\/bbklekovaca.rs\/en\/product\/stari-vinjak-xo\/\" \/>\n<meta property=\"og:locale\" content=\"en_GB\" \/>\n<meta property=\"og:type\" content=\"article\" \/>\n<meta property=\"og:title\" content=\"STARI VINJAK XO - Destilerija BB Klekova\u010da\" \/>\n<meta property=\"og:description\" content=\"Neto: 0.7 l \/ Alk: 40,0% vol. Posle 10 godina odle\u017eavanja u probranim buradima od srpskog hrasta sa Go\u010da, ovaj stari vinjak, sa\u010dinjen od 10 vrhunskih sorti gro\u017e\u0111a, donosi vam spektakularan praznik za sva \u010dula. U njegovom rasko\u0161nom bukeu prepozna\u0107ete \u010dokoladu, kafu, \u0161tanglice sa rumom i kokos, pra\u0107ene razigranim i izuzetno osve\u017eavaju\u0107im cvetnim tonovima.  Strogo ograni\u010dena serija: 2000 boca\" \/>\n<meta property=\"og:url\" content=\"https:\/\/bbklekovaca.rs\/en\/product\/stari-vinjak-xo\/\" \/>\n<meta property=\"og:site_name\" content=\"Destilerija BB Klekova\u010da\" \/>\n<meta property=\"article:publisher\" content=\"https:\/\/www.facebook.com\/bbklekovaca\" \/>\n<meta property=\"article:modified_time\" content=\"2025-09-26T10:12:06+00:00\" \/>\n<meta property=\"og:image\" content=\"https:\/\/bbklekovaca.rs\/wp-content\/uploads\/2024\/06\/STARI-VINJAK-1.jpg\" \/>\n\t<meta property=\"og:image:width\" content=\"1313\" \/>\n\t<meta property=\"og:image:height\" content=\"1500\" \/>\n\t<meta property=\"og:image:type\" content=\"image\/jpeg\" \/>\n<meta name=\"twitter:card\" content=\"summary_large_image\" \/>\n<meta name=\"twitter:label1\" content=\"Estimated reading time\" \/>\n\t<meta name=\"twitter:data1\" content=\"1 minute\" \/>\n<script type=\"application\/ld+json\" class=\"yoast-schema-graph\">{\"@context\":\"https:\/\/schema.org\",\"@graph\":[{\"@type\":\"WebPage\",\"@id\":\"https:\/\/bbklekovaca.rs\/product\/stari-vinjak-xo\/\",\"url\":\"https:\/\/bbklekovaca.rs\/product\/stari-vinjak-xo\/\",\"name\":\"STARI VINJAK XO - Destilerija BB Klekova\u010da\",\"isPartOf\":{\"@id\":\"https:\/\/bbklekovaca.rs\/#website\"},\"primaryImageOfPage\":{\"@id\":\"https:\/\/bbklekovaca.rs\/product\/stari-vinjak-xo\/#primaryimage\"},\"image\":{\"@id\":\"https:\/\/bbklekovaca.rs\/product\/stari-vinjak-xo\/#primaryimage\"},\"thumbnailUrl\":\"https:\/\/bbklekovaca.rs\/wp-content\/uploads\/2024\/06\/STARI-VINJAK-1.jpg\",\"datePublished\":\"2024-06-12T15:08:01+00:00\",\"dateModified\":\"2025-09-26T10:12:06+00:00\",\"breadcrumb\":{\"@id\":\"https:\/\/bbklekovaca.rs\/product\/stari-vinjak-xo\/#breadcrumb\"},\"inLanguage\":\"en-GB\",\"potentialAction\":[{\"@type\":\"ReadAction\",\"target\":[\"https:\/\/bbklekovaca.rs\/product\/stari-vinjak-xo\/\"]}]},{\"@type\":\"ImageObject\",\"inLanguage\":\"en-GB\",\"@id\":\"https:\/\/bbklekovaca.rs\/product\/stari-vinjak-xo\/#primaryimage\",\"url\":\"https:\/\/bbklekovaca.rs\/wp-content\/uploads\/2024\/06\/STARI-VINJAK-1.jpg\",\"contentUrl\":\"https:\/\/bbklekovaca.rs\/wp-content\/uploads\/2024\/06\/STARI-VINJAK-1.jpg\",\"width\":1313,\"height\":1500},{\"@type\":\"BreadcrumbList\",\"@id\":\"https:\/\/bbklekovaca.rs\/product\/stari-vinjak-xo\/#breadcrumb\",\"itemListElement\":[{\"@type\":\"ListItem\",\"position\":1,\"name\":\"Po\u010detna\",\"item\":\"https:\/\/bbklekovaca.rs\/\"},{\"@type\":\"ListItem\",\"position\":2,\"name\":\"Prodavnica\",\"item\":\"https:\/\/bbklekovaca.rs\/shop\/\"},{\"@type\":\"ListItem\",\"position\":3,\"name\":\"STARI VINJAK XO\"}]},{\"@type\":\"WebSite\",\"@id\":\"https:\/\/bbklekovaca.rs\/#website\",\"url\":\"https:\/\/bbklekovaca.rs\/\",\"name\":\"Destilerija BB Klekova\u010da\",\"description\":\"Srce Drine, du\u0161a Tare\",\"publisher\":{\"@id\":\"https:\/\/bbklekovaca.rs\/#organization\"},\"potentialAction\":[{\"@type\":\"SearchAction\",\"target\":{\"@type\":\"EntryPoint\",\"urlTemplate\":\"https:\/\/bbklekovaca.rs\/?s={search_term_string}\"},\"query-input\":{\"@type\":\"PropertyValueSpecification\",\"valueRequired\":true,\"valueName\":\"search_term_string\"}}],\"inLanguage\":\"en-GB\"},{\"@type\":\"Organization\",\"@id\":\"https:\/\/bbklekovaca.rs\/#organization\",\"name\":\"BB Klekova\u010da d.o.o. Bajina Ba\u0161ta\",\"alternateName\":\"BB Klekova\u010da\",\"url\":\"https:\/\/bbklekovaca.rs\/\",\"logo\":{\"@type\":\"ImageObject\",\"inLanguage\":\"en-GB\",\"@id\":\"https:\/\/bbklekovaca.rs\/#\/schema\/logo\/image\/\",\"url\":\"https:\/\/bbklekovaca.rs\/wp-content\/uploads\/2024\/06\/logo1.png\",\"contentUrl\":\"https:\/\/bbklekovaca.rs\/wp-content\/uploads\/2024\/06\/logo1.png\",\"width\":1080,\"height\":1080,\"caption\":\"BB Klekova\u010da d.o.o. Bajina Ba\u0161ta\"},\"image\":{\"@id\":\"https:\/\/bbklekovaca.rs\/#\/schema\/logo\/image\/\"},\"sameAs\":[\"https:\/\/www.facebook.com\/bbklekovaca\",\"https:\/\/instagram.com\/bb.klekovaca\"]}]}<\/script>\n<!-- \/ Yoast SEO plugin. -->","yoast_head_json":{"title":"STARI VINJAK XO - Destilerija BB Klekova\u010da","robots":{"index":"index","follow":"follow","max-snippet":"max-snippet:-1","max-image-preview":"max-image-preview:large","max-video-preview":"max-video-preview:-1"},"canonical":"https:\/\/bbklekovaca.rs\/en\/product\/stari-vinjak-xo\/","og_locale":"en_GB","og_type":"article","og_title":"STARI VINJAK XO - Destilerija BB Klekova\u010da","og_description":"Neto: 0.7 l \/ Alk: 40,0% vol. Posle 10 godina odle\u017eavanja u probranim buradima od srpskog hrasta sa Go\u010da, ovaj stari vinjak, sa\u010dinjen od 10 vrhunskih sorti gro\u017e\u0111a, donosi vam spektakularan praznik za sva \u010dula. U njegovom rasko\u0161nom bukeu prepozna\u0107ete \u010dokoladu, kafu, \u0161tanglice sa rumom i kokos, pra\u0107ene razigranim i izuzetno osve\u017eavaju\u0107im cvetnim tonovima.  Strogo ograni\u010dena serija: 2000 boca","og_url":"https:\/\/bbklekovaca.rs\/en\/product\/stari-vinjak-xo\/","og_site_name":"Destilerija BB Klekova\u010da","article_publisher":"https:\/\/www.facebook.com\/bbklekovaca","article_modified_time":"2025-09-26T10:12:06+00:00","og_image":[{"width":1313,"height":1500,"url":"https:\/\/bbklekovaca.rs\/wp-content\/uploads\/2024\/06\/STARI-VINJAK-1.jpg","type":"image\/jpeg"}],"twitter_card":"summary_large_image","twitter_misc":{"Estimated reading time":"1 minute"},"schema":{"@context":"https:\/\/schema.org","@graph":[{"@type":"WebPage","@id":"https:\/\/bbklekovaca.rs\/product\/stari-vinjak-xo\/","url":"https:\/\/bbklekovaca.rs\/product\/stari-vinjak-xo\/","name":"STARI VINJAK XO - Destilerija BB Klekova\u010da","isPartOf":{"@id":"https:\/\/bbklekovaca.rs\/#website"},"primaryImageOfPage":{"@id":"https:\/\/bbklekovaca.rs\/product\/stari-vinjak-xo\/#primaryimage"},"image":{"@id":"https:\/\/bbklekovaca.rs\/product\/stari-vinjak-xo\/#primaryimage"},"thumbnailUrl":"https:\/\/bbklekovaca.rs\/wp-content\/uploads\/2024\/06\/STARI-VINJAK-1.jpg","datePublished":"2024-06-12T15:08:01+00:00","dateModified":"2025-09-26T10:12:06+00:00","breadcrumb":{"@id":"https:\/\/bbklekovaca.rs\/product\/stari-vinjak-xo\/#breadcrumb"},"inLanguage":"en-GB","potentialAction":[{"@type":"ReadAction","target":["https:\/\/bbklekovaca.rs\/product\/stari-vinjak-xo\/"]}]},{"@type":"ImageObject","inLanguage":"en-GB","@id":"https:\/\/bbklekovaca.rs\/product\/stari-vinjak-xo\/#primaryimage","url":"https:\/\/bbklekovaca.rs\/wp-content\/uploads\/2024\/06\/STARI-VINJAK-1.jpg","contentUrl":"https:\/\/bbklekovaca.rs\/wp-content\/uploads\/2024\/06\/STARI-VINJAK-1.jpg","width":1313,"height":1500},{"@type":"BreadcrumbList","@id":"https:\/\/bbklekovaca.rs\/product\/stari-vinjak-xo\/#breadcrumb","itemListElement":[{"@type":"ListItem","position":1,"name":"Po\u010detna","item":"https:\/\/bbklekovaca.rs\/"},{"@type":"ListItem","position":2,"name":"Prodavnica","item":"https:\/\/bbklekovaca.rs\/shop\/"},{"@type":"ListItem","position":3,"name":"STARI VINJAK XO"}]},{"@type":"WebSite","@id":"https:\/\/bbklekovaca.rs\/#website","url":"https:\/\/bbklekovaca.rs\/","name":"Destilerija BB Klekova\u010da","description":"Heart of Drina, Soul of Tara","publisher":{"@id":"https:\/\/bbklekovaca.rs\/#organization"},"potentialAction":[{"@type":"SearchAction","target":{"@type":"EntryPoint","urlTemplate":"https:\/\/bbklekovaca.rs\/?s={search_term_string}"},"query-input":{"@type":"PropertyValueSpecification","valueRequired":true,"valueName":"search_term_string"}}],"inLanguage":"en-GB"},{"@type":"Organization","@id":"https:\/\/bbklekovaca.rs\/#organization","name":"BB Klekova\u010da d.o.o. Bajina Ba\u0161ta","alternateName":"BB Klekova\u010da","url":"https:\/\/bbklekovaca.rs\/","logo":{"@type":"ImageObject","inLanguage":"en-GB","@id":"https:\/\/bbklekovaca.rs\/#\/schema\/logo\/image\/","url":"https:\/\/bbklekovaca.rs\/wp-content\/uploads\/2024\/06\/logo1.png","contentUrl":"https:\/\/bbklekovaca.rs\/wp-content\/uploads\/2024\/06\/logo1.png","width":1080,"height":1080,"caption":"BB Klekova\u010da d.o.o. Bajina Ba\u0161ta"},"image":{"@id":"https:\/\/bbklekovaca.rs\/#\/schema\/logo\/image\/"},"sameAs":["https:\/\/www.facebook.com\/bbklekovaca","https:\/\/instagram.com\/bb.klekovaca"]}]}},"_links":{"self":[{"href":"https:\/\/bbklekovaca.rs\/en\/wp-json\/wp\/v2\/product\/27314","targetHints":{"allow":["GET"]}}],"collection":[{"href":"https:\/\/bbklekovaca.rs\/en\/wp-json\/wp\/v2\/product"}],"about":[{"href":"https:\/\/bbklekovaca.rs\/en\/wp-json\/wp\/v2\/types\/product"}],"version-history":[{"count":2,"href":"https:\/\/bbklekovaca.rs\/en\/wp-json\/wp\/v2\/product\/27314\/revisions"}],"predecessor-version":[{"id":29099,"href":"https:\/\/bbklekovaca.rs\/en\/wp-json\/wp\/v2\/product\/27314\/revisions\/29099"}],"wp:featuredmedia":[{"embeddable":true,"href":"https:\/\/bbklekovaca.rs\/en\/wp-json\/wp\/v2\/media\/28776"}],"wp:attachment":[{"href":"https:\/\/bbklekovaca.rs\/en\/wp-json\/wp\/v2\/media?parent=27314"}],"wp:term":[{"taxonomy":"product_brand","embeddable":true,"href":"https:\/\/bbklekovaca.rs\/en\/wp-json\/wp\/v2\/product_brand?post=27314"},{"taxonomy":"product_cat","embeddable":true,"href":"https:\/\/bbklekovaca.rs\/en\/wp-json\/wp\/v2\/product_cat?post=27314"},{"taxonomy":"product_tag","embeddable":true,"href":"https:\/\/bbklekovaca.rs\/en\/wp-json\/wp\/v2\/product_tag?post=27314"}],"curies":[{"name":"wp","href":"https:\/\/api.w.org\/{rel}","templated":true}]}}