{"id":27308,"date":"2024-06-10T17:50:56","date_gmt":"2024-06-10T15:50:56","guid":{"rendered":"https:\/\/bbklekovaca.rs\/?post_type=product&#038;p=27308"},"modified":"2025-09-26T12:11:27","modified_gmt":"2025-09-26T10:11:27","slug":"nijansa","status":"publish","type":"product","link":"https:\/\/bbklekovaca.rs\/en\/product\/nijansa\/","title":{"rendered":"NIJANSA"},"content":{"rendered":"<p><strong>Neto: 0,7 l \/ Alk: <\/strong><strong>40,0% vol.<\/strong><\/p>\n<p>A special rakija of exceptional quality, crafted through the separate fermentation and double distillation of premium raspberries and blackberries from the Bajina Ba\u0161ta region, then artfully blended using our original recipe.\nIt brings together the finest qualities of both fruits, enchanting with unique nuances of aroma and flavor, which inspired its name, \"Nijansa\" (The Nuance). This rakija boasts a distinct and refined character, rich in aromatic subtleties, with striking elegance, fruity freshness, and a remarkably long finish.<\/p>\n<p><em>Limited edition: 2,000 bottles annually<\/em><\/p>","protected":false},"excerpt":{"rendered":"<h2><strong>Neto: 0.7 l \/ Alk: 40,0% vol.<\/strong><\/h2>\n<p>A special rakija of exceptional quality, crafted through the separate fermentation and double distillation of premium raspberries and blackberries from the Bajina Ba\u0161ta region, then artfully blended using our original recipe.\nIt brings together the finest qualities of both fruits, enchanting with unique nuances of aroma and flavor, which inspired its name, \"Nijansa\" (The Nuance). This rakija boasts a distinct and refined character, rich in aromatic subtleties, with striking elegance, fruity freshness, and a remarkably long finish.<\/p>\n<p><em>Limited edition: 2,000 bottles annually<\/em><\/p>","protected":false},"featured_media":28792,"template":"","meta":[],"product_brand":[],"product_cat":[105,74],"product_tag":[88,87],"class_list":{"0":"post-27308","1":"product","2":"type-product","3":"status-publish","4":"has-post-thumbnail","6":"product_cat-specijalna","7":"product_cat-limited","8":"product_tag-kupina","9":"product_tag-malina","11":"first","12":"instock","13":"shipping-taxable","14":"purchasable","15":"product-type-simple"},"yoast_head":"<!-- This site is optimized with the Yoast SEO plugin v27.1.1 - https:\/\/yoast.com\/product\/yoast-seo-wordpress\/ -->\n<title>NIJANSA - Destilerija BB Klekova\u010da<\/title>\n<meta name=\"robots\" content=\"index, follow, max-snippet:-1, max-image-preview:large, max-video-preview:-1\" \/>\n<link rel=\"canonical\" href=\"https:\/\/bbklekovaca.rs\/en\/product\/nijansa\/\" \/>\n<meta property=\"og:locale\" content=\"en_GB\" \/>\n<meta property=\"og:type\" content=\"article\" \/>\n<meta property=\"og:title\" content=\"NIJANSA - Destilerija BB Klekova\u010da\" \/>\n<meta property=\"og:description\" content=\"Neto: 0.7 l \/ Alk: 40,0% vol. Specijalna rakija izuzetnog kvaliteta dobijena odvojenom fermentacijom i dvostrukom destilacijom vrhunske bajinoba\u0161tanske maline i kupine, a zatim kupa\u017eom probranih destilata \u2013 po na\u0161oj originalnoj recepturi. U sebi spaja najbolje odlike obe vrsta vo\u0107a i pleni jedinstvenim nijansama mirisa i ukusa, po kojima je i dobila ime. \u201eNijansa\u201c je rakija unikatnog karaktera, sa brojnim aromatskim finesama, upe\u010datljivom elegancijom, vo\u0107nom sve\u017einom i veoma dugom zavr\u0161nicom ukusa.  Ograni\u010dena serija: 2.000 boca\" \/>\n<meta property=\"og:url\" content=\"https:\/\/bbklekovaca.rs\/en\/product\/nijansa\/\" \/>\n<meta property=\"og:site_name\" content=\"Destilerija BB Klekova\u010da\" \/>\n<meta property=\"article:publisher\" content=\"https:\/\/www.facebook.com\/bbklekovaca\" \/>\n<meta property=\"article:modified_time\" content=\"2025-09-26T10:11:27+00:00\" \/>\n<meta property=\"og:image\" content=\"https:\/\/bbklekovaca.rs\/wp-content\/uploads\/2024\/06\/NIJANSA-KUPAZA.jpg\" \/>\n\t<meta property=\"og:image:width\" content=\"1313\" \/>\n\t<meta property=\"og:image:height\" content=\"1500\" \/>\n\t<meta property=\"og:image:type\" content=\"image\/jpeg\" \/>\n<meta name=\"twitter:card\" content=\"summary_large_image\" \/>\n<meta name=\"twitter:label1\" content=\"Estimated reading time\" \/>\n\t<meta name=\"twitter:data1\" content=\"1 minute\" \/>\n<script type=\"application\/ld+json\" class=\"yoast-schema-graph\">{\"@context\":\"https:\/\/schema.org\",\"@graph\":[{\"@type\":\"WebPage\",\"@id\":\"https:\/\/bbklekovaca.rs\/product\/nijansa\/\",\"url\":\"https:\/\/bbklekovaca.rs\/product\/nijansa\/\",\"name\":\"NIJANSA - Destilerija BB Klekova\u010da\",\"isPartOf\":{\"@id\":\"https:\/\/bbklekovaca.rs\/#website\"},\"primaryImageOfPage\":{\"@id\":\"https:\/\/bbklekovaca.rs\/product\/nijansa\/#primaryimage\"},\"image\":{\"@id\":\"https:\/\/bbklekovaca.rs\/product\/nijansa\/#primaryimage\"},\"thumbnailUrl\":\"https:\/\/bbklekovaca.rs\/wp-content\/uploads\/2024\/06\/NIJANSA-KUPAZA.jpg\",\"datePublished\":\"2024-06-10T15:50:56+00:00\",\"dateModified\":\"2025-09-26T10:11:27+00:00\",\"breadcrumb\":{\"@id\":\"https:\/\/bbklekovaca.rs\/product\/nijansa\/#breadcrumb\"},\"inLanguage\":\"en-GB\",\"potentialAction\":[{\"@type\":\"ReadAction\",\"target\":[\"https:\/\/bbklekovaca.rs\/product\/nijansa\/\"]}]},{\"@type\":\"ImageObject\",\"inLanguage\":\"en-GB\",\"@id\":\"https:\/\/bbklekovaca.rs\/product\/nijansa\/#primaryimage\",\"url\":\"https:\/\/bbklekovaca.rs\/wp-content\/uploads\/2024\/06\/NIJANSA-KUPAZA.jpg\",\"contentUrl\":\"https:\/\/bbklekovaca.rs\/wp-content\/uploads\/2024\/06\/NIJANSA-KUPAZA.jpg\",\"width\":1313,\"height\":1500},{\"@type\":\"BreadcrumbList\",\"@id\":\"https:\/\/bbklekovaca.rs\/product\/nijansa\/#breadcrumb\",\"itemListElement\":[{\"@type\":\"ListItem\",\"position\":1,\"name\":\"Po\u010detna\",\"item\":\"https:\/\/bbklekovaca.rs\/\"},{\"@type\":\"ListItem\",\"position\":2,\"name\":\"Prodavnica\",\"item\":\"https:\/\/bbklekovaca.rs\/shop\/\"},{\"@type\":\"ListItem\",\"position\":3,\"name\":\"NIJANSA\"}]},{\"@type\":\"WebSite\",\"@id\":\"https:\/\/bbklekovaca.rs\/#website\",\"url\":\"https:\/\/bbklekovaca.rs\/\",\"name\":\"Destilerija BB Klekova\u010da\",\"description\":\"Srce Drine, du\u0161a Tare\",\"publisher\":{\"@id\":\"https:\/\/bbklekovaca.rs\/#organization\"},\"potentialAction\":[{\"@type\":\"SearchAction\",\"target\":{\"@type\":\"EntryPoint\",\"urlTemplate\":\"https:\/\/bbklekovaca.rs\/?s={search_term_string}\"},\"query-input\":{\"@type\":\"PropertyValueSpecification\",\"valueRequired\":true,\"valueName\":\"search_term_string\"}}],\"inLanguage\":\"en-GB\"},{\"@type\":\"Organization\",\"@id\":\"https:\/\/bbklekovaca.rs\/#organization\",\"name\":\"BB Klekova\u010da d.o.o. Bajina Ba\u0161ta\",\"alternateName\":\"BB Klekova\u010da\",\"url\":\"https:\/\/bbklekovaca.rs\/\",\"logo\":{\"@type\":\"ImageObject\",\"inLanguage\":\"en-GB\",\"@id\":\"https:\/\/bbklekovaca.rs\/#\/schema\/logo\/image\/\",\"url\":\"https:\/\/bbklekovaca.rs\/wp-content\/uploads\/2024\/06\/logo1.png\",\"contentUrl\":\"https:\/\/bbklekovaca.rs\/wp-content\/uploads\/2024\/06\/logo1.png\",\"width\":1080,\"height\":1080,\"caption\":\"BB Klekova\u010da d.o.o. Bajina Ba\u0161ta\"},\"image\":{\"@id\":\"https:\/\/bbklekovaca.rs\/#\/schema\/logo\/image\/\"},\"sameAs\":[\"https:\/\/www.facebook.com\/bbklekovaca\",\"https:\/\/instagram.com\/bb.klekovaca\"]}]}<\/script>\n<!-- \/ Yoast SEO plugin. -->","yoast_head_json":{"title":"NIJANSA - Destilerija BB Klekova\u010da","robots":{"index":"index","follow":"follow","max-snippet":"max-snippet:-1","max-image-preview":"max-image-preview:large","max-video-preview":"max-video-preview:-1"},"canonical":"https:\/\/bbklekovaca.rs\/en\/product\/nijansa\/","og_locale":"en_GB","og_type":"article","og_title":"NIJANSA - Destilerija BB Klekova\u010da","og_description":"Neto: 0.7 l \/ Alk: 40,0% vol. Specijalna rakija izuzetnog kvaliteta dobijena odvojenom fermentacijom i dvostrukom destilacijom vrhunske bajinoba\u0161tanske maline i kupine, a zatim kupa\u017eom probranih destilata \u2013 po na\u0161oj originalnoj recepturi. U sebi spaja najbolje odlike obe vrsta vo\u0107a i pleni jedinstvenim nijansama mirisa i ukusa, po kojima je i dobila ime. \u201eNijansa\u201c je rakija unikatnog karaktera, sa brojnim aromatskim finesama, upe\u010datljivom elegancijom, vo\u0107nom sve\u017einom i veoma dugom zavr\u0161nicom ukusa.  Ograni\u010dena serija: 2.000 boca","og_url":"https:\/\/bbklekovaca.rs\/en\/product\/nijansa\/","og_site_name":"Destilerija BB Klekova\u010da","article_publisher":"https:\/\/www.facebook.com\/bbklekovaca","article_modified_time":"2025-09-26T10:11:27+00:00","og_image":[{"width":1313,"height":1500,"url":"https:\/\/bbklekovaca.rs\/wp-content\/uploads\/2024\/06\/NIJANSA-KUPAZA.jpg","type":"image\/jpeg"}],"twitter_card":"summary_large_image","twitter_misc":{"Estimated reading time":"1 minute"},"schema":{"@context":"https:\/\/schema.org","@graph":[{"@type":"WebPage","@id":"https:\/\/bbklekovaca.rs\/product\/nijansa\/","url":"https:\/\/bbklekovaca.rs\/product\/nijansa\/","name":"NIJANSA - Destilerija BB Klekova\u010da","isPartOf":{"@id":"https:\/\/bbklekovaca.rs\/#website"},"primaryImageOfPage":{"@id":"https:\/\/bbklekovaca.rs\/product\/nijansa\/#primaryimage"},"image":{"@id":"https:\/\/bbklekovaca.rs\/product\/nijansa\/#primaryimage"},"thumbnailUrl":"https:\/\/bbklekovaca.rs\/wp-content\/uploads\/2024\/06\/NIJANSA-KUPAZA.jpg","datePublished":"2024-06-10T15:50:56+00:00","dateModified":"2025-09-26T10:11:27+00:00","breadcrumb":{"@id":"https:\/\/bbklekovaca.rs\/product\/nijansa\/#breadcrumb"},"inLanguage":"en-GB","potentialAction":[{"@type":"ReadAction","target":["https:\/\/bbklekovaca.rs\/product\/nijansa\/"]}]},{"@type":"ImageObject","inLanguage":"en-GB","@id":"https:\/\/bbklekovaca.rs\/product\/nijansa\/#primaryimage","url":"https:\/\/bbklekovaca.rs\/wp-content\/uploads\/2024\/06\/NIJANSA-KUPAZA.jpg","contentUrl":"https:\/\/bbklekovaca.rs\/wp-content\/uploads\/2024\/06\/NIJANSA-KUPAZA.jpg","width":1313,"height":1500},{"@type":"BreadcrumbList","@id":"https:\/\/bbklekovaca.rs\/product\/nijansa\/#breadcrumb","itemListElement":[{"@type":"ListItem","position":1,"name":"Po\u010detna","item":"https:\/\/bbklekovaca.rs\/"},{"@type":"ListItem","position":2,"name":"Prodavnica","item":"https:\/\/bbklekovaca.rs\/shop\/"},{"@type":"ListItem","position":3,"name":"NIJANSA"}]},{"@type":"WebSite","@id":"https:\/\/bbklekovaca.rs\/#website","url":"https:\/\/bbklekovaca.rs\/","name":"Destilerija BB Klekova\u010da","description":"Heart of Drina, Soul of Tara","publisher":{"@id":"https:\/\/bbklekovaca.rs\/#organization"},"potentialAction":[{"@type":"SearchAction","target":{"@type":"EntryPoint","urlTemplate":"https:\/\/bbklekovaca.rs\/?s={search_term_string}"},"query-input":{"@type":"PropertyValueSpecification","valueRequired":true,"valueName":"search_term_string"}}],"inLanguage":"en-GB"},{"@type":"Organization","@id":"https:\/\/bbklekovaca.rs\/#organization","name":"BB Klekova\u010da d.o.o. Bajina Ba\u0161ta","alternateName":"BB Klekova\u010da","url":"https:\/\/bbklekovaca.rs\/","logo":{"@type":"ImageObject","inLanguage":"en-GB","@id":"https:\/\/bbklekovaca.rs\/#\/schema\/logo\/image\/","url":"https:\/\/bbklekovaca.rs\/wp-content\/uploads\/2024\/06\/logo1.png","contentUrl":"https:\/\/bbklekovaca.rs\/wp-content\/uploads\/2024\/06\/logo1.png","width":1080,"height":1080,"caption":"BB Klekova\u010da d.o.o. Bajina Ba\u0161ta"},"image":{"@id":"https:\/\/bbklekovaca.rs\/#\/schema\/logo\/image\/"},"sameAs":["https:\/\/www.facebook.com\/bbklekovaca","https:\/\/instagram.com\/bb.klekovaca"]}]}},"_links":{"self":[{"href":"https:\/\/bbklekovaca.rs\/en\/wp-json\/wp\/v2\/product\/27308","targetHints":{"allow":["GET"]}}],"collection":[{"href":"https:\/\/bbklekovaca.rs\/en\/wp-json\/wp\/v2\/product"}],"about":[{"href":"https:\/\/bbklekovaca.rs\/en\/wp-json\/wp\/v2\/types\/product"}],"version-history":[{"count":1,"href":"https:\/\/bbklekovaca.rs\/en\/wp-json\/wp\/v2\/product\/27308\/revisions"}],"predecessor-version":[{"id":28793,"href":"https:\/\/bbklekovaca.rs\/en\/wp-json\/wp\/v2\/product\/27308\/revisions\/28793"}],"wp:featuredmedia":[{"embeddable":true,"href":"https:\/\/bbklekovaca.rs\/en\/wp-json\/wp\/v2\/media\/28792"}],"wp:attachment":[{"href":"https:\/\/bbklekovaca.rs\/en\/wp-json\/wp\/v2\/media?parent=27308"}],"wp:term":[{"taxonomy":"product_brand","embeddable":true,"href":"https:\/\/bbklekovaca.rs\/en\/wp-json\/wp\/v2\/product_brand?post=27308"},{"taxonomy":"product_cat","embeddable":true,"href":"https:\/\/bbklekovaca.rs\/en\/wp-json\/wp\/v2\/product_cat?post=27308"},{"taxonomy":"product_tag","embeddable":true,"href":"https:\/\/bbklekovaca.rs\/en\/wp-json\/wp\/v2\/product_tag?post=27308"}],"curies":[{"name":"wp","href":"https:\/\/api.w.org\/{rel}","templated":true}]}}