{"id":27284,"date":"2024-06-12T17:09:33","date_gmt":"2024-06-12T15:09:33","guid":{"rendered":"https:\/\/bbklekovaca.rs\/?post_type=product&#038;p=27284"},"modified":"2026-01-22T15:11:37","modified_gmt":"2026-01-22T14:11:37","slug":"jabuka-si-bila","status":"publish","type":"product","link":"https:\/\/bbklekovaca.rs\/en\/product\/jabuka-si-bila\/","title":{"rendered":"JABUKA SI BILA"},"content":{"rendered":"<h1><strong>Kalvados<\/strong><\/h1>\n<p><strong>Neto: 0.7 l \/ Alk: <\/strong><strong>42,0% vol.<\/strong><\/p>\n<p>\"Jabuka si bila\" is an adventurous journey \u2014 from Serbia to Normandy and back. This is a truly, truly special apple rakija, entirely dedicated to the story of the legendary Calvados.\nWe started with the finest apples we could find in our region of western Serbia. We experimented, waited, and at every step in the creation of this remarkable rakija, we followed Calvados-making techniques.\nAfter three years of aging in Serbian oak barrels, we have created a rakija that needs no further description. This is something special just for you and us.<\/p>","protected":false},"excerpt":{"rendered":"<h1><strong>Kalvados<\/strong><\/h1>\n<h2><strong>Neto: 0.7 l \/ Alk: 42,0% vol.<\/strong><\/h2>\n<p>\"Jabuka si bila\" is an adventurous journey \u2014 from Serbia to Normandy and back. This is a truly, truly special apple rakija, entirely dedicated to the story of the legendary Calvados.\nWe started with the finest apples we could find in our region of western Serbia. We experimented, waited, and at every step in the creation of this remarkable rakija, we followed Calvados-making techniques.\nAfter three years of aging in Serbian oak barrels, we have created a rakija that needs no further description. This is something special just for you and us.<\/p>","protected":false},"featured_media":28774,"template":"","meta":[],"product_brand":[],"product_cat":[103],"product_tag":[90],"class_list":{"0":"post-27284","1":"product","2":"type-product","3":"status-publish","4":"has-post-thumbnail","6":"product_cat-zlatne","7":"product_tag-jabuka","9":"first","10":"instock","11":"shipping-taxable","12":"purchasable","13":"product-type-variable"},"yoast_head":"<!-- This site is optimized with the Yoast SEO plugin v27.1.1 - https:\/\/yoast.com\/product\/yoast-seo-wordpress\/ -->\n<title>JABUKA SI BILA - Destilerija BB Klekova\u010da<\/title>\n<meta name=\"robots\" content=\"index, follow, max-snippet:-1, max-image-preview:large, max-video-preview:-1\" \/>\n<link rel=\"canonical\" href=\"https:\/\/bbklekovaca.rs\/en\/product\/jabuka-si-bila\/\" \/>\n<meta property=\"og:locale\" content=\"en_GB\" \/>\n<meta property=\"og:type\" content=\"article\" \/>\n<meta property=\"og:title\" content=\"JABUKA SI BILA - Destilerija BB Klekova\u010da\" \/>\n<meta property=\"og:description\" content=\"Kalvados Neto: 0.7 l \/ Alk: 42,0% vol. \u201eJabuka si bila\u201c je avanturisti\u010dko putovanje iz Srbije do Normandije i nazad. Ovo je jedna, zaista, zaista posebna rakija od jabuke, u potpunosti posve\u0107ena pri\u010di o legendarnom \u201ekalvadosu\u201c. Uzeli smo najbolje jabuke koje smo na\u0161li u na\u0161em podneblju zapadne Srbije. Eksperimentisali smo, \u010dekali, i u svakom koraku nastanka ove fantasti\u010dne rakije ispratili smo tehnologiju \u201ekalvadosa\u201c. I nakon tri godine odle\u017eavanja u buradima od srpskog hrasta, dobili smo ovu rakiju koju ne\u0107emo da vam opisujemo. Ovo je samo ne\u0161to va\u0161e i na\u0161e.\" \/>\n<meta property=\"og:url\" content=\"https:\/\/bbklekovaca.rs\/en\/product\/jabuka-si-bila\/\" \/>\n<meta property=\"og:site_name\" content=\"Destilerija BB Klekova\u010da\" \/>\n<meta property=\"article:publisher\" content=\"https:\/\/www.facebook.com\/bbklekovaca\" \/>\n<meta property=\"article:modified_time\" content=\"2026-01-22T14:11:37+00:00\" \/>\n<meta property=\"og:image\" content=\"https:\/\/bbklekovaca.rs\/wp-content\/uploads\/2024\/06\/JABUKA-SI-BILA-1.jpg\" \/>\n\t<meta property=\"og:image:width\" content=\"1313\" \/>\n\t<meta property=\"og:image:height\" content=\"1500\" \/>\n\t<meta property=\"og:image:type\" content=\"image\/jpeg\" \/>\n<meta name=\"twitter:card\" content=\"summary_large_image\" \/>\n<meta name=\"twitter:label1\" content=\"Estimated reading time\" \/>\n\t<meta name=\"twitter:data1\" content=\"1 minute\" \/>\n<script type=\"application\/ld+json\" class=\"yoast-schema-graph\">{\"@context\":\"https:\/\/schema.org\",\"@graph\":[{\"@type\":\"WebPage\",\"@id\":\"https:\/\/bbklekovaca.rs\/product\/jabuka-si-bila\/\",\"url\":\"https:\/\/bbklekovaca.rs\/product\/jabuka-si-bila\/\",\"name\":\"JABUKA SI BILA - Destilerija BB Klekova\u010da\",\"isPartOf\":{\"@id\":\"https:\/\/bbklekovaca.rs\/#website\"},\"primaryImageOfPage\":{\"@id\":\"https:\/\/bbklekovaca.rs\/product\/jabuka-si-bila\/#primaryimage\"},\"image\":{\"@id\":\"https:\/\/bbklekovaca.rs\/product\/jabuka-si-bila\/#primaryimage\"},\"thumbnailUrl\":\"https:\/\/bbklekovaca.rs\/wp-content\/uploads\/2024\/06\/JABUKA-SI-BILA-1.jpg\",\"datePublished\":\"2024-06-12T15:09:33+00:00\",\"dateModified\":\"2026-01-22T14:11:37+00:00\",\"breadcrumb\":{\"@id\":\"https:\/\/bbklekovaca.rs\/product\/jabuka-si-bila\/#breadcrumb\"},\"inLanguage\":\"en-GB\",\"potentialAction\":[{\"@type\":\"ReadAction\",\"target\":[\"https:\/\/bbklekovaca.rs\/product\/jabuka-si-bila\/\"]}]},{\"@type\":\"ImageObject\",\"inLanguage\":\"en-GB\",\"@id\":\"https:\/\/bbklekovaca.rs\/product\/jabuka-si-bila\/#primaryimage\",\"url\":\"https:\/\/bbklekovaca.rs\/wp-content\/uploads\/2024\/06\/JABUKA-SI-BILA-1.jpg\",\"contentUrl\":\"https:\/\/bbklekovaca.rs\/wp-content\/uploads\/2024\/06\/JABUKA-SI-BILA-1.jpg\",\"width\":1313,\"height\":1500},{\"@type\":\"BreadcrumbList\",\"@id\":\"https:\/\/bbklekovaca.rs\/product\/jabuka-si-bila\/#breadcrumb\",\"itemListElement\":[{\"@type\":\"ListItem\",\"position\":1,\"name\":\"Po\u010detna\",\"item\":\"https:\/\/bbklekovaca.rs\/\"},{\"@type\":\"ListItem\",\"position\":2,\"name\":\"Prodavnica\",\"item\":\"https:\/\/bbklekovaca.rs\/shop\/\"},{\"@type\":\"ListItem\",\"position\":3,\"name\":\"JABUKA SI BILA\"}]},{\"@type\":\"WebSite\",\"@id\":\"https:\/\/bbklekovaca.rs\/#website\",\"url\":\"https:\/\/bbklekovaca.rs\/\",\"name\":\"Destilerija BB Klekova\u010da\",\"description\":\"Srce Drine, du\u0161a Tare\",\"publisher\":{\"@id\":\"https:\/\/bbklekovaca.rs\/#organization\"},\"potentialAction\":[{\"@type\":\"SearchAction\",\"target\":{\"@type\":\"EntryPoint\",\"urlTemplate\":\"https:\/\/bbklekovaca.rs\/?s={search_term_string}\"},\"query-input\":{\"@type\":\"PropertyValueSpecification\",\"valueRequired\":true,\"valueName\":\"search_term_string\"}}],\"inLanguage\":\"en-GB\"},{\"@type\":\"Organization\",\"@id\":\"https:\/\/bbklekovaca.rs\/#organization\",\"name\":\"BB Klekova\u010da d.o.o. Bajina Ba\u0161ta\",\"alternateName\":\"BB Klekova\u010da\",\"url\":\"https:\/\/bbklekovaca.rs\/\",\"logo\":{\"@type\":\"ImageObject\",\"inLanguage\":\"en-GB\",\"@id\":\"https:\/\/bbklekovaca.rs\/#\/schema\/logo\/image\/\",\"url\":\"https:\/\/bbklekovaca.rs\/wp-content\/uploads\/2024\/06\/logo1.png\",\"contentUrl\":\"https:\/\/bbklekovaca.rs\/wp-content\/uploads\/2024\/06\/logo1.png\",\"width\":1080,\"height\":1080,\"caption\":\"BB Klekova\u010da d.o.o. Bajina Ba\u0161ta\"},\"image\":{\"@id\":\"https:\/\/bbklekovaca.rs\/#\/schema\/logo\/image\/\"},\"sameAs\":[\"https:\/\/www.facebook.com\/bbklekovaca\",\"https:\/\/instagram.com\/bb.klekovaca\"]}]}<\/script>\n<!-- \/ Yoast SEO plugin. -->","yoast_head_json":{"title":"JABUKA SI BILA - Destilerija BB Klekova\u010da","robots":{"index":"index","follow":"follow","max-snippet":"max-snippet:-1","max-image-preview":"max-image-preview:large","max-video-preview":"max-video-preview:-1"},"canonical":"https:\/\/bbklekovaca.rs\/en\/product\/jabuka-si-bila\/","og_locale":"en_GB","og_type":"article","og_title":"JABUKA SI BILA - Destilerija BB Klekova\u010da","og_description":"Kalvados Neto: 0.7 l \/ Alk: 42,0% vol. \u201eJabuka si bila\u201c je avanturisti\u010dko putovanje iz Srbije do Normandije i nazad. Ovo je jedna, zaista, zaista posebna rakija od jabuke, u potpunosti posve\u0107ena pri\u010di o legendarnom \u201ekalvadosu\u201c. Uzeli smo najbolje jabuke koje smo na\u0161li u na\u0161em podneblju zapadne Srbije. Eksperimentisali smo, \u010dekali, i u svakom koraku nastanka ove fantasti\u010dne rakije ispratili smo tehnologiju \u201ekalvadosa\u201c. I nakon tri godine odle\u017eavanja u buradima od srpskog hrasta, dobili smo ovu rakiju koju ne\u0107emo da vam opisujemo. Ovo je samo ne\u0161to va\u0161e i na\u0161e.","og_url":"https:\/\/bbklekovaca.rs\/en\/product\/jabuka-si-bila\/","og_site_name":"Destilerija BB Klekova\u010da","article_publisher":"https:\/\/www.facebook.com\/bbklekovaca","article_modified_time":"2026-01-22T14:11:37+00:00","og_image":[{"width":1313,"height":1500,"url":"https:\/\/bbklekovaca.rs\/wp-content\/uploads\/2024\/06\/JABUKA-SI-BILA-1.jpg","type":"image\/jpeg"}],"twitter_card":"summary_large_image","twitter_misc":{"Estimated reading time":"1 minute"},"schema":{"@context":"https:\/\/schema.org","@graph":[{"@type":"WebPage","@id":"https:\/\/bbklekovaca.rs\/product\/jabuka-si-bila\/","url":"https:\/\/bbklekovaca.rs\/product\/jabuka-si-bila\/","name":"JABUKA SI BILA - Destilerija BB Klekova\u010da","isPartOf":{"@id":"https:\/\/bbklekovaca.rs\/#website"},"primaryImageOfPage":{"@id":"https:\/\/bbklekovaca.rs\/product\/jabuka-si-bila\/#primaryimage"},"image":{"@id":"https:\/\/bbklekovaca.rs\/product\/jabuka-si-bila\/#primaryimage"},"thumbnailUrl":"https:\/\/bbklekovaca.rs\/wp-content\/uploads\/2024\/06\/JABUKA-SI-BILA-1.jpg","datePublished":"2024-06-12T15:09:33+00:00","dateModified":"2026-01-22T14:11:37+00:00","breadcrumb":{"@id":"https:\/\/bbklekovaca.rs\/product\/jabuka-si-bila\/#breadcrumb"},"inLanguage":"en-GB","potentialAction":[{"@type":"ReadAction","target":["https:\/\/bbklekovaca.rs\/product\/jabuka-si-bila\/"]}]},{"@type":"ImageObject","inLanguage":"en-GB","@id":"https:\/\/bbklekovaca.rs\/product\/jabuka-si-bila\/#primaryimage","url":"https:\/\/bbklekovaca.rs\/wp-content\/uploads\/2024\/06\/JABUKA-SI-BILA-1.jpg","contentUrl":"https:\/\/bbklekovaca.rs\/wp-content\/uploads\/2024\/06\/JABUKA-SI-BILA-1.jpg","width":1313,"height":1500},{"@type":"BreadcrumbList","@id":"https:\/\/bbklekovaca.rs\/product\/jabuka-si-bila\/#breadcrumb","itemListElement":[{"@type":"ListItem","position":1,"name":"Po\u010detna","item":"https:\/\/bbklekovaca.rs\/"},{"@type":"ListItem","position":2,"name":"Prodavnica","item":"https:\/\/bbklekovaca.rs\/shop\/"},{"@type":"ListItem","position":3,"name":"JABUKA SI BILA"}]},{"@type":"WebSite","@id":"https:\/\/bbklekovaca.rs\/#website","url":"https:\/\/bbklekovaca.rs\/","name":"Destilerija BB Klekova\u010da","description":"Heart of Drina, Soul of Tara","publisher":{"@id":"https:\/\/bbklekovaca.rs\/#organization"},"potentialAction":[{"@type":"SearchAction","target":{"@type":"EntryPoint","urlTemplate":"https:\/\/bbklekovaca.rs\/?s={search_term_string}"},"query-input":{"@type":"PropertyValueSpecification","valueRequired":true,"valueName":"search_term_string"}}],"inLanguage":"en-GB"},{"@type":"Organization","@id":"https:\/\/bbklekovaca.rs\/#organization","name":"BB Klekova\u010da d.o.o. Bajina Ba\u0161ta","alternateName":"BB Klekova\u010da","url":"https:\/\/bbklekovaca.rs\/","logo":{"@type":"ImageObject","inLanguage":"en-GB","@id":"https:\/\/bbklekovaca.rs\/#\/schema\/logo\/image\/","url":"https:\/\/bbklekovaca.rs\/wp-content\/uploads\/2024\/06\/logo1.png","contentUrl":"https:\/\/bbklekovaca.rs\/wp-content\/uploads\/2024\/06\/logo1.png","width":1080,"height":1080,"caption":"BB Klekova\u010da d.o.o. Bajina Ba\u0161ta"},"image":{"@id":"https:\/\/bbklekovaca.rs\/#\/schema\/logo\/image\/"},"sameAs":["https:\/\/www.facebook.com\/bbklekovaca","https:\/\/instagram.com\/bb.klekovaca"]}]}},"_links":{"self":[{"href":"https:\/\/bbklekovaca.rs\/en\/wp-json\/wp\/v2\/product\/27284","targetHints":{"allow":["GET"]}}],"collection":[{"href":"https:\/\/bbklekovaca.rs\/en\/wp-json\/wp\/v2\/product"}],"about":[{"href":"https:\/\/bbklekovaca.rs\/en\/wp-json\/wp\/v2\/types\/product"}],"version-history":[{"count":1,"href":"https:\/\/bbklekovaca.rs\/en\/wp-json\/wp\/v2\/product\/27284\/revisions"}],"predecessor-version":[{"id":28775,"href":"https:\/\/bbklekovaca.rs\/en\/wp-json\/wp\/v2\/product\/27284\/revisions\/28775"}],"wp:featuredmedia":[{"embeddable":true,"href":"https:\/\/bbklekovaca.rs\/en\/wp-json\/wp\/v2\/media\/28774"}],"wp:attachment":[{"href":"https:\/\/bbklekovaca.rs\/en\/wp-json\/wp\/v2\/media?parent=27284"}],"wp:term":[{"taxonomy":"product_brand","embeddable":true,"href":"https:\/\/bbklekovaca.rs\/en\/wp-json\/wp\/v2\/product_brand?post=27284"},{"taxonomy":"product_cat","embeddable":true,"href":"https:\/\/bbklekovaca.rs\/en\/wp-json\/wp\/v2\/product_cat?post=27284"},{"taxonomy":"product_tag","embeddable":true,"href":"https:\/\/bbklekovaca.rs\/en\/wp-json\/wp\/v2\/product_tag?post=27284"}],"curies":[{"name":"wp","href":"https:\/\/api.w.org\/{rel}","templated":true}]}}