{"id":27268,"date":"2024-06-10T17:25:51","date_gmt":"2024-06-10T15:25:51","guid":{"rendered":"https:\/\/bbklekovaca.rs\/?post_type=product&#038;p=27268"},"modified":"2026-01-22T16:14:32","modified_gmt":"2026-01-22T15:14:32","slug":"drinska-ljuta","status":"publish","type":"product","link":"https:\/\/bbklekovaca.rs\/en\/product\/drinska-ljuta\/","title":{"rendered":"DRINSKA LJUTA"},"content":{"rendered":"<p><strong>Neto: 1 l \/ Alk: <\/strong><strong>43,0% vol.<\/strong><\/p>\n<p>Trnova\u010da, an indigenous plum variety from western Serbia, gives this distinctive white rakija its authentic character. Produced through double distillation and blending of selected distillates that were aged for over two years in stainless steel tanks, it offers a unique profile.\nThe complex varietal fruit notes of Trnova\u010da, its freshness, and well-rounded flavor set \"Drinska Ljuta\" apart among white slivovitzas.<\/p>","protected":false},"excerpt":{"rendered":"<h2><strong>Neto: 1 l \/ Alk: 43,0% vol.<\/strong><\/h2>\n<p>Trnova\u010da, an indigenous plum variety from western Serbia, gives this distinctive white rakija its authentic character. Produced through double distillation and blending of selected distillates that were aged for over two years in stainless steel tanks, it offers a unique profile.\nThe complex varietal fruit notes of Trnova\u010da, its freshness, and well-rounded flavor set \"Drinska Ljuta\" apart among white slivovitzas.<\/p>","protected":false},"featured_media":29373,"template":"","meta":[],"product_brand":[],"product_cat":[77],"product_tag":[84],"class_list":{"0":"post-27268","1":"product","2":"type-product","3":"status-publish","4":"has-post-thumbnail","6":"product_cat-drinska-kolekcija","7":"product_tag-sljiva","9":"first","10":"instock","11":"shipping-taxable","12":"purchasable","13":"product-type-variable"},"yoast_head":"<!-- This site is optimized with the Yoast SEO plugin v27.1.1 - https:\/\/yoast.com\/product\/yoast-seo-wordpress\/ -->\n<title>DRINSKA LJUTA - Destilerija BB Klekova\u010da<\/title>\n<meta name=\"robots\" content=\"index, follow, max-snippet:-1, max-image-preview:large, max-video-preview:-1\" \/>\n<link rel=\"canonical\" href=\"https:\/\/bbklekovaca.rs\/en\/product\/drinska-ljuta\/\" \/>\n<meta property=\"og:locale\" content=\"en_GB\" \/>\n<meta property=\"og:type\" content=\"article\" \/>\n<meta property=\"og:title\" content=\"DRINSKA LJUTA - Destilerija BB Klekova\u010da\" \/>\n<meta property=\"og:description\" content=\"Neto: 1 l \/ Alk: 43,0% vol. Trnova\u010da, autohtona sorta \u0161ljive regiona zapadne Srbije, daje autenti\u010dan karakter ovoj specifi\u010dnoj beloj rakiji dobijenoj dvostrukom destilacijom i kupa\u017eom odabranih destilata, koji su vi\u0161e od dve godine odle\u017eavali u sudovima od inoksa. Kompleksni sortni vo\u0107ni tonovi trnova\u010de, sve\u017eina i zaokru\u017eeni ukus \u010dine da se \u201eDrinska ljuta\u201c na poseban na\u010din izdvaja me\u0111u belim \u0161ljivovicama.\" \/>\n<meta property=\"og:url\" content=\"https:\/\/bbklekovaca.rs\/en\/product\/drinska-ljuta\/\" \/>\n<meta property=\"og:site_name\" content=\"Destilerija BB Klekova\u010da\" \/>\n<meta property=\"article:publisher\" content=\"https:\/\/www.facebook.com\/bbklekovaca\" \/>\n<meta property=\"article:modified_time\" content=\"2026-01-22T15:14:32+00:00\" \/>\n<meta property=\"og:image\" content=\"https:\/\/bbklekovaca.rs\/wp-content\/uploads\/2026\/01\/drinska-ljuta-07.jpg\" \/>\n\t<meta property=\"og:image:width\" content=\"1313\" \/>\n\t<meta property=\"og:image:height\" content=\"1500\" \/>\n\t<meta property=\"og:image:type\" content=\"image\/jpeg\" \/>\n<meta name=\"twitter:card\" content=\"summary_large_image\" \/>\n<meta name=\"twitter:label1\" content=\"Estimated reading time\" \/>\n\t<meta name=\"twitter:data1\" content=\"1 minute\" \/>\n<script type=\"application\/ld+json\" class=\"yoast-schema-graph\">{\"@context\":\"https:\/\/schema.org\",\"@graph\":[{\"@type\":\"WebPage\",\"@id\":\"https:\/\/bbklekovaca.rs\/product\/drinska-ljuta\/\",\"url\":\"https:\/\/bbklekovaca.rs\/product\/drinska-ljuta\/\",\"name\":\"DRINSKA LJUTA - Destilerija BB Klekova\u010da\",\"isPartOf\":{\"@id\":\"https:\/\/bbklekovaca.rs\/#website\"},\"primaryImageOfPage\":{\"@id\":\"https:\/\/bbklekovaca.rs\/product\/drinska-ljuta\/#primaryimage\"},\"image\":{\"@id\":\"https:\/\/bbklekovaca.rs\/product\/drinska-ljuta\/#primaryimage\"},\"thumbnailUrl\":\"https:\/\/bbklekovaca.rs\/wp-content\/uploads\/2026\/01\/drinska-ljuta-07.jpg\",\"datePublished\":\"2024-06-10T15:25:51+00:00\",\"dateModified\":\"2026-01-22T15:14:32+00:00\",\"breadcrumb\":{\"@id\":\"https:\/\/bbklekovaca.rs\/product\/drinska-ljuta\/#breadcrumb\"},\"inLanguage\":\"en-GB\",\"potentialAction\":[{\"@type\":\"ReadAction\",\"target\":[\"https:\/\/bbklekovaca.rs\/product\/drinska-ljuta\/\"]}]},{\"@type\":\"ImageObject\",\"inLanguage\":\"en-GB\",\"@id\":\"https:\/\/bbklekovaca.rs\/product\/drinska-ljuta\/#primaryimage\",\"url\":\"https:\/\/bbklekovaca.rs\/wp-content\/uploads\/2026\/01\/drinska-ljuta-07.jpg\",\"contentUrl\":\"https:\/\/bbklekovaca.rs\/wp-content\/uploads\/2026\/01\/drinska-ljuta-07.jpg\",\"width\":1313,\"height\":1500},{\"@type\":\"BreadcrumbList\",\"@id\":\"https:\/\/bbklekovaca.rs\/product\/drinska-ljuta\/#breadcrumb\",\"itemListElement\":[{\"@type\":\"ListItem\",\"position\":1,\"name\":\"Po\u010detna\",\"item\":\"https:\/\/bbklekovaca.rs\/\"},{\"@type\":\"ListItem\",\"position\":2,\"name\":\"Prodavnica\",\"item\":\"https:\/\/bbklekovaca.rs\/shop\/\"},{\"@type\":\"ListItem\",\"position\":3,\"name\":\"DRINSKA LJUTA\"}]},{\"@type\":\"WebSite\",\"@id\":\"https:\/\/bbklekovaca.rs\/#website\",\"url\":\"https:\/\/bbklekovaca.rs\/\",\"name\":\"Destilerija BB Klekova\u010da\",\"description\":\"Srce Drine, du\u0161a Tare\",\"publisher\":{\"@id\":\"https:\/\/bbklekovaca.rs\/#organization\"},\"potentialAction\":[{\"@type\":\"SearchAction\",\"target\":{\"@type\":\"EntryPoint\",\"urlTemplate\":\"https:\/\/bbklekovaca.rs\/?s={search_term_string}\"},\"query-input\":{\"@type\":\"PropertyValueSpecification\",\"valueRequired\":true,\"valueName\":\"search_term_string\"}}],\"inLanguage\":\"en-GB\"},{\"@type\":\"Organization\",\"@id\":\"https:\/\/bbklekovaca.rs\/#organization\",\"name\":\"BB Klekova\u010da d.o.o. Bajina Ba\u0161ta\",\"alternateName\":\"BB Klekova\u010da\",\"url\":\"https:\/\/bbklekovaca.rs\/\",\"logo\":{\"@type\":\"ImageObject\",\"inLanguage\":\"en-GB\",\"@id\":\"https:\/\/bbklekovaca.rs\/#\/schema\/logo\/image\/\",\"url\":\"https:\/\/bbklekovaca.rs\/wp-content\/uploads\/2024\/06\/logo1.png\",\"contentUrl\":\"https:\/\/bbklekovaca.rs\/wp-content\/uploads\/2024\/06\/logo1.png\",\"width\":1080,\"height\":1080,\"caption\":\"BB Klekova\u010da d.o.o. Bajina Ba\u0161ta\"},\"image\":{\"@id\":\"https:\/\/bbklekovaca.rs\/#\/schema\/logo\/image\/\"},\"sameAs\":[\"https:\/\/www.facebook.com\/bbklekovaca\",\"https:\/\/instagram.com\/bb.klekovaca\"]}]}<\/script>\n<!-- \/ Yoast SEO plugin. -->","yoast_head_json":{"title":"DRINSKA LJUTA - Destilerija BB Klekova\u010da","robots":{"index":"index","follow":"follow","max-snippet":"max-snippet:-1","max-image-preview":"max-image-preview:large","max-video-preview":"max-video-preview:-1"},"canonical":"https:\/\/bbklekovaca.rs\/en\/product\/drinska-ljuta\/","og_locale":"en_GB","og_type":"article","og_title":"DRINSKA LJUTA - Destilerija BB Klekova\u010da","og_description":"Neto: 1 l \/ Alk: 43,0% vol. Trnova\u010da, autohtona sorta \u0161ljive regiona zapadne Srbije, daje autenti\u010dan karakter ovoj specifi\u010dnoj beloj rakiji dobijenoj dvostrukom destilacijom i kupa\u017eom odabranih destilata, koji su vi\u0161e od dve godine odle\u017eavali u sudovima od inoksa. Kompleksni sortni vo\u0107ni tonovi trnova\u010de, sve\u017eina i zaokru\u017eeni ukus \u010dine da se \u201eDrinska ljuta\u201c na poseban na\u010din izdvaja me\u0111u belim \u0161ljivovicama.","og_url":"https:\/\/bbklekovaca.rs\/en\/product\/drinska-ljuta\/","og_site_name":"Destilerija BB Klekova\u010da","article_publisher":"https:\/\/www.facebook.com\/bbklekovaca","article_modified_time":"2026-01-22T15:14:32+00:00","og_image":[{"width":1313,"height":1500,"url":"https:\/\/bbklekovaca.rs\/wp-content\/uploads\/2026\/01\/drinska-ljuta-07.jpg","type":"image\/jpeg"}],"twitter_card":"summary_large_image","twitter_misc":{"Estimated reading time":"1 minute"},"schema":{"@context":"https:\/\/schema.org","@graph":[{"@type":"WebPage","@id":"https:\/\/bbklekovaca.rs\/product\/drinska-ljuta\/","url":"https:\/\/bbklekovaca.rs\/product\/drinska-ljuta\/","name":"DRINSKA LJUTA - Destilerija BB Klekova\u010da","isPartOf":{"@id":"https:\/\/bbklekovaca.rs\/#website"},"primaryImageOfPage":{"@id":"https:\/\/bbklekovaca.rs\/product\/drinska-ljuta\/#primaryimage"},"image":{"@id":"https:\/\/bbklekovaca.rs\/product\/drinska-ljuta\/#primaryimage"},"thumbnailUrl":"https:\/\/bbklekovaca.rs\/wp-content\/uploads\/2026\/01\/drinska-ljuta-07.jpg","datePublished":"2024-06-10T15:25:51+00:00","dateModified":"2026-01-22T15:14:32+00:00","breadcrumb":{"@id":"https:\/\/bbklekovaca.rs\/product\/drinska-ljuta\/#breadcrumb"},"inLanguage":"en-GB","potentialAction":[{"@type":"ReadAction","target":["https:\/\/bbklekovaca.rs\/product\/drinska-ljuta\/"]}]},{"@type":"ImageObject","inLanguage":"en-GB","@id":"https:\/\/bbklekovaca.rs\/product\/drinska-ljuta\/#primaryimage","url":"https:\/\/bbklekovaca.rs\/wp-content\/uploads\/2026\/01\/drinska-ljuta-07.jpg","contentUrl":"https:\/\/bbklekovaca.rs\/wp-content\/uploads\/2026\/01\/drinska-ljuta-07.jpg","width":1313,"height":1500},{"@type":"BreadcrumbList","@id":"https:\/\/bbklekovaca.rs\/product\/drinska-ljuta\/#breadcrumb","itemListElement":[{"@type":"ListItem","position":1,"name":"Po\u010detna","item":"https:\/\/bbklekovaca.rs\/"},{"@type":"ListItem","position":2,"name":"Prodavnica","item":"https:\/\/bbklekovaca.rs\/shop\/"},{"@type":"ListItem","position":3,"name":"DRINSKA LJUTA"}]},{"@type":"WebSite","@id":"https:\/\/bbklekovaca.rs\/#website","url":"https:\/\/bbklekovaca.rs\/","name":"Destilerija BB Klekova\u010da","description":"Heart of Drina, Soul of Tara","publisher":{"@id":"https:\/\/bbklekovaca.rs\/#organization"},"potentialAction":[{"@type":"SearchAction","target":{"@type":"EntryPoint","urlTemplate":"https:\/\/bbklekovaca.rs\/?s={search_term_string}"},"query-input":{"@type":"PropertyValueSpecification","valueRequired":true,"valueName":"search_term_string"}}],"inLanguage":"en-GB"},{"@type":"Organization","@id":"https:\/\/bbklekovaca.rs\/#organization","name":"BB Klekova\u010da d.o.o. Bajina Ba\u0161ta","alternateName":"BB Klekova\u010da","url":"https:\/\/bbklekovaca.rs\/","logo":{"@type":"ImageObject","inLanguage":"en-GB","@id":"https:\/\/bbklekovaca.rs\/#\/schema\/logo\/image\/","url":"https:\/\/bbklekovaca.rs\/wp-content\/uploads\/2024\/06\/logo1.png","contentUrl":"https:\/\/bbklekovaca.rs\/wp-content\/uploads\/2024\/06\/logo1.png","width":1080,"height":1080,"caption":"BB Klekova\u010da d.o.o. Bajina Ba\u0161ta"},"image":{"@id":"https:\/\/bbklekovaca.rs\/#\/schema\/logo\/image\/"},"sameAs":["https:\/\/www.facebook.com\/bbklekovaca","https:\/\/instagram.com\/bb.klekovaca"]}]}},"_links":{"self":[{"href":"https:\/\/bbklekovaca.rs\/en\/wp-json\/wp\/v2\/product\/27268","targetHints":{"allow":["GET"]}}],"collection":[{"href":"https:\/\/bbklekovaca.rs\/en\/wp-json\/wp\/v2\/product"}],"about":[{"href":"https:\/\/bbklekovaca.rs\/en\/wp-json\/wp\/v2\/types\/product"}],"version-history":[{"count":1,"href":"https:\/\/bbklekovaca.rs\/en\/wp-json\/wp\/v2\/product\/27268\/revisions"}],"predecessor-version":[{"id":28809,"href":"https:\/\/bbklekovaca.rs\/en\/wp-json\/wp\/v2\/product\/27268\/revisions\/28809"}],"wp:featuredmedia":[{"embeddable":true,"href":"https:\/\/bbklekovaca.rs\/en\/wp-json\/wp\/v2\/media\/29373"}],"wp:attachment":[{"href":"https:\/\/bbklekovaca.rs\/en\/wp-json\/wp\/v2\/media?parent=27268"}],"wp:term":[{"taxonomy":"product_brand","embeddable":true,"href":"https:\/\/bbklekovaca.rs\/en\/wp-json\/wp\/v2\/product_brand?post=27268"},{"taxonomy":"product_cat","embeddable":true,"href":"https:\/\/bbklekovaca.rs\/en\/wp-json\/wp\/v2\/product_cat?post=27268"},{"taxonomy":"product_tag","embeddable":true,"href":"https:\/\/bbklekovaca.rs\/en\/wp-json\/wp\/v2\/product_tag?post=27268"}],"curies":[{"name":"wp","href":"https:\/\/api.w.org\/{rel}","templated":true}]}}