{"id":27261,"date":"2024-06-10T17:17:01","date_gmt":"2024-06-10T15:17:01","guid":{"rendered":"https:\/\/bbklekovaca.rs\/?post_type=product&#038;p=27261"},"modified":"2026-01-22T16:16:46","modified_gmt":"2026-01-22T15:16:46","slug":"drinska-ljuta-barrique","status":"publish","type":"product","link":"https:\/\/bbklekovaca.rs\/en\/product\/drinska-ljuta-barrique\/","title":{"rendered":"DRINSKA LJUTA BARRIQUE"},"content":{"rendered":"<p><strong>Neto: 1 l \/ Alk: <\/strong><strong>43,0% vol.<\/strong><\/p>\n<p>This rakija is made from a selection of carefully chosen plum varieties \u2014 with Trnova\u010da as the dominant one \u2014 through double distillation, followed by years of aging of the finest distillates in 500-liter barrels made of Serbian sessile oak.\n\"Drinska Ljuta Barrique\" captivates with its distinct varietal aromas and flavors, full-bodied strength, and the refined notes acquired during aging in noble oak wood.<\/p>","protected":false},"excerpt":{"rendered":"<h2><strong>Neto: 1 l \/ Alk: 43,0% vol.<\/strong><\/h2>\n<p>This rakija is made from a selection of carefully chosen plum varieties \u2014 with Trnova\u010da as the dominant one \u2014 through double distillation, followed by years of aging of the finest distillates in 500-liter barrels made of Serbian sessile oak.\n\"Drinska Ljuta Barrique\" captivates with its distinct varietal aromas and flavors, full-bodied strength, and the refined notes acquired during aging in noble oak wood.<\/p>","protected":false},"featured_media":29371,"template":"","meta":[],"product_brand":[],"product_cat":[77],"product_tag":[84],"class_list":{"0":"post-27261","1":"product","2":"type-product","3":"status-publish","4":"has-post-thumbnail","6":"product_cat-drinska-kolekcija","7":"product_tag-sljiva","9":"first","10":"instock","11":"shipping-taxable","12":"purchasable","13":"product-type-variable"},"yoast_head":"<!-- This site is optimized with the Yoast SEO plugin v27.1.1 - https:\/\/yoast.com\/product\/yoast-seo-wordpress\/ -->\n<title>DRINSKA LJUTA BARRIQUE - Destilerija BB Klekova\u010da<\/title>\n<meta name=\"robots\" content=\"index, follow, max-snippet:-1, max-image-preview:large, max-video-preview:-1\" \/>\n<link rel=\"canonical\" href=\"https:\/\/bbklekovaca.rs\/en\/product\/drinska-ljuta-barrique\/\" \/>\n<meta property=\"og:locale\" content=\"en_GB\" \/>\n<meta property=\"og:type\" content=\"article\" \/>\n<meta property=\"og:title\" content=\"DRINSKA LJUTA BARRIQUE - Destilerija BB Klekova\u010da\" \/>\n<meta property=\"og:description\" content=\"Neto: 1 l \/ Alk: 43,0% vol. Rakija dobijena selekcijom odabranih sorti \u0161ljiva (me\u0111u kojima dominira trnova\u010da) i dvostrukom destilacijom, uz vi\u0161egodi\u0161nje odle\u017eavanje najboljih destilata u buradima od srpskog hrasta kitnjaka, zapremine 500 l. Rakija \u201eDrinska ljuta Barrique\u201c pleni sortnim mirisima i ukusima, puno\u0107om, snagom i specifi\u010dnim tonovima ste\u010denim tokom odle\u017eavanja u plemenitoj hrastovini.\" \/>\n<meta property=\"og:url\" content=\"https:\/\/bbklekovaca.rs\/en\/product\/drinska-ljuta-barrique\/\" \/>\n<meta property=\"og:site_name\" content=\"Destilerija BB Klekova\u010da\" \/>\n<meta property=\"article:publisher\" content=\"https:\/\/www.facebook.com\/bbklekovaca\" \/>\n<meta property=\"article:modified_time\" content=\"2026-01-22T15:16:46+00:00\" \/>\n<meta property=\"og:image\" content=\"https:\/\/bbklekovaca.rs\/wp-content\/uploads\/2026\/01\/barik07.jpg\" \/>\n\t<meta property=\"og:image:width\" content=\"1313\" \/>\n\t<meta property=\"og:image:height\" content=\"1500\" \/>\n\t<meta property=\"og:image:type\" content=\"image\/jpeg\" \/>\n<meta name=\"twitter:card\" content=\"summary_large_image\" \/>\n<meta name=\"twitter:label1\" content=\"Estimated reading time\" \/>\n\t<meta name=\"twitter:data1\" content=\"1 minute\" \/>\n<script type=\"application\/ld+json\" class=\"yoast-schema-graph\">{\"@context\":\"https:\/\/schema.org\",\"@graph\":[{\"@type\":\"WebPage\",\"@id\":\"https:\/\/bbklekovaca.rs\/product\/drinska-ljuta-barrique\/\",\"url\":\"https:\/\/bbklekovaca.rs\/product\/drinska-ljuta-barrique\/\",\"name\":\"DRINSKA LJUTA BARRIQUE - Destilerija BB Klekova\u010da\",\"isPartOf\":{\"@id\":\"https:\/\/bbklekovaca.rs\/#website\"},\"primaryImageOfPage\":{\"@id\":\"https:\/\/bbklekovaca.rs\/product\/drinska-ljuta-barrique\/#primaryimage\"},\"image\":{\"@id\":\"https:\/\/bbklekovaca.rs\/product\/drinska-ljuta-barrique\/#primaryimage\"},\"thumbnailUrl\":\"https:\/\/bbklekovaca.rs\/wp-content\/uploads\/2026\/01\/barik07.jpg\",\"datePublished\":\"2024-06-10T15:17:01+00:00\",\"dateModified\":\"2026-01-22T15:16:46+00:00\",\"breadcrumb\":{\"@id\":\"https:\/\/bbklekovaca.rs\/product\/drinska-ljuta-barrique\/#breadcrumb\"},\"inLanguage\":\"en-GB\",\"potentialAction\":[{\"@type\":\"ReadAction\",\"target\":[\"https:\/\/bbklekovaca.rs\/product\/drinska-ljuta-barrique\/\"]}]},{\"@type\":\"ImageObject\",\"inLanguage\":\"en-GB\",\"@id\":\"https:\/\/bbklekovaca.rs\/product\/drinska-ljuta-barrique\/#primaryimage\",\"url\":\"https:\/\/bbklekovaca.rs\/wp-content\/uploads\/2026\/01\/barik07.jpg\",\"contentUrl\":\"https:\/\/bbklekovaca.rs\/wp-content\/uploads\/2026\/01\/barik07.jpg\",\"width\":1313,\"height\":1500},{\"@type\":\"BreadcrumbList\",\"@id\":\"https:\/\/bbklekovaca.rs\/product\/drinska-ljuta-barrique\/#breadcrumb\",\"itemListElement\":[{\"@type\":\"ListItem\",\"position\":1,\"name\":\"Po\u010detna\",\"item\":\"https:\/\/bbklekovaca.rs\/\"},{\"@type\":\"ListItem\",\"position\":2,\"name\":\"Prodavnica\",\"item\":\"https:\/\/bbklekovaca.rs\/shop\/\"},{\"@type\":\"ListItem\",\"position\":3,\"name\":\"DRINSKA LJUTA BARRIQUE\"}]},{\"@type\":\"WebSite\",\"@id\":\"https:\/\/bbklekovaca.rs\/#website\",\"url\":\"https:\/\/bbklekovaca.rs\/\",\"name\":\"Destilerija BB Klekova\u010da\",\"description\":\"Srce Drine, du\u0161a Tare\",\"publisher\":{\"@id\":\"https:\/\/bbklekovaca.rs\/#organization\"},\"potentialAction\":[{\"@type\":\"SearchAction\",\"target\":{\"@type\":\"EntryPoint\",\"urlTemplate\":\"https:\/\/bbklekovaca.rs\/?s={search_term_string}\"},\"query-input\":{\"@type\":\"PropertyValueSpecification\",\"valueRequired\":true,\"valueName\":\"search_term_string\"}}],\"inLanguage\":\"en-GB\"},{\"@type\":\"Organization\",\"@id\":\"https:\/\/bbklekovaca.rs\/#organization\",\"name\":\"BB Klekova\u010da d.o.o. Bajina Ba\u0161ta\",\"alternateName\":\"BB Klekova\u010da\",\"url\":\"https:\/\/bbklekovaca.rs\/\",\"logo\":{\"@type\":\"ImageObject\",\"inLanguage\":\"en-GB\",\"@id\":\"https:\/\/bbklekovaca.rs\/#\/schema\/logo\/image\/\",\"url\":\"https:\/\/bbklekovaca.rs\/wp-content\/uploads\/2024\/06\/logo1.png\",\"contentUrl\":\"https:\/\/bbklekovaca.rs\/wp-content\/uploads\/2024\/06\/logo1.png\",\"width\":1080,\"height\":1080,\"caption\":\"BB Klekova\u010da d.o.o. Bajina Ba\u0161ta\"},\"image\":{\"@id\":\"https:\/\/bbklekovaca.rs\/#\/schema\/logo\/image\/\"},\"sameAs\":[\"https:\/\/www.facebook.com\/bbklekovaca\",\"https:\/\/instagram.com\/bb.klekovaca\"]}]}<\/script>\n<!-- \/ Yoast SEO plugin. -->","yoast_head_json":{"title":"DRINSKA LJUTA BARRIQUE - Destilerija BB Klekova\u010da","robots":{"index":"index","follow":"follow","max-snippet":"max-snippet:-1","max-image-preview":"max-image-preview:large","max-video-preview":"max-video-preview:-1"},"canonical":"https:\/\/bbklekovaca.rs\/en\/product\/drinska-ljuta-barrique\/","og_locale":"en_GB","og_type":"article","og_title":"DRINSKA LJUTA BARRIQUE - Destilerija BB Klekova\u010da","og_description":"Neto: 1 l \/ Alk: 43,0% vol. Rakija dobijena selekcijom odabranih sorti \u0161ljiva (me\u0111u kojima dominira trnova\u010da) i dvostrukom destilacijom, uz vi\u0161egodi\u0161nje odle\u017eavanje najboljih destilata u buradima od srpskog hrasta kitnjaka, zapremine 500 l. Rakija \u201eDrinska ljuta Barrique\u201c pleni sortnim mirisima i ukusima, puno\u0107om, snagom i specifi\u010dnim tonovima ste\u010denim tokom odle\u017eavanja u plemenitoj hrastovini.","og_url":"https:\/\/bbklekovaca.rs\/en\/product\/drinska-ljuta-barrique\/","og_site_name":"Destilerija BB Klekova\u010da","article_publisher":"https:\/\/www.facebook.com\/bbklekovaca","article_modified_time":"2026-01-22T15:16:46+00:00","og_image":[{"width":1313,"height":1500,"url":"https:\/\/bbklekovaca.rs\/wp-content\/uploads\/2026\/01\/barik07.jpg","type":"image\/jpeg"}],"twitter_card":"summary_large_image","twitter_misc":{"Estimated reading time":"1 minute"},"schema":{"@context":"https:\/\/schema.org","@graph":[{"@type":"WebPage","@id":"https:\/\/bbklekovaca.rs\/product\/drinska-ljuta-barrique\/","url":"https:\/\/bbklekovaca.rs\/product\/drinska-ljuta-barrique\/","name":"DRINSKA LJUTA BARRIQUE - Destilerija BB Klekova\u010da","isPartOf":{"@id":"https:\/\/bbklekovaca.rs\/#website"},"primaryImageOfPage":{"@id":"https:\/\/bbklekovaca.rs\/product\/drinska-ljuta-barrique\/#primaryimage"},"image":{"@id":"https:\/\/bbklekovaca.rs\/product\/drinska-ljuta-barrique\/#primaryimage"},"thumbnailUrl":"https:\/\/bbklekovaca.rs\/wp-content\/uploads\/2026\/01\/barik07.jpg","datePublished":"2024-06-10T15:17:01+00:00","dateModified":"2026-01-22T15:16:46+00:00","breadcrumb":{"@id":"https:\/\/bbklekovaca.rs\/product\/drinska-ljuta-barrique\/#breadcrumb"},"inLanguage":"en-GB","potentialAction":[{"@type":"ReadAction","target":["https:\/\/bbklekovaca.rs\/product\/drinska-ljuta-barrique\/"]}]},{"@type":"ImageObject","inLanguage":"en-GB","@id":"https:\/\/bbklekovaca.rs\/product\/drinska-ljuta-barrique\/#primaryimage","url":"https:\/\/bbklekovaca.rs\/wp-content\/uploads\/2026\/01\/barik07.jpg","contentUrl":"https:\/\/bbklekovaca.rs\/wp-content\/uploads\/2026\/01\/barik07.jpg","width":1313,"height":1500},{"@type":"BreadcrumbList","@id":"https:\/\/bbklekovaca.rs\/product\/drinska-ljuta-barrique\/#breadcrumb","itemListElement":[{"@type":"ListItem","position":1,"name":"Po\u010detna","item":"https:\/\/bbklekovaca.rs\/"},{"@type":"ListItem","position":2,"name":"Prodavnica","item":"https:\/\/bbklekovaca.rs\/shop\/"},{"@type":"ListItem","position":3,"name":"DRINSKA LJUTA BARRIQUE"}]},{"@type":"WebSite","@id":"https:\/\/bbklekovaca.rs\/#website","url":"https:\/\/bbklekovaca.rs\/","name":"Destilerija BB Klekova\u010da","description":"Heart of Drina, Soul of Tara","publisher":{"@id":"https:\/\/bbklekovaca.rs\/#organization"},"potentialAction":[{"@type":"SearchAction","target":{"@type":"EntryPoint","urlTemplate":"https:\/\/bbklekovaca.rs\/?s={search_term_string}"},"query-input":{"@type":"PropertyValueSpecification","valueRequired":true,"valueName":"search_term_string"}}],"inLanguage":"en-GB"},{"@type":"Organization","@id":"https:\/\/bbklekovaca.rs\/#organization","name":"BB Klekova\u010da d.o.o. Bajina Ba\u0161ta","alternateName":"BB Klekova\u010da","url":"https:\/\/bbklekovaca.rs\/","logo":{"@type":"ImageObject","inLanguage":"en-GB","@id":"https:\/\/bbklekovaca.rs\/#\/schema\/logo\/image\/","url":"https:\/\/bbklekovaca.rs\/wp-content\/uploads\/2024\/06\/logo1.png","contentUrl":"https:\/\/bbklekovaca.rs\/wp-content\/uploads\/2024\/06\/logo1.png","width":1080,"height":1080,"caption":"BB Klekova\u010da d.o.o. Bajina Ba\u0161ta"},"image":{"@id":"https:\/\/bbklekovaca.rs\/#\/schema\/logo\/image\/"},"sameAs":["https:\/\/www.facebook.com\/bbklekovaca","https:\/\/instagram.com\/bb.klekovaca"]}]}},"_links":{"self":[{"href":"https:\/\/bbklekovaca.rs\/en\/wp-json\/wp\/v2\/product\/27261","targetHints":{"allow":["GET"]}}],"collection":[{"href":"https:\/\/bbklekovaca.rs\/en\/wp-json\/wp\/v2\/product"}],"about":[{"href":"https:\/\/bbklekovaca.rs\/en\/wp-json\/wp\/v2\/types\/product"}],"version-history":[{"count":1,"href":"https:\/\/bbklekovaca.rs\/en\/wp-json\/wp\/v2\/product\/27261\/revisions"}],"predecessor-version":[{"id":28811,"href":"https:\/\/bbklekovaca.rs\/en\/wp-json\/wp\/v2\/product\/27261\/revisions\/28811"}],"wp:featuredmedia":[{"embeddable":true,"href":"https:\/\/bbklekovaca.rs\/en\/wp-json\/wp\/v2\/media\/29371"}],"wp:attachment":[{"href":"https:\/\/bbklekovaca.rs\/en\/wp-json\/wp\/v2\/media?parent=27261"}],"wp:term":[{"taxonomy":"product_brand","embeddable":true,"href":"https:\/\/bbklekovaca.rs\/en\/wp-json\/wp\/v2\/product_brand?post=27261"},{"taxonomy":"product_cat","embeddable":true,"href":"https:\/\/bbklekovaca.rs\/en\/wp-json\/wp\/v2\/product_cat?post=27261"},{"taxonomy":"product_tag","embeddable":true,"href":"https:\/\/bbklekovaca.rs\/en\/wp-json\/wp\/v2\/product_tag?post=27261"}],"curies":[{"name":"wp","href":"https:\/\/api.w.org\/{rel}","templated":true}]}}