{"id":27254,"date":"2024-06-12T17:04:57","date_gmt":"2024-06-12T15:04:57","guid":{"rendered":"https:\/\/bbklekovaca.rs\/?post_type=product&#038;p=27254"},"modified":"2026-04-16T13:00:33","modified_gmt":"2026-04-16T11:00:33","slug":"divlja-kruska","status":"publish","type":"product","link":"https:\/\/bbklekovaca.rs\/en\/product\/divlja-kruska\/","title":{"rendered":"WILD PEAR"},"content":{"rendered":"<p><strong>Neto: 0,7 l \/ Alk: <\/strong><strong>45,0% vol.<\/strong><\/p>\n<p>A rare rakija of exceptional quality and character, made from carefully selected wild pear fruit. Through a specific fermentation process, followed by double distillation and strict selection of distillates, we created a truly unique rakija, released as a limited edition of only 2,000 bottles.\n\"Divlja Kru\u0161ka\" (Wild Pear) enchants with its authentic aromas and a perfectly balanced flavor profile, combining sweetness with the subtle bitterness of wild fruit, finishing with a long-lasting, juicy, and memorable aftertaste.<\/p>\n<p><em>Strictly limited edition: 2,000 bottles  annually<\/em><\/p>","protected":false},"excerpt":{"rendered":"<h2><strong>Neto: 0,7 l \/ Alk: 45,0% vol.<\/strong><\/h2>\n<p>A rare rakija of exceptional quality and character, made from carefully selected wild pear fruit. Through a specific fermentation process, followed by double distillation and strict selection of distillates, we created a truly unique rakija, released as a limited edition of only 2,000 bottles.\n\"Divlja Kru\u0161ka\" (Wild Pear) enchants with its authentic aromas and a perfectly balanced flavor profile, combining sweetness with the subtle bitterness of wild fruit, finishing with a long-lasting, juicy, and memorable aftertaste.<\/p>\n<p><em>Strictly limited edition: 2,000 bottles  annually<\/em><\/p>","protected":false},"featured_media":28784,"template":"","meta":[],"product_brand":[],"product_cat":[74],"product_tag":[83],"class_list":{"0":"post-27254","1":"product","2":"type-product","3":"status-publish","4":"has-post-thumbnail","6":"product_cat-limited","7":"product_tag-kruska","9":"first","10":"instock","11":"shipping-taxable","12":"purchasable","13":"product-type-variable"},"yoast_head":"<!-- This site is optimized with the Yoast SEO plugin v27.1.1 - https:\/\/yoast.com\/product\/yoast-seo-wordpress\/ -->\n<title>DIVLJA KRU\u0160KA - Destilerija BB Klekova\u010da<\/title>\n<meta name=\"robots\" content=\"index, follow, max-snippet:-1, max-image-preview:large, max-video-preview:-1\" \/>\n<link rel=\"canonical\" href=\"https:\/\/bbklekovaca.rs\/en\/product\/divlja-kruska\/\" \/>\n<meta property=\"og:locale\" content=\"en_GB\" \/>\n<meta property=\"og:type\" content=\"article\" \/>\n<meta property=\"og:title\" content=\"DIVLJA KRU\u0160KA - Destilerija BB Klekova\u010da\" \/>\n<meta property=\"og:description\" content=\"Neto: 0,7 l \/ Alk: 45,0% vol. Raritetna rakija izuzetnog kvaliteta i karaktera, dobijena od probranih plodova divlje kru\u0161ke. Specifi\u010dnim postupkom u procesu fermentacije, uz dvostruku destilaciju i strogu selekciju destilata, dobili smo jednu zaista posebnu rakiju u ograni\u010denoj seriji od samo 2.000 boca. \u201eDivlja kru\u0161ka\u201c pleni autenti\u010dnim mirisima, uz savr\u0161eni balans slasti i fine oporosti divljeg vo\u0107a u dugotrajnoj i upe\u010datljivo so\u010dnoj zavr\u0161nici ukusa.  Strogo ograni\u010dena serija: 2.000 boca\" \/>\n<meta property=\"og:url\" content=\"https:\/\/bbklekovaca.rs\/en\/product\/divlja-kruska\/\" \/>\n<meta property=\"og:site_name\" content=\"Destilerija BB Klekova\u010da\" \/>\n<meta property=\"article:publisher\" content=\"https:\/\/www.facebook.com\/bbklekovaca\" \/>\n<meta property=\"article:modified_time\" content=\"2026-04-16T11:00:33+00:00\" \/>\n<meta property=\"og:image\" content=\"https:\/\/bbklekovaca.rs\/wp-content\/uploads\/2024\/06\/DIVLJA-KRUSKA-1.jpg\" \/>\n\t<meta property=\"og:image:width\" content=\"1313\" \/>\n\t<meta property=\"og:image:height\" content=\"1500\" \/>\n\t<meta property=\"og:image:type\" content=\"image\/jpeg\" \/>\n<meta name=\"twitter:card\" content=\"summary_large_image\" \/>\n<meta name=\"twitter:label1\" content=\"Estimated reading time\" \/>\n\t<meta name=\"twitter:data1\" content=\"1 minute\" \/>\n<script type=\"application\/ld+json\" class=\"yoast-schema-graph\">{\"@context\":\"https:\/\/schema.org\",\"@graph\":[{\"@type\":\"WebPage\",\"@id\":\"https:\/\/bbklekovaca.rs\/product\/divlja-kruska\/\",\"url\":\"https:\/\/bbklekovaca.rs\/product\/divlja-kruska\/\",\"name\":\"DIVLJA KRU\u0160KA - Destilerija BB Klekova\u010da\",\"isPartOf\":{\"@id\":\"https:\/\/bbklekovaca.rs\/#website\"},\"primaryImageOfPage\":{\"@id\":\"https:\/\/bbklekovaca.rs\/product\/divlja-kruska\/#primaryimage\"},\"image\":{\"@id\":\"https:\/\/bbklekovaca.rs\/product\/divlja-kruska\/#primaryimage\"},\"thumbnailUrl\":\"https:\/\/bbklekovaca.rs\/wp-content\/uploads\/2024\/06\/DIVLJA-KRUSKA-1.jpg\",\"datePublished\":\"2024-06-12T15:04:57+00:00\",\"dateModified\":\"2026-04-16T11:00:33+00:00\",\"breadcrumb\":{\"@id\":\"https:\/\/bbklekovaca.rs\/product\/divlja-kruska\/#breadcrumb\"},\"inLanguage\":\"en-GB\",\"potentialAction\":[{\"@type\":\"ReadAction\",\"target\":[\"https:\/\/bbklekovaca.rs\/product\/divlja-kruska\/\"]}]},{\"@type\":\"ImageObject\",\"inLanguage\":\"en-GB\",\"@id\":\"https:\/\/bbklekovaca.rs\/product\/divlja-kruska\/#primaryimage\",\"url\":\"https:\/\/bbklekovaca.rs\/wp-content\/uploads\/2024\/06\/DIVLJA-KRUSKA-1.jpg\",\"contentUrl\":\"https:\/\/bbklekovaca.rs\/wp-content\/uploads\/2024\/06\/DIVLJA-KRUSKA-1.jpg\",\"width\":1313,\"height\":1500},{\"@type\":\"BreadcrumbList\",\"@id\":\"https:\/\/bbklekovaca.rs\/product\/divlja-kruska\/#breadcrumb\",\"itemListElement\":[{\"@type\":\"ListItem\",\"position\":1,\"name\":\"Po\u010detna\",\"item\":\"https:\/\/bbklekovaca.rs\/\"},{\"@type\":\"ListItem\",\"position\":2,\"name\":\"Prodavnica\",\"item\":\"https:\/\/bbklekovaca.rs\/shop\/\"},{\"@type\":\"ListItem\",\"position\":3,\"name\":\"DIVLJA KRU\u0160KA\"}]},{\"@type\":\"WebSite\",\"@id\":\"https:\/\/bbklekovaca.rs\/#website\",\"url\":\"https:\/\/bbklekovaca.rs\/\",\"name\":\"Destilerija BB Klekova\u010da\",\"description\":\"Srce Drine, du\u0161a Tare\",\"publisher\":{\"@id\":\"https:\/\/bbklekovaca.rs\/#organization\"},\"potentialAction\":[{\"@type\":\"SearchAction\",\"target\":{\"@type\":\"EntryPoint\",\"urlTemplate\":\"https:\/\/bbklekovaca.rs\/?s={search_term_string}\"},\"query-input\":{\"@type\":\"PropertyValueSpecification\",\"valueRequired\":true,\"valueName\":\"search_term_string\"}}],\"inLanguage\":\"en-GB\"},{\"@type\":\"Organization\",\"@id\":\"https:\/\/bbklekovaca.rs\/#organization\",\"name\":\"BB Klekova\u010da d.o.o. Bajina Ba\u0161ta\",\"alternateName\":\"BB Klekova\u010da\",\"url\":\"https:\/\/bbklekovaca.rs\/\",\"logo\":{\"@type\":\"ImageObject\",\"inLanguage\":\"en-GB\",\"@id\":\"https:\/\/bbklekovaca.rs\/#\/schema\/logo\/image\/\",\"url\":\"https:\/\/bbklekovaca.rs\/wp-content\/uploads\/2024\/06\/logo1.png\",\"contentUrl\":\"https:\/\/bbklekovaca.rs\/wp-content\/uploads\/2024\/06\/logo1.png\",\"width\":1080,\"height\":1080,\"caption\":\"BB Klekova\u010da d.o.o. Bajina Ba\u0161ta\"},\"image\":{\"@id\":\"https:\/\/bbklekovaca.rs\/#\/schema\/logo\/image\/\"},\"sameAs\":[\"https:\/\/www.facebook.com\/bbklekovaca\",\"https:\/\/instagram.com\/bb.klekovaca\"]}]}<\/script>\n<!-- \/ Yoast SEO plugin. -->","yoast_head_json":{"title":"DIVLJA KRU\u0160KA - Destilerija BB Klekova\u010da","robots":{"index":"index","follow":"follow","max-snippet":"max-snippet:-1","max-image-preview":"max-image-preview:large","max-video-preview":"max-video-preview:-1"},"canonical":"https:\/\/bbklekovaca.rs\/en\/product\/divlja-kruska\/","og_locale":"en_GB","og_type":"article","og_title":"DIVLJA KRU\u0160KA - Destilerija BB Klekova\u010da","og_description":"Neto: 0,7 l \/ Alk: 45,0% vol. Raritetna rakija izuzetnog kvaliteta i karaktera, dobijena od probranih plodova divlje kru\u0161ke. Specifi\u010dnim postupkom u procesu fermentacije, uz dvostruku destilaciju i strogu selekciju destilata, dobili smo jednu zaista posebnu rakiju u ograni\u010denoj seriji od samo 2.000 boca. \u201eDivlja kru\u0161ka\u201c pleni autenti\u010dnim mirisima, uz savr\u0161eni balans slasti i fine oporosti divljeg vo\u0107a u dugotrajnoj i upe\u010datljivo so\u010dnoj zavr\u0161nici ukusa.  Strogo ograni\u010dena serija: 2.000 boca","og_url":"https:\/\/bbklekovaca.rs\/en\/product\/divlja-kruska\/","og_site_name":"Destilerija BB Klekova\u010da","article_publisher":"https:\/\/www.facebook.com\/bbklekovaca","article_modified_time":"2026-04-16T11:00:33+00:00","og_image":[{"width":1313,"height":1500,"url":"https:\/\/bbklekovaca.rs\/wp-content\/uploads\/2024\/06\/DIVLJA-KRUSKA-1.jpg","type":"image\/jpeg"}],"twitter_card":"summary_large_image","twitter_misc":{"Estimated reading time":"1 minute"},"schema":{"@context":"https:\/\/schema.org","@graph":[{"@type":"WebPage","@id":"https:\/\/bbklekovaca.rs\/product\/divlja-kruska\/","url":"https:\/\/bbklekovaca.rs\/product\/divlja-kruska\/","name":"DIVLJA KRU\u0160KA - Destilerija BB Klekova\u010da","isPartOf":{"@id":"https:\/\/bbklekovaca.rs\/#website"},"primaryImageOfPage":{"@id":"https:\/\/bbklekovaca.rs\/product\/divlja-kruska\/#primaryimage"},"image":{"@id":"https:\/\/bbklekovaca.rs\/product\/divlja-kruska\/#primaryimage"},"thumbnailUrl":"https:\/\/bbklekovaca.rs\/wp-content\/uploads\/2024\/06\/DIVLJA-KRUSKA-1.jpg","datePublished":"2024-06-12T15:04:57+00:00","dateModified":"2026-04-16T11:00:33+00:00","breadcrumb":{"@id":"https:\/\/bbklekovaca.rs\/product\/divlja-kruska\/#breadcrumb"},"inLanguage":"en-GB","potentialAction":[{"@type":"ReadAction","target":["https:\/\/bbklekovaca.rs\/product\/divlja-kruska\/"]}]},{"@type":"ImageObject","inLanguage":"en-GB","@id":"https:\/\/bbklekovaca.rs\/product\/divlja-kruska\/#primaryimage","url":"https:\/\/bbklekovaca.rs\/wp-content\/uploads\/2024\/06\/DIVLJA-KRUSKA-1.jpg","contentUrl":"https:\/\/bbklekovaca.rs\/wp-content\/uploads\/2024\/06\/DIVLJA-KRUSKA-1.jpg","width":1313,"height":1500},{"@type":"BreadcrumbList","@id":"https:\/\/bbklekovaca.rs\/product\/divlja-kruska\/#breadcrumb","itemListElement":[{"@type":"ListItem","position":1,"name":"Po\u010detna","item":"https:\/\/bbklekovaca.rs\/"},{"@type":"ListItem","position":2,"name":"Prodavnica","item":"https:\/\/bbklekovaca.rs\/shop\/"},{"@type":"ListItem","position":3,"name":"DIVLJA KRU\u0160KA"}]},{"@type":"WebSite","@id":"https:\/\/bbklekovaca.rs\/#website","url":"https:\/\/bbklekovaca.rs\/","name":"Destilerija BB Klekova\u010da","description":"Heart of Drina, Soul of Tara","publisher":{"@id":"https:\/\/bbklekovaca.rs\/#organization"},"potentialAction":[{"@type":"SearchAction","target":{"@type":"EntryPoint","urlTemplate":"https:\/\/bbklekovaca.rs\/?s={search_term_string}"},"query-input":{"@type":"PropertyValueSpecification","valueRequired":true,"valueName":"search_term_string"}}],"inLanguage":"en-GB"},{"@type":"Organization","@id":"https:\/\/bbklekovaca.rs\/#organization","name":"BB Klekova\u010da d.o.o. Bajina Ba\u0161ta","alternateName":"BB Klekova\u010da","url":"https:\/\/bbklekovaca.rs\/","logo":{"@type":"ImageObject","inLanguage":"en-GB","@id":"https:\/\/bbklekovaca.rs\/#\/schema\/logo\/image\/","url":"https:\/\/bbklekovaca.rs\/wp-content\/uploads\/2024\/06\/logo1.png","contentUrl":"https:\/\/bbklekovaca.rs\/wp-content\/uploads\/2024\/06\/logo1.png","width":1080,"height":1080,"caption":"BB Klekova\u010da d.o.o. Bajina Ba\u0161ta"},"image":{"@id":"https:\/\/bbklekovaca.rs\/#\/schema\/logo\/image\/"},"sameAs":["https:\/\/www.facebook.com\/bbklekovaca","https:\/\/instagram.com\/bb.klekovaca"]}]}},"_links":{"self":[{"href":"https:\/\/bbklekovaca.rs\/en\/wp-json\/wp\/v2\/product\/27254","targetHints":{"allow":["GET"]}}],"collection":[{"href":"https:\/\/bbklekovaca.rs\/en\/wp-json\/wp\/v2\/product"}],"about":[{"href":"https:\/\/bbklekovaca.rs\/en\/wp-json\/wp\/v2\/types\/product"}],"version-history":[{"count":1,"href":"https:\/\/bbklekovaca.rs\/en\/wp-json\/wp\/v2\/product\/27254\/revisions"}],"predecessor-version":[{"id":28785,"href":"https:\/\/bbklekovaca.rs\/en\/wp-json\/wp\/v2\/product\/27254\/revisions\/28785"}],"wp:featuredmedia":[{"embeddable":true,"href":"https:\/\/bbklekovaca.rs\/en\/wp-json\/wp\/v2\/media\/28784"}],"wp:attachment":[{"href":"https:\/\/bbklekovaca.rs\/en\/wp-json\/wp\/v2\/media?parent=27254"}],"wp:term":[{"taxonomy":"product_brand","embeddable":true,"href":"https:\/\/bbklekovaca.rs\/en\/wp-json\/wp\/v2\/product_brand?post=27254"},{"taxonomy":"product_cat","embeddable":true,"href":"https:\/\/bbklekovaca.rs\/en\/wp-json\/wp\/v2\/product_cat?post=27254"},{"taxonomy":"product_tag","embeddable":true,"href":"https:\/\/bbklekovaca.rs\/en\/wp-json\/wp\/v2\/product_tag?post=27254"}],"curies":[{"name":"wp","href":"https:\/\/api.w.org\/{rel}","templated":true}]}}