{"id":27240,"date":"2024-06-12T17:07:56","date_gmt":"2024-06-12T15:07:56","guid":{"rendered":"https:\/\/bbklekovaca.rs\/?post_type=product&#038;p=27240"},"modified":"2026-01-22T15:06:54","modified_gmt":"2026-01-22T14:06:54","slug":"bela-drinska-rezerva","status":"publish","type":"product","link":"https:\/\/bbklekovaca.rs\/en\/product\/bela-drinska-rezerva\/","title":{"rendered":"BELA DRINSKA REZERVA"},"content":{"rendered":"<p><strong>Neto: 0,7 l \/ Alk: <\/strong><strong>43,0% vol.<\/strong><\/p>\n<p>A premium white slivovitz made from the Po\u017eega\u010da plum variety, double-distilled from the 2012 harvest. After more than a decade of aging in stainless steel vessels and careful selection of the finest distillates, the complex varietal character of Po\u017eega\u010da fully comes to life.\n\"Bela Drinska\" captivates with its intense fruity aromas, depth, strength, and a fully rounded, exceptionally rich flavor.<\/p>\n<p><em>Limited edition: 1,000 bottles annually<\/em><\/p>","protected":false},"excerpt":{"rendered":"<h2><strong>Neto: 0,7 l \/ Alk: 43,0% vol.<\/strong><\/h2>\n<p>A premium white slivovitz made from the Po\u017eega\u010da plum variety, double-distilled from the 2012 harvest. After more than a decade of aging in stainless steel vessels and careful selection of the finest distillates, the complex varietal character of Po\u017eega\u010da fully comes to life.\n\"Bela Drinska\" captivates with its intense fruity aromas, depth, strength, and a fully rounded, exceptionally rich flavor.<\/p>\n<p><em>Limited edition: 1,000 bottles annually<\/em><\/p>","protected":false},"featured_media":28778,"template":"","meta":[],"product_brand":[],"product_cat":[77,74],"product_tag":[84],"class_list":{"0":"post-27240","1":"product","2":"type-product","3":"status-publish","4":"has-post-thumbnail","6":"product_cat-drinska-kolekcija","7":"product_cat-limited","8":"product_tag-sljiva","10":"first","11":"instock","12":"shipping-taxable","13":"purchasable","14":"product-type-variable"},"yoast_head":"<!-- This site is optimized with the Yoast SEO plugin v27.1.1 - https:\/\/yoast.com\/product\/yoast-seo-wordpress\/ -->\n<title>BELA DRINSKA REZERVA - Destilerija BB Klekova\u010da<\/title>\n<meta name=\"robots\" content=\"index, follow, max-snippet:-1, max-image-preview:large, max-video-preview:-1\" \/>\n<link rel=\"canonical\" href=\"https:\/\/bbklekovaca.rs\/en\/product\/bela-drinska-rezerva\/\" \/>\n<meta property=\"og:locale\" content=\"en_GB\" \/>\n<meta property=\"og:type\" content=\"article\" \/>\n<meta property=\"og:title\" content=\"BELA DRINSKA REZERVA - Destilerija BB Klekova\u010da\" \/>\n<meta property=\"og:description\" content=\"Neto: 0,7 l \/ Alk: 43,0% vol. Premium bela rakija od sorte po\u017eega\u010de, dobijena dvostrukom destilacijom \u0161ljiva iz roda 2012. Posle vi\u0161e od deset godina odle\u017eavanja u sudovima od inoksa i selekcije najboljih destilata, kompleksan sortni karakter po\u017eega\u010de posebno dolazi do izra\u017eaja. \u201eBela Drinska\u201c pleni intenzivnim vo\u0107nim tonovima, puno\u0107om, snagom i potpuno zaokru\u017eenim i izuzetno bogatim ukusom.  Ograni\u010dena serija: 1.000 boca\" \/>\n<meta property=\"og:url\" content=\"https:\/\/bbklekovaca.rs\/en\/product\/bela-drinska-rezerva\/\" \/>\n<meta property=\"og:site_name\" content=\"Destilerija BB Klekova\u010da\" \/>\n<meta property=\"article:publisher\" content=\"https:\/\/www.facebook.com\/bbklekovaca\" \/>\n<meta property=\"article:modified_time\" content=\"2026-01-22T14:06:54+00:00\" \/>\n<meta property=\"og:image\" content=\"https:\/\/bbklekovaca.rs\/wp-content\/uploads\/2024\/06\/REZERVA.jpg\" \/>\n\t<meta property=\"og:image:width\" content=\"1313\" \/>\n\t<meta property=\"og:image:height\" content=\"1500\" \/>\n\t<meta property=\"og:image:type\" content=\"image\/jpeg\" \/>\n<meta name=\"twitter:card\" content=\"summary_large_image\" \/>\n<meta name=\"twitter:label1\" content=\"Estimated reading time\" \/>\n\t<meta name=\"twitter:data1\" content=\"1 minute\" \/>\n<script type=\"application\/ld+json\" class=\"yoast-schema-graph\">{\"@context\":\"https:\/\/schema.org\",\"@graph\":[{\"@type\":\"WebPage\",\"@id\":\"https:\/\/bbklekovaca.rs\/product\/bela-drinska-rezerva\/\",\"url\":\"https:\/\/bbklekovaca.rs\/product\/bela-drinska-rezerva\/\",\"name\":\"BELA DRINSKA REZERVA - Destilerija BB Klekova\u010da\",\"isPartOf\":{\"@id\":\"https:\/\/bbklekovaca.rs\/#website\"},\"primaryImageOfPage\":{\"@id\":\"https:\/\/bbklekovaca.rs\/product\/bela-drinska-rezerva\/#primaryimage\"},\"image\":{\"@id\":\"https:\/\/bbklekovaca.rs\/product\/bela-drinska-rezerva\/#primaryimage\"},\"thumbnailUrl\":\"https:\/\/bbklekovaca.rs\/wp-content\/uploads\/2024\/06\/REZERVA.jpg\",\"datePublished\":\"2024-06-12T15:07:56+00:00\",\"dateModified\":\"2026-01-22T14:06:54+00:00\",\"breadcrumb\":{\"@id\":\"https:\/\/bbklekovaca.rs\/product\/bela-drinska-rezerva\/#breadcrumb\"},\"inLanguage\":\"en-GB\",\"potentialAction\":[{\"@type\":\"ReadAction\",\"target\":[\"https:\/\/bbklekovaca.rs\/product\/bela-drinska-rezerva\/\"]}]},{\"@type\":\"ImageObject\",\"inLanguage\":\"en-GB\",\"@id\":\"https:\/\/bbklekovaca.rs\/product\/bela-drinska-rezerva\/#primaryimage\",\"url\":\"https:\/\/bbklekovaca.rs\/wp-content\/uploads\/2024\/06\/REZERVA.jpg\",\"contentUrl\":\"https:\/\/bbklekovaca.rs\/wp-content\/uploads\/2024\/06\/REZERVA.jpg\",\"width\":1313,\"height\":1500},{\"@type\":\"BreadcrumbList\",\"@id\":\"https:\/\/bbklekovaca.rs\/product\/bela-drinska-rezerva\/#breadcrumb\",\"itemListElement\":[{\"@type\":\"ListItem\",\"position\":1,\"name\":\"Po\u010detna\",\"item\":\"https:\/\/bbklekovaca.rs\/\"},{\"@type\":\"ListItem\",\"position\":2,\"name\":\"Prodavnica\",\"item\":\"https:\/\/bbklekovaca.rs\/shop\/\"},{\"@type\":\"ListItem\",\"position\":3,\"name\":\"BELA DRINSKA REZERVA\"}]},{\"@type\":\"WebSite\",\"@id\":\"https:\/\/bbklekovaca.rs\/#website\",\"url\":\"https:\/\/bbklekovaca.rs\/\",\"name\":\"Destilerija BB Klekova\u010da\",\"description\":\"Srce Drine, du\u0161a Tare\",\"publisher\":{\"@id\":\"https:\/\/bbklekovaca.rs\/#organization\"},\"potentialAction\":[{\"@type\":\"SearchAction\",\"target\":{\"@type\":\"EntryPoint\",\"urlTemplate\":\"https:\/\/bbklekovaca.rs\/?s={search_term_string}\"},\"query-input\":{\"@type\":\"PropertyValueSpecification\",\"valueRequired\":true,\"valueName\":\"search_term_string\"}}],\"inLanguage\":\"en-GB\"},{\"@type\":\"Organization\",\"@id\":\"https:\/\/bbklekovaca.rs\/#organization\",\"name\":\"BB Klekova\u010da d.o.o. Bajina Ba\u0161ta\",\"alternateName\":\"BB Klekova\u010da\",\"url\":\"https:\/\/bbklekovaca.rs\/\",\"logo\":{\"@type\":\"ImageObject\",\"inLanguage\":\"en-GB\",\"@id\":\"https:\/\/bbklekovaca.rs\/#\/schema\/logo\/image\/\",\"url\":\"https:\/\/bbklekovaca.rs\/wp-content\/uploads\/2024\/06\/logo1.png\",\"contentUrl\":\"https:\/\/bbklekovaca.rs\/wp-content\/uploads\/2024\/06\/logo1.png\",\"width\":1080,\"height\":1080,\"caption\":\"BB Klekova\u010da d.o.o. Bajina Ba\u0161ta\"},\"image\":{\"@id\":\"https:\/\/bbklekovaca.rs\/#\/schema\/logo\/image\/\"},\"sameAs\":[\"https:\/\/www.facebook.com\/bbklekovaca\",\"https:\/\/instagram.com\/bb.klekovaca\"]}]}<\/script>\n<!-- \/ Yoast SEO plugin. -->","yoast_head_json":{"title":"BELA DRINSKA REZERVA - Destilerija BB Klekova\u010da","robots":{"index":"index","follow":"follow","max-snippet":"max-snippet:-1","max-image-preview":"max-image-preview:large","max-video-preview":"max-video-preview:-1"},"canonical":"https:\/\/bbklekovaca.rs\/en\/product\/bela-drinska-rezerva\/","og_locale":"en_GB","og_type":"article","og_title":"BELA DRINSKA REZERVA - Destilerija BB Klekova\u010da","og_description":"Neto: 0,7 l \/ Alk: 43,0% vol. Premium bela rakija od sorte po\u017eega\u010de, dobijena dvostrukom destilacijom \u0161ljiva iz roda 2012. Posle vi\u0161e od deset godina odle\u017eavanja u sudovima od inoksa i selekcije najboljih destilata, kompleksan sortni karakter po\u017eega\u010de posebno dolazi do izra\u017eaja. \u201eBela Drinska\u201c pleni intenzivnim vo\u0107nim tonovima, puno\u0107om, snagom i potpuno zaokru\u017eenim i izuzetno bogatim ukusom.  Ograni\u010dena serija: 1.000 boca","og_url":"https:\/\/bbklekovaca.rs\/en\/product\/bela-drinska-rezerva\/","og_site_name":"Destilerija BB Klekova\u010da","article_publisher":"https:\/\/www.facebook.com\/bbklekovaca","article_modified_time":"2026-01-22T14:06:54+00:00","og_image":[{"width":1313,"height":1500,"url":"https:\/\/bbklekovaca.rs\/wp-content\/uploads\/2024\/06\/REZERVA.jpg","type":"image\/jpeg"}],"twitter_card":"summary_large_image","twitter_misc":{"Estimated reading time":"1 minute"},"schema":{"@context":"https:\/\/schema.org","@graph":[{"@type":"WebPage","@id":"https:\/\/bbklekovaca.rs\/product\/bela-drinska-rezerva\/","url":"https:\/\/bbklekovaca.rs\/product\/bela-drinska-rezerva\/","name":"BELA DRINSKA REZERVA - Destilerija BB Klekova\u010da","isPartOf":{"@id":"https:\/\/bbklekovaca.rs\/#website"},"primaryImageOfPage":{"@id":"https:\/\/bbklekovaca.rs\/product\/bela-drinska-rezerva\/#primaryimage"},"image":{"@id":"https:\/\/bbklekovaca.rs\/product\/bela-drinska-rezerva\/#primaryimage"},"thumbnailUrl":"https:\/\/bbklekovaca.rs\/wp-content\/uploads\/2024\/06\/REZERVA.jpg","datePublished":"2024-06-12T15:07:56+00:00","dateModified":"2026-01-22T14:06:54+00:00","breadcrumb":{"@id":"https:\/\/bbklekovaca.rs\/product\/bela-drinska-rezerva\/#breadcrumb"},"inLanguage":"en-GB","potentialAction":[{"@type":"ReadAction","target":["https:\/\/bbklekovaca.rs\/product\/bela-drinska-rezerva\/"]}]},{"@type":"ImageObject","inLanguage":"en-GB","@id":"https:\/\/bbklekovaca.rs\/product\/bela-drinska-rezerva\/#primaryimage","url":"https:\/\/bbklekovaca.rs\/wp-content\/uploads\/2024\/06\/REZERVA.jpg","contentUrl":"https:\/\/bbklekovaca.rs\/wp-content\/uploads\/2024\/06\/REZERVA.jpg","width":1313,"height":1500},{"@type":"BreadcrumbList","@id":"https:\/\/bbklekovaca.rs\/product\/bela-drinska-rezerva\/#breadcrumb","itemListElement":[{"@type":"ListItem","position":1,"name":"Po\u010detna","item":"https:\/\/bbklekovaca.rs\/"},{"@type":"ListItem","position":2,"name":"Prodavnica","item":"https:\/\/bbklekovaca.rs\/shop\/"},{"@type":"ListItem","position":3,"name":"BELA DRINSKA REZERVA"}]},{"@type":"WebSite","@id":"https:\/\/bbklekovaca.rs\/#website","url":"https:\/\/bbklekovaca.rs\/","name":"Destilerija BB Klekova\u010da","description":"Heart of Drina, Soul of Tara","publisher":{"@id":"https:\/\/bbklekovaca.rs\/#organization"},"potentialAction":[{"@type":"SearchAction","target":{"@type":"EntryPoint","urlTemplate":"https:\/\/bbklekovaca.rs\/?s={search_term_string}"},"query-input":{"@type":"PropertyValueSpecification","valueRequired":true,"valueName":"search_term_string"}}],"inLanguage":"en-GB"},{"@type":"Organization","@id":"https:\/\/bbklekovaca.rs\/#organization","name":"BB Klekova\u010da d.o.o. Bajina Ba\u0161ta","alternateName":"BB Klekova\u010da","url":"https:\/\/bbklekovaca.rs\/","logo":{"@type":"ImageObject","inLanguage":"en-GB","@id":"https:\/\/bbklekovaca.rs\/#\/schema\/logo\/image\/","url":"https:\/\/bbklekovaca.rs\/wp-content\/uploads\/2024\/06\/logo1.png","contentUrl":"https:\/\/bbklekovaca.rs\/wp-content\/uploads\/2024\/06\/logo1.png","width":1080,"height":1080,"caption":"BB Klekova\u010da d.o.o. Bajina Ba\u0161ta"},"image":{"@id":"https:\/\/bbklekovaca.rs\/#\/schema\/logo\/image\/"},"sameAs":["https:\/\/www.facebook.com\/bbklekovaca","https:\/\/instagram.com\/bb.klekovaca"]}]}},"_links":{"self":[{"href":"https:\/\/bbklekovaca.rs\/en\/wp-json\/wp\/v2\/product\/27240","targetHints":{"allow":["GET"]}}],"collection":[{"href":"https:\/\/bbklekovaca.rs\/en\/wp-json\/wp\/v2\/product"}],"about":[{"href":"https:\/\/bbklekovaca.rs\/en\/wp-json\/wp\/v2\/types\/product"}],"version-history":[{"count":1,"href":"https:\/\/bbklekovaca.rs\/en\/wp-json\/wp\/v2\/product\/27240\/revisions"}],"predecessor-version":[{"id":28779,"href":"https:\/\/bbklekovaca.rs\/en\/wp-json\/wp\/v2\/product\/27240\/revisions\/28779"}],"wp:featuredmedia":[{"embeddable":true,"href":"https:\/\/bbklekovaca.rs\/en\/wp-json\/wp\/v2\/media\/28778"}],"wp:attachment":[{"href":"https:\/\/bbklekovaca.rs\/en\/wp-json\/wp\/v2\/media?parent=27240"}],"wp:term":[{"taxonomy":"product_brand","embeddable":true,"href":"https:\/\/bbklekovaca.rs\/en\/wp-json\/wp\/v2\/product_brand?post=27240"},{"taxonomy":"product_cat","embeddable":true,"href":"https:\/\/bbklekovaca.rs\/en\/wp-json\/wp\/v2\/product_cat?post=27240"},{"taxonomy":"product_tag","embeddable":true,"href":"https:\/\/bbklekovaca.rs\/en\/wp-json\/wp\/v2\/product_tag?post=27240"}],"curies":[{"name":"wp","href":"https:\/\/api.w.org\/{rel}","templated":true}]}}