{"id":27232,"date":"2024-06-10T16:27:55","date_gmt":"2024-06-10T14:27:55","guid":{"rendered":"https:\/\/bbklekovaca.rs\/?post_type=product&#038;p=27232"},"modified":"2026-01-22T12:23:46","modified_gmt":"2026-01-22T11:23:46","slug":"bb-klekovaca-stara-ambalaza","status":"publish","type":"product","link":"https:\/\/bbklekovaca.rs\/en\/product\/bb-klekovaca-stara-ambalaza\/","title":{"rendered":"BB KLEKOVA\u010cA 1L RETRO"},"content":{"rendered":"<p><strong>Neto: 1 l \/ Alk: <\/strong><strong>43,0% vol.<\/strong><\/p>\n<p>\"Klekova\u010da\" is an authentic and traditional rakija from Bajina Ba\u0161ta and Mount Tara, with origins that reach far back into the past. This premium rakija is made through double distillation of the finest plum varieties, enriched with medicinal juniper berries. \"BB Klekova\u010da,\" crafted according to our original recipe, stands as a symbol of our long-standing heritage and is a benchmark of quality for this type of rakija.<\/p>","protected":false},"excerpt":{"rendered":"<h2><strong>Neto: 1 l \/ Alk: 43,0% vol.<\/strong><\/h2>\n<p>\"Klekova\u010da\" is an authentic and traditional rakija from Bajina Ba\u0161ta and Mount Tara, with origins that reach far back into the past. This premium rakija is made through double distillation of the finest plum varieties, enriched with medicinal juniper berries. \"BB Klekova\u010da,\" crafted according to our original recipe, stands as a symbol of our long-standing heritage and is a benchmark of quality for this type of rakija.<\/p>","protected":false},"featured_media":28817,"template":"","meta":[],"product_brand":[],"product_cat":[75],"product_tag":[85,84],"class_list":{"0":"post-27232","1":"product","2":"type-product","3":"status-publish","4":"has-post-thumbnail","6":"product_cat-klekovace","7":"product_tag-kleka","8":"product_tag-sljiva","10":"first","11":"instock","12":"shipping-taxable","13":"purchasable","14":"product-type-simple"},"yoast_head":"<!-- This site is optimized with the Yoast SEO plugin v27.1.1 - https:\/\/yoast.com\/product\/yoast-seo-wordpress\/ -->\n<title>BB KLEKOVA\u010cA 1L RETRO - Destilerija BB Klekova\u010da<\/title>\n<meta name=\"robots\" content=\"index, follow, max-snippet:-1, max-image-preview:large, max-video-preview:-1\" \/>\n<link rel=\"canonical\" href=\"https:\/\/bbklekovaca.rs\/en\/product\/bb-klekovaca-stara-ambalaza\/\" \/>\n<meta property=\"og:locale\" content=\"en_GB\" \/>\n<meta property=\"og:type\" content=\"article\" \/>\n<meta property=\"og:title\" content=\"BB KLEKOVA\u010cA 1L RETRO - Destilerija BB Klekova\u010da\" \/>\n<meta property=\"og:description\" content=\"Neto: 1 l \/ Alk: 43,0% vol. Klekova\u010da je autenti\u010dna i tradicionalna rakija Bajine Ba\u0161te i planine Tare, \u010dije poreklo se\u017ee duboko u pro\u0161lost. Ova vrhunska rakija nastaje dvostrukom destilacijom najkvalitetnijih sorti \u0161ljiva, sa dodatkom lekovitih bobica kleke. Upravo \u201eBB Klekova\u010da\u201c predstavlja simbol duge tradicije i kvaliteta ove vrste rakije.\" \/>\n<meta property=\"og:url\" content=\"https:\/\/bbklekovaca.rs\/en\/product\/bb-klekovaca-stara-ambalaza\/\" \/>\n<meta property=\"og:site_name\" content=\"Destilerija BB Klekova\u010da\" \/>\n<meta property=\"article:publisher\" content=\"https:\/\/www.facebook.com\/bbklekovaca\" \/>\n<meta property=\"article:modified_time\" content=\"2026-01-22T11:23:46+00:00\" \/>\n<meta property=\"og:image\" content=\"https:\/\/bbklekovaca.rs\/wp-content\/uploads\/2024\/06\/retro.jpg\" \/>\n\t<meta property=\"og:image:width\" content=\"1313\" \/>\n\t<meta property=\"og:image:height\" content=\"1500\" \/>\n\t<meta property=\"og:image:type\" content=\"image\/jpeg\" \/>\n<meta name=\"twitter:card\" content=\"summary_large_image\" \/>\n<meta name=\"twitter:label1\" content=\"Estimated reading time\" \/>\n\t<meta name=\"twitter:data1\" content=\"1 minute\" \/>\n<script type=\"application\/ld+json\" class=\"yoast-schema-graph\">{\"@context\":\"https:\/\/schema.org\",\"@graph\":[{\"@type\":\"WebPage\",\"@id\":\"https:\/\/bbklekovaca.rs\/product\/bb-klekovaca-stara-ambalaza\/\",\"url\":\"https:\/\/bbklekovaca.rs\/product\/bb-klekovaca-stara-ambalaza\/\",\"name\":\"BB KLEKOVA\u010cA 1L RETRO - Destilerija BB Klekova\u010da\",\"isPartOf\":{\"@id\":\"https:\/\/bbklekovaca.rs\/#website\"},\"primaryImageOfPage\":{\"@id\":\"https:\/\/bbklekovaca.rs\/product\/bb-klekovaca-stara-ambalaza\/#primaryimage\"},\"image\":{\"@id\":\"https:\/\/bbklekovaca.rs\/product\/bb-klekovaca-stara-ambalaza\/#primaryimage\"},\"thumbnailUrl\":\"https:\/\/bbklekovaca.rs\/wp-content\/uploads\/2024\/06\/retro.jpg\",\"datePublished\":\"2024-06-10T14:27:55+00:00\",\"dateModified\":\"2026-01-22T11:23:46+00:00\",\"breadcrumb\":{\"@id\":\"https:\/\/bbklekovaca.rs\/product\/bb-klekovaca-stara-ambalaza\/#breadcrumb\"},\"inLanguage\":\"en-GB\",\"potentialAction\":[{\"@type\":\"ReadAction\",\"target\":[\"https:\/\/bbklekovaca.rs\/product\/bb-klekovaca-stara-ambalaza\/\"]}]},{\"@type\":\"ImageObject\",\"inLanguage\":\"en-GB\",\"@id\":\"https:\/\/bbklekovaca.rs\/product\/bb-klekovaca-stara-ambalaza\/#primaryimage\",\"url\":\"https:\/\/bbklekovaca.rs\/wp-content\/uploads\/2024\/06\/retro.jpg\",\"contentUrl\":\"https:\/\/bbklekovaca.rs\/wp-content\/uploads\/2024\/06\/retro.jpg\",\"width\":1313,\"height\":1500},{\"@type\":\"BreadcrumbList\",\"@id\":\"https:\/\/bbklekovaca.rs\/product\/bb-klekovaca-stara-ambalaza\/#breadcrumb\",\"itemListElement\":[{\"@type\":\"ListItem\",\"position\":1,\"name\":\"Po\u010detna\",\"item\":\"https:\/\/bbklekovaca.rs\/\"},{\"@type\":\"ListItem\",\"position\":2,\"name\":\"Prodavnica\",\"item\":\"https:\/\/bbklekovaca.rs\/shop\/\"},{\"@type\":\"ListItem\",\"position\":3,\"name\":\"BB KLEKOVA\u010cA 1L RETRO\"}]},{\"@type\":\"WebSite\",\"@id\":\"https:\/\/bbklekovaca.rs\/#website\",\"url\":\"https:\/\/bbklekovaca.rs\/\",\"name\":\"Destilerija BB Klekova\u010da\",\"description\":\"Srce Drine, du\u0161a Tare\",\"publisher\":{\"@id\":\"https:\/\/bbklekovaca.rs\/#organization\"},\"potentialAction\":[{\"@type\":\"SearchAction\",\"target\":{\"@type\":\"EntryPoint\",\"urlTemplate\":\"https:\/\/bbklekovaca.rs\/?s={search_term_string}\"},\"query-input\":{\"@type\":\"PropertyValueSpecification\",\"valueRequired\":true,\"valueName\":\"search_term_string\"}}],\"inLanguage\":\"en-GB\"},{\"@type\":\"Organization\",\"@id\":\"https:\/\/bbklekovaca.rs\/#organization\",\"name\":\"BB Klekova\u010da d.o.o. Bajina Ba\u0161ta\",\"alternateName\":\"BB Klekova\u010da\",\"url\":\"https:\/\/bbklekovaca.rs\/\",\"logo\":{\"@type\":\"ImageObject\",\"inLanguage\":\"en-GB\",\"@id\":\"https:\/\/bbklekovaca.rs\/#\/schema\/logo\/image\/\",\"url\":\"https:\/\/bbklekovaca.rs\/wp-content\/uploads\/2024\/06\/logo1.png\",\"contentUrl\":\"https:\/\/bbklekovaca.rs\/wp-content\/uploads\/2024\/06\/logo1.png\",\"width\":1080,\"height\":1080,\"caption\":\"BB Klekova\u010da d.o.o. Bajina Ba\u0161ta\"},\"image\":{\"@id\":\"https:\/\/bbklekovaca.rs\/#\/schema\/logo\/image\/\"},\"sameAs\":[\"https:\/\/www.facebook.com\/bbklekovaca\",\"https:\/\/instagram.com\/bb.klekovaca\"]}]}<\/script>\n<!-- \/ Yoast SEO plugin. -->","yoast_head_json":{"title":"BB KLEKOVA\u010cA 1L RETRO - Destilerija BB Klekova\u010da","robots":{"index":"index","follow":"follow","max-snippet":"max-snippet:-1","max-image-preview":"max-image-preview:large","max-video-preview":"max-video-preview:-1"},"canonical":"https:\/\/bbklekovaca.rs\/en\/product\/bb-klekovaca-stara-ambalaza\/","og_locale":"en_GB","og_type":"article","og_title":"BB KLEKOVA\u010cA 1L RETRO - Destilerija BB Klekova\u010da","og_description":"Neto: 1 l \/ Alk: 43,0% vol. Klekova\u010da je autenti\u010dna i tradicionalna rakija Bajine Ba\u0161te i planine Tare, \u010dije poreklo se\u017ee duboko u pro\u0161lost. Ova vrhunska rakija nastaje dvostrukom destilacijom najkvalitetnijih sorti \u0161ljiva, sa dodatkom lekovitih bobica kleke. Upravo \u201eBB Klekova\u010da\u201c predstavlja simbol duge tradicije i kvaliteta ove vrste rakije.","og_url":"https:\/\/bbklekovaca.rs\/en\/product\/bb-klekovaca-stara-ambalaza\/","og_site_name":"Destilerija BB Klekova\u010da","article_publisher":"https:\/\/www.facebook.com\/bbklekovaca","article_modified_time":"2026-01-22T11:23:46+00:00","og_image":[{"width":1313,"height":1500,"url":"https:\/\/bbklekovaca.rs\/wp-content\/uploads\/2024\/06\/retro.jpg","type":"image\/jpeg"}],"twitter_card":"summary_large_image","twitter_misc":{"Estimated reading time":"1 minute"},"schema":{"@context":"https:\/\/schema.org","@graph":[{"@type":"WebPage","@id":"https:\/\/bbklekovaca.rs\/product\/bb-klekovaca-stara-ambalaza\/","url":"https:\/\/bbklekovaca.rs\/product\/bb-klekovaca-stara-ambalaza\/","name":"BB KLEKOVA\u010cA 1L RETRO - Destilerija BB Klekova\u010da","isPartOf":{"@id":"https:\/\/bbklekovaca.rs\/#website"},"primaryImageOfPage":{"@id":"https:\/\/bbklekovaca.rs\/product\/bb-klekovaca-stara-ambalaza\/#primaryimage"},"image":{"@id":"https:\/\/bbklekovaca.rs\/product\/bb-klekovaca-stara-ambalaza\/#primaryimage"},"thumbnailUrl":"https:\/\/bbklekovaca.rs\/wp-content\/uploads\/2024\/06\/retro.jpg","datePublished":"2024-06-10T14:27:55+00:00","dateModified":"2026-01-22T11:23:46+00:00","breadcrumb":{"@id":"https:\/\/bbklekovaca.rs\/product\/bb-klekovaca-stara-ambalaza\/#breadcrumb"},"inLanguage":"en-GB","potentialAction":[{"@type":"ReadAction","target":["https:\/\/bbklekovaca.rs\/product\/bb-klekovaca-stara-ambalaza\/"]}]},{"@type":"ImageObject","inLanguage":"en-GB","@id":"https:\/\/bbklekovaca.rs\/product\/bb-klekovaca-stara-ambalaza\/#primaryimage","url":"https:\/\/bbklekovaca.rs\/wp-content\/uploads\/2024\/06\/retro.jpg","contentUrl":"https:\/\/bbklekovaca.rs\/wp-content\/uploads\/2024\/06\/retro.jpg","width":1313,"height":1500},{"@type":"BreadcrumbList","@id":"https:\/\/bbklekovaca.rs\/product\/bb-klekovaca-stara-ambalaza\/#breadcrumb","itemListElement":[{"@type":"ListItem","position":1,"name":"Po\u010detna","item":"https:\/\/bbklekovaca.rs\/"},{"@type":"ListItem","position":2,"name":"Prodavnica","item":"https:\/\/bbklekovaca.rs\/shop\/"},{"@type":"ListItem","position":3,"name":"BB KLEKOVA\u010cA 1L RETRO"}]},{"@type":"WebSite","@id":"https:\/\/bbklekovaca.rs\/#website","url":"https:\/\/bbklekovaca.rs\/","name":"Destilerija BB Klekova\u010da","description":"Heart of Drina, Soul of Tara","publisher":{"@id":"https:\/\/bbklekovaca.rs\/#organization"},"potentialAction":[{"@type":"SearchAction","target":{"@type":"EntryPoint","urlTemplate":"https:\/\/bbklekovaca.rs\/?s={search_term_string}"},"query-input":{"@type":"PropertyValueSpecification","valueRequired":true,"valueName":"search_term_string"}}],"inLanguage":"en-GB"},{"@type":"Organization","@id":"https:\/\/bbklekovaca.rs\/#organization","name":"BB Klekova\u010da d.o.o. Bajina Ba\u0161ta","alternateName":"BB Klekova\u010da","url":"https:\/\/bbklekovaca.rs\/","logo":{"@type":"ImageObject","inLanguage":"en-GB","@id":"https:\/\/bbklekovaca.rs\/#\/schema\/logo\/image\/","url":"https:\/\/bbklekovaca.rs\/wp-content\/uploads\/2024\/06\/logo1.png","contentUrl":"https:\/\/bbklekovaca.rs\/wp-content\/uploads\/2024\/06\/logo1.png","width":1080,"height":1080,"caption":"BB Klekova\u010da d.o.o. Bajina Ba\u0161ta"},"image":{"@id":"https:\/\/bbklekovaca.rs\/#\/schema\/logo\/image\/"},"sameAs":["https:\/\/www.facebook.com\/bbklekovaca","https:\/\/instagram.com\/bb.klekovaca"]}]}},"_links":{"self":[{"href":"https:\/\/bbklekovaca.rs\/en\/wp-json\/wp\/v2\/product\/27232","targetHints":{"allow":["GET"]}}],"collection":[{"href":"https:\/\/bbklekovaca.rs\/en\/wp-json\/wp\/v2\/product"}],"about":[{"href":"https:\/\/bbklekovaca.rs\/en\/wp-json\/wp\/v2\/types\/product"}],"version-history":[{"count":2,"href":"https:\/\/bbklekovaca.rs\/en\/wp-json\/wp\/v2\/product\/27232\/revisions"}],"predecessor-version":[{"id":29028,"href":"https:\/\/bbklekovaca.rs\/en\/wp-json\/wp\/v2\/product\/27232\/revisions\/29028"}],"wp:featuredmedia":[{"embeddable":true,"href":"https:\/\/bbklekovaca.rs\/en\/wp-json\/wp\/v2\/media\/28817"}],"wp:attachment":[{"href":"https:\/\/bbklekovaca.rs\/en\/wp-json\/wp\/v2\/media?parent=27232"}],"wp:term":[{"taxonomy":"product_brand","embeddable":true,"href":"https:\/\/bbklekovaca.rs\/en\/wp-json\/wp\/v2\/product_brand?post=27232"},{"taxonomy":"product_cat","embeddable":true,"href":"https:\/\/bbklekovaca.rs\/en\/wp-json\/wp\/v2\/product_cat?post=27232"},{"taxonomy":"product_tag","embeddable":true,"href":"https:\/\/bbklekovaca.rs\/en\/wp-json\/wp\/v2\/product_tag?post=27232"}],"curies":[{"name":"wp","href":"https:\/\/api.w.org\/{rel}","templated":true}]}}