{"id":27220,"date":"2024-06-10T16:30:04","date_gmt":"2024-06-10T14:30:04","guid":{"rendered":"https:\/\/bbklekovaca.rs\/?post_type=product&#038;p=27220"},"modified":"2026-01-22T12:25:54","modified_gmt":"2026-01-22T11:25:54","slug":"bb-klekovaca-special","status":"publish","type":"product","link":"https:\/\/bbklekovaca.rs\/en\/product\/bb-klekovaca-special\/","title":{"rendered":"BB KLEKOVA\u010cA SPECIAL"},"content":{"rendered":"<p><strong>Neto: 0,7 l \/ Alk: <\/strong><strong>43,0% vol.<\/strong><\/p>\n<p>A premium-quality \"Klekova\u010da,\" crafted according to our original recipe. It is produced through double distillation of the finest plum varieties, with a special process of adding carefully selected medicinal juniper berries.\nAged for 5 years in 500-liter Serbian oak barrels, this rakija offers an elegant, refined flavor, with subtle pine notes and a gentle oak patina, all rounded by the fullness and strength of a well-aged slivovitz.<\/p>","protected":false},"excerpt":{"rendered":"<h2><strong>Neto: 0,7 l \/ Alk: 43,0% vol.<\/strong><\/h2>\n<p>A premium-quality \"Klekova\u010da,\" crafted according to our original recipe. It is produced through double distillation of the finest plum varieties, with a special process of adding carefully selected medicinal juniper berries.\nAged for 5 years in 500-liter Serbian oak barrels, this rakija offers an elegant, refined flavor, with subtle pine notes and a gentle oak patina, all rounded by the fullness and strength of a well-aged slivovitz.<\/p>","protected":false},"featured_media":28814,"template":"","meta":[],"product_brand":[],"product_cat":[75],"product_tag":[85,84],"class_list":{"0":"post-27220","1":"product","2":"type-product","3":"status-publish","4":"has-post-thumbnail","6":"product_cat-klekovace","7":"product_tag-kleka","8":"product_tag-sljiva","10":"first","11":"instock","12":"shipping-taxable","13":"purchasable","14":"product-type-variable"},"yoast_head":"<!-- This site is optimized with the Yoast SEO plugin v27.1.1 - https:\/\/yoast.com\/product\/yoast-seo-wordpress\/ -->\n<title>BB KLEKOVA\u010cA SPECIAL - Destilerija BB Klekova\u010da<\/title>\n<meta name=\"robots\" content=\"index, follow, max-snippet:-1, max-image-preview:large, max-video-preview:-1\" \/>\n<link rel=\"canonical\" href=\"https:\/\/bbklekovaca.rs\/en\/product\/bb-klekovaca-special\/\" \/>\n<meta property=\"og:locale\" content=\"en_GB\" \/>\n<meta property=\"og:type\" content=\"article\" \/>\n<meta property=\"og:title\" content=\"BB KLEKOVA\u010cA SPECIAL - Destilerija BB Klekova\u010da\" \/>\n<meta property=\"og:description\" content=\"Neto: 0,7 l \/ Alk: 43,0% vol. Klekova\u010da premijum kvaliteta koja se proizvodi po na\u0161oj originalnoj recepturi. Dobijena je dvostrukom destilacijom najkvalitetnijih sorti \u0161ljiva, uz specijalan postupak dodavanja probranih bobica lekovite kleke. Odle\u017eava 5 godina u buradima od srpskog hrasta zapremine 500 l. Ima veoma elegantan, prefinjen ukus, sa diskretnim \u010detinarskim tonovima i blagom patinom hrasta, zaokru\u017een puno\u0107om i snagom stare prepe\u010denice.\" \/>\n<meta property=\"og:url\" content=\"https:\/\/bbklekovaca.rs\/en\/product\/bb-klekovaca-special\/\" \/>\n<meta property=\"og:site_name\" content=\"Destilerija BB Klekova\u010da\" \/>\n<meta property=\"article:publisher\" content=\"https:\/\/www.facebook.com\/bbklekovaca\" \/>\n<meta property=\"article:modified_time\" content=\"2026-01-22T11:25:54+00:00\" \/>\n<meta property=\"og:image\" content=\"https:\/\/bbklekovaca.rs\/wp-content\/uploads\/2024\/06\/SPECIAL.jpg\" \/>\n\t<meta property=\"og:image:width\" content=\"1313\" \/>\n\t<meta property=\"og:image:height\" content=\"1500\" \/>\n\t<meta property=\"og:image:type\" content=\"image\/jpeg\" \/>\n<meta name=\"twitter:card\" content=\"summary_large_image\" \/>\n<meta name=\"twitter:label1\" content=\"Estimated reading time\" \/>\n\t<meta name=\"twitter:data1\" content=\"1 minute\" \/>\n<script type=\"application\/ld+json\" class=\"yoast-schema-graph\">{\"@context\":\"https:\/\/schema.org\",\"@graph\":[{\"@type\":\"WebPage\",\"@id\":\"https:\/\/bbklekovaca.rs\/product\/bb-klekovaca-special\/\",\"url\":\"https:\/\/bbklekovaca.rs\/product\/bb-klekovaca-special\/\",\"name\":\"BB KLEKOVA\u010cA SPECIAL - Destilerija BB Klekova\u010da\",\"isPartOf\":{\"@id\":\"https:\/\/bbklekovaca.rs\/#website\"},\"primaryImageOfPage\":{\"@id\":\"https:\/\/bbklekovaca.rs\/product\/bb-klekovaca-special\/#primaryimage\"},\"image\":{\"@id\":\"https:\/\/bbklekovaca.rs\/product\/bb-klekovaca-special\/#primaryimage\"},\"thumbnailUrl\":\"https:\/\/bbklekovaca.rs\/wp-content\/uploads\/2024\/06\/SPECIAL.jpg\",\"datePublished\":\"2024-06-10T14:30:04+00:00\",\"dateModified\":\"2026-01-22T11:25:54+00:00\",\"breadcrumb\":{\"@id\":\"https:\/\/bbklekovaca.rs\/product\/bb-klekovaca-special\/#breadcrumb\"},\"inLanguage\":\"en-GB\",\"potentialAction\":[{\"@type\":\"ReadAction\",\"target\":[\"https:\/\/bbklekovaca.rs\/product\/bb-klekovaca-special\/\"]}]},{\"@type\":\"ImageObject\",\"inLanguage\":\"en-GB\",\"@id\":\"https:\/\/bbklekovaca.rs\/product\/bb-klekovaca-special\/#primaryimage\",\"url\":\"https:\/\/bbklekovaca.rs\/wp-content\/uploads\/2024\/06\/SPECIAL.jpg\",\"contentUrl\":\"https:\/\/bbklekovaca.rs\/wp-content\/uploads\/2024\/06\/SPECIAL.jpg\",\"width\":1313,\"height\":1500},{\"@type\":\"BreadcrumbList\",\"@id\":\"https:\/\/bbklekovaca.rs\/product\/bb-klekovaca-special\/#breadcrumb\",\"itemListElement\":[{\"@type\":\"ListItem\",\"position\":1,\"name\":\"Po\u010detna\",\"item\":\"https:\/\/bbklekovaca.rs\/\"},{\"@type\":\"ListItem\",\"position\":2,\"name\":\"Prodavnica\",\"item\":\"https:\/\/bbklekovaca.rs\/shop\/\"},{\"@type\":\"ListItem\",\"position\":3,\"name\":\"BB KLEKOVA\u010cA SPECIAL\"}]},{\"@type\":\"WebSite\",\"@id\":\"https:\/\/bbklekovaca.rs\/#website\",\"url\":\"https:\/\/bbklekovaca.rs\/\",\"name\":\"Destilerija BB Klekova\u010da\",\"description\":\"Srce Drine, du\u0161a Tare\",\"publisher\":{\"@id\":\"https:\/\/bbklekovaca.rs\/#organization\"},\"potentialAction\":[{\"@type\":\"SearchAction\",\"target\":{\"@type\":\"EntryPoint\",\"urlTemplate\":\"https:\/\/bbklekovaca.rs\/?s={search_term_string}\"},\"query-input\":{\"@type\":\"PropertyValueSpecification\",\"valueRequired\":true,\"valueName\":\"search_term_string\"}}],\"inLanguage\":\"en-GB\"},{\"@type\":\"Organization\",\"@id\":\"https:\/\/bbklekovaca.rs\/#organization\",\"name\":\"BB Klekova\u010da d.o.o. Bajina Ba\u0161ta\",\"alternateName\":\"BB Klekova\u010da\",\"url\":\"https:\/\/bbklekovaca.rs\/\",\"logo\":{\"@type\":\"ImageObject\",\"inLanguage\":\"en-GB\",\"@id\":\"https:\/\/bbklekovaca.rs\/#\/schema\/logo\/image\/\",\"url\":\"https:\/\/bbklekovaca.rs\/wp-content\/uploads\/2024\/06\/logo1.png\",\"contentUrl\":\"https:\/\/bbklekovaca.rs\/wp-content\/uploads\/2024\/06\/logo1.png\",\"width\":1080,\"height\":1080,\"caption\":\"BB Klekova\u010da d.o.o. Bajina Ba\u0161ta\"},\"image\":{\"@id\":\"https:\/\/bbklekovaca.rs\/#\/schema\/logo\/image\/\"},\"sameAs\":[\"https:\/\/www.facebook.com\/bbklekovaca\",\"https:\/\/instagram.com\/bb.klekovaca\"]}]}<\/script>\n<!-- \/ Yoast SEO plugin. -->","yoast_head_json":{"title":"BB KLEKOVA\u010cA SPECIAL - Destilerija BB Klekova\u010da","robots":{"index":"index","follow":"follow","max-snippet":"max-snippet:-1","max-image-preview":"max-image-preview:large","max-video-preview":"max-video-preview:-1"},"canonical":"https:\/\/bbklekovaca.rs\/en\/product\/bb-klekovaca-special\/","og_locale":"en_GB","og_type":"article","og_title":"BB KLEKOVA\u010cA SPECIAL - Destilerija BB Klekova\u010da","og_description":"Neto: 0,7 l \/ Alk: 43,0% vol. Klekova\u010da premijum kvaliteta koja se proizvodi po na\u0161oj originalnoj recepturi. Dobijena je dvostrukom destilacijom najkvalitetnijih sorti \u0161ljiva, uz specijalan postupak dodavanja probranih bobica lekovite kleke. Odle\u017eava 5 godina u buradima od srpskog hrasta zapremine 500 l. Ima veoma elegantan, prefinjen ukus, sa diskretnim \u010detinarskim tonovima i blagom patinom hrasta, zaokru\u017een puno\u0107om i snagom stare prepe\u010denice.","og_url":"https:\/\/bbklekovaca.rs\/en\/product\/bb-klekovaca-special\/","og_site_name":"Destilerija BB Klekova\u010da","article_publisher":"https:\/\/www.facebook.com\/bbklekovaca","article_modified_time":"2026-01-22T11:25:54+00:00","og_image":[{"width":1313,"height":1500,"url":"https:\/\/bbklekovaca.rs\/wp-content\/uploads\/2024\/06\/SPECIAL.jpg","type":"image\/jpeg"}],"twitter_card":"summary_large_image","twitter_misc":{"Estimated reading time":"1 minute"},"schema":{"@context":"https:\/\/schema.org","@graph":[{"@type":"WebPage","@id":"https:\/\/bbklekovaca.rs\/product\/bb-klekovaca-special\/","url":"https:\/\/bbklekovaca.rs\/product\/bb-klekovaca-special\/","name":"BB KLEKOVA\u010cA SPECIAL - Destilerija BB Klekova\u010da","isPartOf":{"@id":"https:\/\/bbklekovaca.rs\/#website"},"primaryImageOfPage":{"@id":"https:\/\/bbklekovaca.rs\/product\/bb-klekovaca-special\/#primaryimage"},"image":{"@id":"https:\/\/bbklekovaca.rs\/product\/bb-klekovaca-special\/#primaryimage"},"thumbnailUrl":"https:\/\/bbklekovaca.rs\/wp-content\/uploads\/2024\/06\/SPECIAL.jpg","datePublished":"2024-06-10T14:30:04+00:00","dateModified":"2026-01-22T11:25:54+00:00","breadcrumb":{"@id":"https:\/\/bbklekovaca.rs\/product\/bb-klekovaca-special\/#breadcrumb"},"inLanguage":"en-GB","potentialAction":[{"@type":"ReadAction","target":["https:\/\/bbklekovaca.rs\/product\/bb-klekovaca-special\/"]}]},{"@type":"ImageObject","inLanguage":"en-GB","@id":"https:\/\/bbklekovaca.rs\/product\/bb-klekovaca-special\/#primaryimage","url":"https:\/\/bbklekovaca.rs\/wp-content\/uploads\/2024\/06\/SPECIAL.jpg","contentUrl":"https:\/\/bbklekovaca.rs\/wp-content\/uploads\/2024\/06\/SPECIAL.jpg","width":1313,"height":1500},{"@type":"BreadcrumbList","@id":"https:\/\/bbklekovaca.rs\/product\/bb-klekovaca-special\/#breadcrumb","itemListElement":[{"@type":"ListItem","position":1,"name":"Po\u010detna","item":"https:\/\/bbklekovaca.rs\/"},{"@type":"ListItem","position":2,"name":"Prodavnica","item":"https:\/\/bbklekovaca.rs\/shop\/"},{"@type":"ListItem","position":3,"name":"BB KLEKOVA\u010cA SPECIAL"}]},{"@type":"WebSite","@id":"https:\/\/bbklekovaca.rs\/#website","url":"https:\/\/bbklekovaca.rs\/","name":"Destilerija BB Klekova\u010da","description":"Heart of Drina, Soul of Tara","publisher":{"@id":"https:\/\/bbklekovaca.rs\/#organization"},"potentialAction":[{"@type":"SearchAction","target":{"@type":"EntryPoint","urlTemplate":"https:\/\/bbklekovaca.rs\/?s={search_term_string}"},"query-input":{"@type":"PropertyValueSpecification","valueRequired":true,"valueName":"search_term_string"}}],"inLanguage":"en-GB"},{"@type":"Organization","@id":"https:\/\/bbklekovaca.rs\/#organization","name":"BB Klekova\u010da d.o.o. Bajina Ba\u0161ta","alternateName":"BB Klekova\u010da","url":"https:\/\/bbklekovaca.rs\/","logo":{"@type":"ImageObject","inLanguage":"en-GB","@id":"https:\/\/bbklekovaca.rs\/#\/schema\/logo\/image\/","url":"https:\/\/bbklekovaca.rs\/wp-content\/uploads\/2024\/06\/logo1.png","contentUrl":"https:\/\/bbklekovaca.rs\/wp-content\/uploads\/2024\/06\/logo1.png","width":1080,"height":1080,"caption":"BB Klekova\u010da d.o.o. Bajina Ba\u0161ta"},"image":{"@id":"https:\/\/bbklekovaca.rs\/#\/schema\/logo\/image\/"},"sameAs":["https:\/\/www.facebook.com\/bbklekovaca","https:\/\/instagram.com\/bb.klekovaca"]}]}},"_links":{"self":[{"href":"https:\/\/bbklekovaca.rs\/en\/wp-json\/wp\/v2\/product\/27220","targetHints":{"allow":["GET"]}}],"collection":[{"href":"https:\/\/bbklekovaca.rs\/en\/wp-json\/wp\/v2\/product"}],"about":[{"href":"https:\/\/bbklekovaca.rs\/en\/wp-json\/wp\/v2\/types\/product"}],"version-history":[{"count":1,"href":"https:\/\/bbklekovaca.rs\/en\/wp-json\/wp\/v2\/product\/27220\/revisions"}],"predecessor-version":[{"id":28745,"href":"https:\/\/bbklekovaca.rs\/en\/wp-json\/wp\/v2\/product\/27220\/revisions\/28745"}],"wp:featuredmedia":[{"embeddable":true,"href":"https:\/\/bbklekovaca.rs\/en\/wp-json\/wp\/v2\/media\/28814"}],"wp:attachment":[{"href":"https:\/\/bbklekovaca.rs\/en\/wp-json\/wp\/v2\/media?parent=27220"}],"wp:term":[{"taxonomy":"product_brand","embeddable":true,"href":"https:\/\/bbklekovaca.rs\/en\/wp-json\/wp\/v2\/product_brand?post=27220"},{"taxonomy":"product_cat","embeddable":true,"href":"https:\/\/bbklekovaca.rs\/en\/wp-json\/wp\/v2\/product_cat?post=27220"},{"taxonomy":"product_tag","embeddable":true,"href":"https:\/\/bbklekovaca.rs\/en\/wp-json\/wp\/v2\/product_tag?post=27220"}],"curies":[{"name":"wp","href":"https:\/\/api.w.org\/{rel}","templated":true}]}}