{"id":27185,"date":"2024-06-10T17:30:31","date_gmt":"2024-06-10T15:30:31","guid":{"rendered":"https:\/\/bbklekovaca.rs\/?post_type=product&#038;p=27185"},"modified":"2026-01-22T15:08:43","modified_gmt":"2026-01-22T14:08:43","slug":"bastina-7","status":"publish","type":"product","link":"https:\/\/bbklekovaca.rs\/en\/product\/bastina-7\/","title":{"rendered":"BA\u0160TINA 7"},"content":{"rendered":"<p><strong>Neto: 0,7 l \/ Alk: <\/strong><strong>43,0% vol.<\/strong><\/p>\n<p>With \"Ba\u0161tina 7,\" we celebrate the incredible potential of native Serbian plums\u2014Trnova\u010da and Po\u017eega\u010da\u2014along with the rich heritage of Serbian rakija. We also honor the craftsmanship and expertise of our cellar masters, who have preserved the knowledge and secrets passed down through generations of master distillers. \n\"Ba\u0161tina 7\" is designed for slow, leisurely enjoyment and is best shared with close friends.<\/p>\n<p><em>Strictly limited edition: 900 bottles annually<\/em><\/p>","protected":false},"excerpt":{"rendered":"<h2><strong>Neto: 0,7 l \/ Alk: 43,0% vol.<\/strong><\/h2>\n<p>\"Ba\u0161tina 7\" is a slivovitz that has been aged for seven years in just two carefully selected 500-liter barrels made from Serbian oak. It showcases a harmonious blend of rakija, oak, and time.<\/p>\n<p><em>Strictly limited edition: 900 bottles annually<\/em><\/p>","protected":false},"featured_media":28804,"template":"","meta":[],"product_brand":[],"product_cat":[104,74],"product_tag":[84],"class_list":{"0":"post-27185","1":"product","2":"type-product","3":"status-publish","4":"has-post-thumbnail","6":"product_cat-bastine","7":"product_cat-limited","8":"product_tag-sljiva","10":"first","11":"outofstock","12":"shipping-taxable","13":"purchasable","14":"product-type-variable"},"yoast_head":"<!-- This site is optimized with the Yoast SEO plugin v27.1.1 - https:\/\/yoast.com\/product\/yoast-seo-wordpress\/ -->\n<title>BA\u0160TINA 7 - Destilerija BB Klekova\u010da<\/title>\n<meta name=\"robots\" content=\"index, follow, max-snippet:-1, max-image-preview:large, max-video-preview:-1\" \/>\n<link rel=\"canonical\" href=\"https:\/\/bbklekovaca.rs\/en\/product\/bastina-7\/\" \/>\n<meta property=\"og:locale\" content=\"en_GB\" \/>\n<meta property=\"og:type\" content=\"article\" \/>\n<meta property=\"og:title\" content=\"BA\u0160TINA 7 - Destilerija BB Klekova\u010da\" \/>\n<meta property=\"og:description\" content=\"Neto: 0,7 l \/ Alk: 43,0% vol. \u0160ljivova prepe\u010denica iz samo dva odabrana bureta od srpskog hrasta zapremine 500 l, odle\u017eala 7 godina, predstavlja jedinstvenu kompoziciju rakije, hrasta i vremena.  Strogo ograni\u010dena serija: 900 boca\" \/>\n<meta property=\"og:url\" content=\"https:\/\/bbklekovaca.rs\/en\/product\/bastina-7\/\" \/>\n<meta property=\"og:site_name\" content=\"Destilerija BB Klekova\u010da\" \/>\n<meta property=\"article:publisher\" content=\"https:\/\/www.facebook.com\/bbklekovaca\" \/>\n<meta property=\"article:modified_time\" content=\"2026-01-22T14:08:43+00:00\" \/>\n<meta property=\"og:image\" content=\"https:\/\/bbklekovaca.rs\/wp-content\/uploads\/2024\/06\/B7.jpg\" \/>\n\t<meta property=\"og:image:width\" content=\"1313\" \/>\n\t<meta property=\"og:image:height\" content=\"1500\" \/>\n\t<meta property=\"og:image:type\" content=\"image\/jpeg\" \/>\n<meta name=\"twitter:card\" content=\"summary_large_image\" \/>\n<meta name=\"twitter:label1\" content=\"Estimated reading time\" \/>\n\t<meta name=\"twitter:data1\" content=\"1 minute\" \/>\n<script type=\"application\/ld+json\" class=\"yoast-schema-graph\">{\"@context\":\"https:\/\/schema.org\",\"@graph\":[{\"@type\":\"WebPage\",\"@id\":\"https:\/\/bbklekovaca.rs\/product\/bastina-7\/\",\"url\":\"https:\/\/bbklekovaca.rs\/product\/bastina-7\/\",\"name\":\"BA\u0160TINA 7 - Destilerija BB Klekova\u010da\",\"isPartOf\":{\"@id\":\"https:\/\/bbklekovaca.rs\/#website\"},\"primaryImageOfPage\":{\"@id\":\"https:\/\/bbklekovaca.rs\/product\/bastina-7\/#primaryimage\"},\"image\":{\"@id\":\"https:\/\/bbklekovaca.rs\/product\/bastina-7\/#primaryimage\"},\"thumbnailUrl\":\"https:\/\/bbklekovaca.rs\/wp-content\/uploads\/2024\/06\/B7.jpg\",\"datePublished\":\"2024-06-10T15:30:31+00:00\",\"dateModified\":\"2026-01-22T14:08:43+00:00\",\"breadcrumb\":{\"@id\":\"https:\/\/bbklekovaca.rs\/product\/bastina-7\/#breadcrumb\"},\"inLanguage\":\"en-GB\",\"potentialAction\":[{\"@type\":\"ReadAction\",\"target\":[\"https:\/\/bbklekovaca.rs\/product\/bastina-7\/\"]}]},{\"@type\":\"ImageObject\",\"inLanguage\":\"en-GB\",\"@id\":\"https:\/\/bbklekovaca.rs\/product\/bastina-7\/#primaryimage\",\"url\":\"https:\/\/bbklekovaca.rs\/wp-content\/uploads\/2024\/06\/B7.jpg\",\"contentUrl\":\"https:\/\/bbklekovaca.rs\/wp-content\/uploads\/2024\/06\/B7.jpg\",\"width\":1313,\"height\":1500},{\"@type\":\"BreadcrumbList\",\"@id\":\"https:\/\/bbklekovaca.rs\/product\/bastina-7\/#breadcrumb\",\"itemListElement\":[{\"@type\":\"ListItem\",\"position\":1,\"name\":\"Po\u010detna\",\"item\":\"https:\/\/bbklekovaca.rs\/\"},{\"@type\":\"ListItem\",\"position\":2,\"name\":\"Prodavnica\",\"item\":\"https:\/\/bbklekovaca.rs\/shop\/\"},{\"@type\":\"ListItem\",\"position\":3,\"name\":\"BA\u0160TINA 7\"}]},{\"@type\":\"WebSite\",\"@id\":\"https:\/\/bbklekovaca.rs\/#website\",\"url\":\"https:\/\/bbklekovaca.rs\/\",\"name\":\"Destilerija BB Klekova\u010da\",\"description\":\"Srce Drine, du\u0161a Tare\",\"publisher\":{\"@id\":\"https:\/\/bbklekovaca.rs\/#organization\"},\"potentialAction\":[{\"@type\":\"SearchAction\",\"target\":{\"@type\":\"EntryPoint\",\"urlTemplate\":\"https:\/\/bbklekovaca.rs\/?s={search_term_string}\"},\"query-input\":{\"@type\":\"PropertyValueSpecification\",\"valueRequired\":true,\"valueName\":\"search_term_string\"}}],\"inLanguage\":\"en-GB\"},{\"@type\":\"Organization\",\"@id\":\"https:\/\/bbklekovaca.rs\/#organization\",\"name\":\"BB Klekova\u010da d.o.o. Bajina Ba\u0161ta\",\"alternateName\":\"BB Klekova\u010da\",\"url\":\"https:\/\/bbklekovaca.rs\/\",\"logo\":{\"@type\":\"ImageObject\",\"inLanguage\":\"en-GB\",\"@id\":\"https:\/\/bbklekovaca.rs\/#\/schema\/logo\/image\/\",\"url\":\"https:\/\/bbklekovaca.rs\/wp-content\/uploads\/2024\/06\/logo1.png\",\"contentUrl\":\"https:\/\/bbklekovaca.rs\/wp-content\/uploads\/2024\/06\/logo1.png\",\"width\":1080,\"height\":1080,\"caption\":\"BB Klekova\u010da d.o.o. Bajina Ba\u0161ta\"},\"image\":{\"@id\":\"https:\/\/bbklekovaca.rs\/#\/schema\/logo\/image\/\"},\"sameAs\":[\"https:\/\/www.facebook.com\/bbklekovaca\",\"https:\/\/instagram.com\/bb.klekovaca\"]}]}<\/script>\n<!-- \/ Yoast SEO plugin. -->","yoast_head_json":{"title":"BA\u0160TINA 7 - Destilerija BB Klekova\u010da","robots":{"index":"index","follow":"follow","max-snippet":"max-snippet:-1","max-image-preview":"max-image-preview:large","max-video-preview":"max-video-preview:-1"},"canonical":"https:\/\/bbklekovaca.rs\/en\/product\/bastina-7\/","og_locale":"en_GB","og_type":"article","og_title":"BA\u0160TINA 7 - Destilerija BB Klekova\u010da","og_description":"Neto: 0,7 l \/ Alk: 43,0% vol. \u0160ljivova prepe\u010denica iz samo dva odabrana bureta od srpskog hrasta zapremine 500 l, odle\u017eala 7 godina, predstavlja jedinstvenu kompoziciju rakije, hrasta i vremena.  Strogo ograni\u010dena serija: 900 boca","og_url":"https:\/\/bbklekovaca.rs\/en\/product\/bastina-7\/","og_site_name":"Destilerija BB Klekova\u010da","article_publisher":"https:\/\/www.facebook.com\/bbklekovaca","article_modified_time":"2026-01-22T14:08:43+00:00","og_image":[{"width":1313,"height":1500,"url":"https:\/\/bbklekovaca.rs\/wp-content\/uploads\/2024\/06\/B7.jpg","type":"image\/jpeg"}],"twitter_card":"summary_large_image","twitter_misc":{"Estimated reading time":"1 minute"},"schema":{"@context":"https:\/\/schema.org","@graph":[{"@type":"WebPage","@id":"https:\/\/bbklekovaca.rs\/product\/bastina-7\/","url":"https:\/\/bbklekovaca.rs\/product\/bastina-7\/","name":"BA\u0160TINA 7 - Destilerija BB Klekova\u010da","isPartOf":{"@id":"https:\/\/bbklekovaca.rs\/#website"},"primaryImageOfPage":{"@id":"https:\/\/bbklekovaca.rs\/product\/bastina-7\/#primaryimage"},"image":{"@id":"https:\/\/bbklekovaca.rs\/product\/bastina-7\/#primaryimage"},"thumbnailUrl":"https:\/\/bbklekovaca.rs\/wp-content\/uploads\/2024\/06\/B7.jpg","datePublished":"2024-06-10T15:30:31+00:00","dateModified":"2026-01-22T14:08:43+00:00","breadcrumb":{"@id":"https:\/\/bbklekovaca.rs\/product\/bastina-7\/#breadcrumb"},"inLanguage":"en-GB","potentialAction":[{"@type":"ReadAction","target":["https:\/\/bbklekovaca.rs\/product\/bastina-7\/"]}]},{"@type":"ImageObject","inLanguage":"en-GB","@id":"https:\/\/bbklekovaca.rs\/product\/bastina-7\/#primaryimage","url":"https:\/\/bbklekovaca.rs\/wp-content\/uploads\/2024\/06\/B7.jpg","contentUrl":"https:\/\/bbklekovaca.rs\/wp-content\/uploads\/2024\/06\/B7.jpg","width":1313,"height":1500},{"@type":"BreadcrumbList","@id":"https:\/\/bbklekovaca.rs\/product\/bastina-7\/#breadcrumb","itemListElement":[{"@type":"ListItem","position":1,"name":"Po\u010detna","item":"https:\/\/bbklekovaca.rs\/"},{"@type":"ListItem","position":2,"name":"Prodavnica","item":"https:\/\/bbklekovaca.rs\/shop\/"},{"@type":"ListItem","position":3,"name":"BA\u0160TINA 7"}]},{"@type":"WebSite","@id":"https:\/\/bbklekovaca.rs\/#website","url":"https:\/\/bbklekovaca.rs\/","name":"Destilerija BB Klekova\u010da","description":"Heart of Drina, Soul of Tara","publisher":{"@id":"https:\/\/bbklekovaca.rs\/#organization"},"potentialAction":[{"@type":"SearchAction","target":{"@type":"EntryPoint","urlTemplate":"https:\/\/bbklekovaca.rs\/?s={search_term_string}"},"query-input":{"@type":"PropertyValueSpecification","valueRequired":true,"valueName":"search_term_string"}}],"inLanguage":"en-GB"},{"@type":"Organization","@id":"https:\/\/bbklekovaca.rs\/#organization","name":"BB Klekova\u010da d.o.o. Bajina Ba\u0161ta","alternateName":"BB Klekova\u010da","url":"https:\/\/bbklekovaca.rs\/","logo":{"@type":"ImageObject","inLanguage":"en-GB","@id":"https:\/\/bbklekovaca.rs\/#\/schema\/logo\/image\/","url":"https:\/\/bbklekovaca.rs\/wp-content\/uploads\/2024\/06\/logo1.png","contentUrl":"https:\/\/bbklekovaca.rs\/wp-content\/uploads\/2024\/06\/logo1.png","width":1080,"height":1080,"caption":"BB Klekova\u010da d.o.o. Bajina Ba\u0161ta"},"image":{"@id":"https:\/\/bbklekovaca.rs\/#\/schema\/logo\/image\/"},"sameAs":["https:\/\/www.facebook.com\/bbklekovaca","https:\/\/instagram.com\/bb.klekovaca"]}]}},"_links":{"self":[{"href":"https:\/\/bbklekovaca.rs\/en\/wp-json\/wp\/v2\/product\/27185","targetHints":{"allow":["GET"]}}],"collection":[{"href":"https:\/\/bbklekovaca.rs\/en\/wp-json\/wp\/v2\/product"}],"about":[{"href":"https:\/\/bbklekovaca.rs\/en\/wp-json\/wp\/v2\/types\/product"}],"version-history":[{"count":1,"href":"https:\/\/bbklekovaca.rs\/en\/wp-json\/wp\/v2\/product\/27185\/revisions"}],"predecessor-version":[{"id":28739,"href":"https:\/\/bbklekovaca.rs\/en\/wp-json\/wp\/v2\/product\/27185\/revisions\/28739"}],"wp:featuredmedia":[{"embeddable":true,"href":"https:\/\/bbklekovaca.rs\/en\/wp-json\/wp\/v2\/media\/28804"}],"wp:attachment":[{"href":"https:\/\/bbklekovaca.rs\/en\/wp-json\/wp\/v2\/media?parent=27185"}],"wp:term":[{"taxonomy":"product_brand","embeddable":true,"href":"https:\/\/bbklekovaca.rs\/en\/wp-json\/wp\/v2\/product_brand?post=27185"},{"taxonomy":"product_cat","embeddable":true,"href":"https:\/\/bbklekovaca.rs\/en\/wp-json\/wp\/v2\/product_cat?post=27185"},{"taxonomy":"product_tag","embeddable":true,"href":"https:\/\/bbklekovaca.rs\/en\/wp-json\/wp\/v2\/product_tag?post=27185"}],"curies":[{"name":"wp","href":"https:\/\/api.w.org\/{rel}","templated":true}]}}