{"id":28412,"date":"2024-06-19T20:54:05","date_gmt":"2024-06-19T18:54:05","guid":{"rendered":"https:\/\/bbklekovaca.rs\/?page_id=28412"},"modified":"2024-06-20T00:07:20","modified_gmt":"2024-06-19T22:07:20","slug":"autorska-prava","status":"publish","type":"page","link":"https:\/\/bbklekovaca.rs\/en\/autorska-prava\/","title":{"rendered":"Copyright"},"content":{"rendered":"<div data-elementor-type=\"wp-page\" data-elementor-id=\"28412\" class=\"elementor elementor-28412\" data-elementor-post-type=\"page\">\n\t\t\t\t<div class=\"wd-negative-gap elementor-element elementor-element-b44855c wd-section-stretch-content elementor-hidden-tablet elementor-hidden-mobile e-flex e-con-boxed e-con e-parent\" data-id=\"b44855c\" data-element_type=\"container\" data-e-type=\"container\" data-settings=\"{&quot;background_background&quot;:&quot;classic&quot;}\">\n\t\t\t\t\t<div class=\"e-con-inner\">\n\t\t<div class=\"elementor-element elementor-element-08b3fd8 e-con-full e-flex e-con e-child\" data-id=\"08b3fd8\" data-element_type=\"container\" data-e-type=\"container\" data-settings=\"{&quot;background_background&quot;:&quot;classic&quot;}\">\n\t\t\t\t<div class=\"elementor-element elementor-element-eb1951f elementor-widget elementor-widget-wd_text_block\" data-id=\"eb1951f\" data-element_type=\"widget\" data-e-type=\"widget\" data-widget_type=\"wd_text_block.default\">\n\t\t\t\t<div class=\"elementor-widget-container\">\n\t\t\t\t\t\t\t<div class=\"wd-text-block reset-last-child text-left\">\n\t\t\t\n\t\t\t<p>Kori\u0161\u0107enjem bilo kog dela www.bbklekovaca.rs sajta, automatski prihvatate sva aktuelna pravila kori\u0161\u0107enja.<\/p><p>Korisnici su du\u017eni da redovno \u010ditaju pravila kori\u0161\u0107enja, te se smatra da su korisnici kontinuiranim kori\u0161\u0107enjem www.bbklekovaca.rs sajta, ili bilo kojeg njegovog dela, u svakom trenutku upoznati s aktuelnim pravilima kori\u0161\u0107enja, te da su ih razumeli u celosti.<\/p><p>Ni jedan deo www.bbklekovaca.rs sajta ne sme se koristiti u nezakonite svrhe, ni za promovisanje istih.<\/p><p>Kompanija \u201cBB KLEKOVA\u010cA\u201d D.O.O. \u00a0posetiocima u dobroj nameri obezbe\u0111uje kori\u0161\u0107enje sadr\u017eaja www.bbklekovaca.rs sajta. Svi posetioci imaju pravo da besplatno koriste sadr\u017eaje www.bbklekovaca.rs sajta, ukoliko ne kr\u0161e pravila kori\u0161\u0107enja.<\/p><p>Sajt www.bbklekovaca.rs sastoji se od vlastitih sadr\u017eaja, sadr\u017eaja partnera i ogla\u0161iva\u010da, besplatnih sadr\u017eaja, sadr\u017eaja kreiranih od strane posetilaca i linkova na spoljne stranice. www.bbklekovaca.rs sajt sadr\u017eaje objavljuje u dobroj nameri. Sve sadr\u017eaje www.bbklekovaca.rs sajta koristite na vlastitu odgovornost i \u201cBB KLEKOVA\u010cA\u201d D.O.O. \u00a0se ne mo\u017ee smatrati odgovornim za bilo kakvu \u0161tetu nastalu kori\u0161\u0107enjem.<\/p><p>Pristup www.bbklekovaca.rs sajtu i svim njegovim sadr\u017eajima dozvoljen je isklju\u010divo punoletnim osobama.<\/p><p>\u201cBB KLEKOVA\u010cA\u201d D.O.O. \u00a0pola\u017ee autorska prava na sve vlastite sadr\u017eaje (tekstualne, vizuelne i audio materijale, baze podataka i programerski kod). Neovla\u0161\u0107eno kori\u0161\u0107enje bilo kog dela sajta smatra se kr\u0161enjem autorskih prava www.bbklekovaca.rs sajta i podlo\u017eno je tu\u017ebi.<\/p><p>Neovla\u0161\u0107eno kori\u0161\u0107enje bilo kog dela sajta bez dozvole vlasnika autorskih prava (\u201cBB KLEKOVA\u010cA\u201d D.O.O. , partneri, korisnici\u2026) smatra se kr\u0161enjem autorskih prava i podlo\u017eno je tu\u017ebi.<\/p><p>Ukoliko smatrate da je www.bbklekovaca.rs sajt povredio Va\u0161a autorska prava, slu\u010daj \u0107e biti odmah razmotren, a sporni sadr\u017eaji bi\u0107e uklonjeni odmah po eventualnom ustanovljavanju istinitosti sadr\u017eaja \u017ealbe.<\/p><p>\u201cBB KLEKOVA\u010cA\u201d D.O.O. \u00a0na sajtu www.bbklekovaca.rs linkove objavljuje u dobroj nameri i ne mo\u017ee se smatrati odgovornim za sadr\u017eaje izvan portala.<\/p><p>\u201cBB KLEKOVA\u010cA\u201d D.O.O. se obavezuje da \u0107e \u010duvati privatnost korisnika sajta, osim u slu\u010daju te\u0161kog kr\u0161enja pravila www.bbklekovaca.rs sajta ili nezakonitih aktivnosti korisnika.<\/p><p>\u201cBB KLEKOVA\u010cA\u201d D.O.O. \u00a0zadr\u017eava pravo da na sajtu www.bbklekovaca.rs bez najave povremeno promeni ili modifikuje pravila. O va\u017enim promenama i dopunama www.bbklekovaca.rs sajta mo\u017ee obavestiti korisnike putem e-maila ili objavljivanjem na sajtu.<\/p>\n\t\t\t\t\t<\/div>\n\t\t\t\t\t\t<\/div>\n\t\t\t\t<\/div>\n\t\t\t\t<\/div>\n\t\t\t\t\t<\/div>\n\t\t\t\t<\/div>\n\t\t\t\t<\/div>","protected":false},"excerpt":{"rendered":"<p>Kori\u0161\u0107enjem bilo kog dela www.bbklekovaca.rs sajta, automatski prihvatate sva aktuelna pravila kori\u0161\u0107enja. Korisnici su du\u017eni da redovno \u010ditaju pravila kori\u0161\u0107enja,<\/p>","protected":false},"author":1,"featured_media":0,"parent":0,"menu_order":0,"comment_status":"closed","ping_status":"closed","template":"","meta":{"footnotes":""},"class_list":["post-28412","page","type-page","status-publish","hentry"],"yoast_head":"<!-- This site is optimized with the Yoast SEO plugin v27.1.1 - https:\/\/yoast.com\/product\/yoast-seo-wordpress\/ -->\n<title>Autorska prava - Destilerija BB Klekova\u010da<\/title>\n<meta name=\"robots\" content=\"index, follow, max-snippet:-1, max-image-preview:large, max-video-preview:-1\" \/>\n<link rel=\"canonical\" href=\"https:\/\/bbklekovaca.rs\/en\/autorska-prava\/\" \/>\n<meta property=\"og:locale\" content=\"en_GB\" \/>\n<meta property=\"og:type\" content=\"article\" \/>\n<meta property=\"og:title\" content=\"Autorska prava - Destilerija BB Klekova\u010da\" \/>\n<meta property=\"og:description\" content=\"Kori\u0161\u0107enjem bilo kog dela www.bbklekovaca.rs sajta, automatski prihvatate sva aktuelna pravila kori\u0161\u0107enja. Korisnici su du\u017eni da redovno \u010ditaju pravila kori\u0161\u0107enja,\" \/>\n<meta property=\"og:url\" content=\"https:\/\/bbklekovaca.rs\/en\/autorska-prava\/\" \/>\n<meta property=\"og:site_name\" content=\"Destilerija BB Klekova\u010da\" \/>\n<meta property=\"article:publisher\" content=\"https:\/\/www.facebook.com\/bbklekovaca\" \/>\n<meta property=\"article:modified_time\" content=\"2024-06-19T22:07:20+00:00\" \/>\n<meta property=\"og:image\" content=\"https:\/\/bbklekovaca.rs\/wp-content\/uploads\/2024\/06\/logo1.png\" \/>\n\t<meta property=\"og:image:width\" content=\"1080\" \/>\n\t<meta property=\"og:image:height\" content=\"1080\" \/>\n\t<meta property=\"og:image:type\" content=\"image\/png\" \/>\n<meta name=\"twitter:card\" content=\"summary_large_image\" \/>\n<meta name=\"twitter:label1\" content=\"Estimated reading time\" \/>\n\t<meta name=\"twitter:data1\" content=\"2 minutes\" \/>\n<script type=\"application\/ld+json\" class=\"yoast-schema-graph\">{\"@context\":\"https:\/\/schema.org\",\"@graph\":[{\"@type\":\"WebPage\",\"@id\":\"https:\/\/bbklekovaca.rs\/autorska-prava\/\",\"url\":\"https:\/\/bbklekovaca.rs\/autorska-prava\/\",\"name\":\"Autorska prava - Destilerija BB Klekova\u010da\",\"isPartOf\":{\"@id\":\"https:\/\/bbklekovaca.rs\/#website\"},\"datePublished\":\"2024-06-19T18:54:05+00:00\",\"dateModified\":\"2024-06-19T22:07:20+00:00\",\"breadcrumb\":{\"@id\":\"https:\/\/bbklekovaca.rs\/autorska-prava\/#breadcrumb\"},\"inLanguage\":\"en-GB\",\"potentialAction\":[{\"@type\":\"ReadAction\",\"target\":[\"https:\/\/bbklekovaca.rs\/autorska-prava\/\"]}]},{\"@type\":\"BreadcrumbList\",\"@id\":\"https:\/\/bbklekovaca.rs\/autorska-prava\/#breadcrumb\",\"itemListElement\":[{\"@type\":\"ListItem\",\"position\":1,\"name\":\"Po\u010detna\",\"item\":\"https:\/\/bbklekovaca.rs\/\"},{\"@type\":\"ListItem\",\"position\":2,\"name\":\"Autorska prava\"}]},{\"@type\":\"WebSite\",\"@id\":\"https:\/\/bbklekovaca.rs\/#website\",\"url\":\"https:\/\/bbklekovaca.rs\/\",\"name\":\"Destilerija BB Klekova\u010da\",\"description\":\"Srce Drine, du\u0161a Tare\",\"publisher\":{\"@id\":\"https:\/\/bbklekovaca.rs\/#organization\"},\"potentialAction\":[{\"@type\":\"SearchAction\",\"target\":{\"@type\":\"EntryPoint\",\"urlTemplate\":\"https:\/\/bbklekovaca.rs\/?s={search_term_string}\"},\"query-input\":{\"@type\":\"PropertyValueSpecification\",\"valueRequired\":true,\"valueName\":\"search_term_string\"}}],\"inLanguage\":\"en-GB\"},{\"@type\":\"Organization\",\"@id\":\"https:\/\/bbklekovaca.rs\/#organization\",\"name\":\"BB Klekova\u010da d.o.o. Bajina Ba\u0161ta\",\"alternateName\":\"BB Klekova\u010da\",\"url\":\"https:\/\/bbklekovaca.rs\/\",\"logo\":{\"@type\":\"ImageObject\",\"inLanguage\":\"en-GB\",\"@id\":\"https:\/\/bbklekovaca.rs\/#\/schema\/logo\/image\/\",\"url\":\"https:\/\/bbklekovaca.rs\/wp-content\/uploads\/2024\/06\/logo1.png\",\"contentUrl\":\"https:\/\/bbklekovaca.rs\/wp-content\/uploads\/2024\/06\/logo1.png\",\"width\":1080,\"height\":1080,\"caption\":\"BB Klekova\u010da d.o.o. Bajina Ba\u0161ta\"},\"image\":{\"@id\":\"https:\/\/bbklekovaca.rs\/#\/schema\/logo\/image\/\"},\"sameAs\":[\"https:\/\/www.facebook.com\/bbklekovaca\",\"https:\/\/instagram.com\/bb.klekovaca\"]}]}<\/script>\n<!-- \/ Yoast SEO plugin. -->","yoast_head_json":{"title":"Autorska prava - Destilerija BB Klekova\u010da","robots":{"index":"index","follow":"follow","max-snippet":"max-snippet:-1","max-image-preview":"max-image-preview:large","max-video-preview":"max-video-preview:-1"},"canonical":"https:\/\/bbklekovaca.rs\/en\/autorska-prava\/","og_locale":"en_GB","og_type":"article","og_title":"Autorska prava - Destilerija BB Klekova\u010da","og_description":"Kori\u0161\u0107enjem bilo kog dela www.bbklekovaca.rs sajta, automatski prihvatate sva aktuelna pravila kori\u0161\u0107enja. Korisnici su du\u017eni da redovno \u010ditaju pravila kori\u0161\u0107enja,","og_url":"https:\/\/bbklekovaca.rs\/en\/autorska-prava\/","og_site_name":"Destilerija BB Klekova\u010da","article_publisher":"https:\/\/www.facebook.com\/bbklekovaca","article_modified_time":"2024-06-19T22:07:20+00:00","og_image":[{"width":1080,"height":1080,"url":"https:\/\/bbklekovaca.rs\/wp-content\/uploads\/2024\/06\/logo1.png","type":"image\/png"}],"twitter_card":"summary_large_image","twitter_misc":{"Estimated reading time":"2 minutes"},"schema":{"@context":"https:\/\/schema.org","@graph":[{"@type":"WebPage","@id":"https:\/\/bbklekovaca.rs\/autorska-prava\/","url":"https:\/\/bbklekovaca.rs\/autorska-prava\/","name":"Autorska prava - Destilerija BB Klekova\u010da","isPartOf":{"@id":"https:\/\/bbklekovaca.rs\/#website"},"datePublished":"2024-06-19T18:54:05+00:00","dateModified":"2024-06-19T22:07:20+00:00","breadcrumb":{"@id":"https:\/\/bbklekovaca.rs\/autorska-prava\/#breadcrumb"},"inLanguage":"en-GB","potentialAction":[{"@type":"ReadAction","target":["https:\/\/bbklekovaca.rs\/autorska-prava\/"]}]},{"@type":"BreadcrumbList","@id":"https:\/\/bbklekovaca.rs\/autorska-prava\/#breadcrumb","itemListElement":[{"@type":"ListItem","position":1,"name":"Po\u010detna","item":"https:\/\/bbklekovaca.rs\/"},{"@type":"ListItem","position":2,"name":"Autorska prava"}]},{"@type":"WebSite","@id":"https:\/\/bbklekovaca.rs\/#website","url":"https:\/\/bbklekovaca.rs\/","name":"Destilerija BB Klekova\u010da","description":"Heart of Drina, Soul of Tara","publisher":{"@id":"https:\/\/bbklekovaca.rs\/#organization"},"potentialAction":[{"@type":"SearchAction","target":{"@type":"EntryPoint","urlTemplate":"https:\/\/bbklekovaca.rs\/?s={search_term_string}"},"query-input":{"@type":"PropertyValueSpecification","valueRequired":true,"valueName":"search_term_string"}}],"inLanguage":"en-GB"},{"@type":"Organization","@id":"https:\/\/bbklekovaca.rs\/#organization","name":"BB Klekova\u010da d.o.o. Bajina Ba\u0161ta","alternateName":"BB Klekova\u010da","url":"https:\/\/bbklekovaca.rs\/","logo":{"@type":"ImageObject","inLanguage":"en-GB","@id":"https:\/\/bbklekovaca.rs\/#\/schema\/logo\/image\/","url":"https:\/\/bbklekovaca.rs\/wp-content\/uploads\/2024\/06\/logo1.png","contentUrl":"https:\/\/bbklekovaca.rs\/wp-content\/uploads\/2024\/06\/logo1.png","width":1080,"height":1080,"caption":"BB Klekova\u010da d.o.o. Bajina Ba\u0161ta"},"image":{"@id":"https:\/\/bbklekovaca.rs\/#\/schema\/logo\/image\/"},"sameAs":["https:\/\/www.facebook.com\/bbklekovaca","https:\/\/instagram.com\/bb.klekovaca"]}]}},"_links":{"self":[{"href":"https:\/\/bbklekovaca.rs\/en\/wp-json\/wp\/v2\/pages\/28412","targetHints":{"allow":["GET"]}}],"collection":[{"href":"https:\/\/bbklekovaca.rs\/en\/wp-json\/wp\/v2\/pages"}],"about":[{"href":"https:\/\/bbklekovaca.rs\/en\/wp-json\/wp\/v2\/types\/page"}],"author":[{"embeddable":true,"href":"https:\/\/bbklekovaca.rs\/en\/wp-json\/wp\/v2\/users\/1"}],"replies":[{"embeddable":true,"href":"https:\/\/bbklekovaca.rs\/en\/wp-json\/wp\/v2\/comments?post=28412"}],"version-history":[{"count":0,"href":"https:\/\/bbklekovaca.rs\/en\/wp-json\/wp\/v2\/pages\/28412\/revisions"}],"wp:attachment":[{"href":"https:\/\/bbklekovaca.rs\/en\/wp-json\/wp\/v2\/media?parent=28412"}],"curies":[{"name":"wp","href":"https:\/\/api.w.org\/{rel}","templated":true}]}}