{"id":28404,"date":"2024-06-19T20:49:44","date_gmt":"2024-06-19T18:49:44","guid":{"rendered":"https:\/\/bbklekovaca.rs\/?page_id=28404"},"modified":"2024-06-20T00:06:53","modified_gmt":"2024-06-19T22:06:53","slug":"politika-privatnosti","status":"publish","type":"page","link":"https:\/\/bbklekovaca.rs\/en\/politika-privatnosti\/","title":{"rendered":"Privacy policy"},"content":{"rendered":"<div data-elementor-type=\"wp-page\" data-elementor-id=\"28404\" class=\"elementor elementor-28404\" data-elementor-post-type=\"page\">\n\t\t\t\t<div class=\"wd-negative-gap elementor-element elementor-element-b44855c wd-section-stretch-content elementor-hidden-tablet elementor-hidden-mobile e-flex e-con-boxed e-con e-parent\" data-id=\"b44855c\" data-element_type=\"container\" data-e-type=\"container\" data-settings=\"{&quot;background_background&quot;:&quot;classic&quot;}\">\n\t\t\t\t\t<div class=\"e-con-inner\">\n\t\t<div class=\"elementor-element elementor-element-08b3fd8 e-con-full e-flex e-con e-child\" data-id=\"08b3fd8\" data-element_type=\"container\" data-e-type=\"container\" data-settings=\"{&quot;background_background&quot;:&quot;classic&quot;}\">\n\t\t\t\t<div class=\"elementor-element elementor-element-eb1951f elementor-widget elementor-widget-wd_text_block\" data-id=\"eb1951f\" data-element_type=\"widget\" data-e-type=\"widget\" data-widget_type=\"wd_text_block.default\">\n\t\t\t\t<div class=\"elementor-widget-container\">\n\t\t\t\t\t\t\t<div class=\"wd-text-block reset-last-child text-left\">\n\t\t\t\n\t\t\t<p>\u201cBB KLEKOVA\u010cA\u201d \u00a0d.o.o. svoju obavezu \u010duvanja va\u0161e privatnosti shvata veoma ozbiljno, i svaku va\u0161u informaciju koju ostavite tretira\u0107emo profesionalno, u skladu sa Zakonom o Elektronskoj Trgovini (Sl.Glasnik Republike Srbije br. 41\/2009)<\/p><p>Posetom na\u0161eg sajta i\/ili registracijom prihvatate i saglasni ste sa praksom opisanom u na\u0161oj Polisi privatnosti.<\/p><p>\u201cBB KLEKOVA\u010cA\u201d \u00a0d.o.o. se obavezuje da \u0161titi va\u0161u privatnost i garantuje upotrebu ostavljenih informacija u skladu sa Polisom Privatnosti opisanom ispod:<br \/>\u2022 O Nama<br \/>\u2022 Koje informacije prikupljamo<br \/>\u2022 Kori\u0161\u0107enje informacija<br \/>\u2022 Sigurnost podataka<br \/>\u2022 Ko jo\u0161 mo\u017ee videti va\u0161e informacije<br \/>\u2022 Va\u0161a pitanja<br \/>\u2022 Kontaktirajte nas<\/p><p><strong>O NAMA:<\/strong><br \/>Svaka li\u010dna informacija dostavljena ili prikupljena na sajtu www.bbklekovaca.rs je kontrolisana od strane \u201cBB KLEKOVA\u010cA\u201d \u00a0d.o.o. kompanije registrovane u Srbiji, sa sedi\u0161tem u Bajinoj Ba\u0161ti, Carice Milice 5.<br \/>Koje informacije sakupljamo kada napravite narud\u017ebinu ili na drugi na\u010din komunicirate sa www.bbklekovaca.rs sajtom, mo\u017eemo tra\u017eiti od vas odre\u0111ene informacije a Vi mo\u017eete proslediti li\u010dne podatke ka nama ( naprimer Ime i Prezime, broj telefona, adresu, kontakt, i sl.) Tako\u0111e, mo\u017eemo sa\u010duvati listu proizvoda za koje ste pokazali interesovanje ili koje ste kupili, kao i va\u0161e navike prilikom posete na\u0161em sajtu, npr. koje ste stranice pose\u0107ivali i sl..<\/p><p>Pogledajte primere kako informacije mogu biti prikupljene od strane \u201cBB KLEKOVA\u010cA\u201d \u00a0d.o.o. :<br \/>Informacije koje Vi ostavljate nama: Mi primamo i skladi\u0161timo informacije koje su poslate tokom posete na\u0161em sajtu ili koje nam Vi dostavite na bili koji drugi na\u010din (email-om ili telefonom). Ove informacije mogu nam biti dostavljene prilikom narud\u017ebina kod nas (putem sajta ili putem telefona) pretragom na na\u0161em sajtu, pristupom va\u0161em nalogu ili tokom ostavljanja komentara, pisanja va\u0161eg mi\u0161ljenja o proizvodima.<br \/>Informacije koje se automatski dobijaju: Mi dobijamo, pregledamo i skladi\u0161timo informacije svaki put kada pregledate na\u0161 sajt. Kao i mnogi drugi sajtovi, mi koristimo \u201ecookies\u201c (obja\u0161njenje na Google) kako bi smo prikupili odre\u0111ene informacije kada va\u0161 Web Browser pristupa www.bbklekovaca.rs sajtu. Informacije koje automatski dobijamo ovim putem uklju\u010duju va\u0161u IP adresu kojom ste povezani na internet, naziv va\u0161eg kompjutera, browser i operativni sistem kao detalje o internet konekciji sa koje pristupate. Tako\u0111e, mo\u017eemo koristiti i druge softvere, poput Google Analitike, koja meri i sakuplja informacije o va\u0161oj sesiji, du\u017einu posete odre\u0111enim stranicama, klikove i drugo.<\/p><p><strong>KAKO KORISTIMO OVE INFORMACIJE:<\/strong><br \/>Sve informacije se \u010duvaju na sigurnom i u skladu sa internom polisom o bezbednosti mogu biti upotrebljeni za:<br \/>1. Proveru i isporuku narud\u017ebi<br \/>2. Pru\u017eanje podr\u0161ke kupcu<br \/>3. Pomo\u0107i pri spre\u010davanju prevara\u00a0<br \/>4. Vo\u0111enje va\u0161e istorije kupovine<\/p><p>Prilikom kreiranja naloga na www.bbklekovaca.rs ili kreiranja narud\u017ebine saglasni ste sa gore navedenim stavkama o upotrebi podataka.<\/p><p><strong>SIGURNOST PODATAKA:<\/strong><br \/>Va\u0161a bezbednost je garantovana jer \u201cBB KLEKOVA\u010cA\u201d \u00a0d.o.o. koristi najnovije bezbednosne mere da za\u0161titi va\u0161e podatke prilikom posete sajtu ili kupovini kod nas.<\/p><p><strong>KO JO\u0160 MO\u017dE VIDETI VA\u0160E PODATKE<\/strong><br \/>Pored ovla\u0161\u0107enih zaposlenih u \u201cBB KLEKOVA\u010cA\u201d \u00a0d.o.o. va\u0161e podatke mo\u017eemo proslediti tre\u0107im licima nekoj od kurirskih slu\u017ebi u slu\u010daju narud\u017ebine odre\u0111enih artikala, kako bi bili u mogu\u0107nosti da isporu\u010dimo robu, ili na\u0161oj marketin\u0161koj agenciji, koja va\u0161e podatke mo\u017ee koristiti isklju\u010divo u svrhe analiza, i pobolj\u0161anja kvaliteta pru\u017eanja usluge. Dodatno, odre\u0111ene va\u0161e informacije mogu biti prosle\u0111ene ova\u0161\u0107enom dr\u017eavnom organu na njihov explicitni zahtev.<\/p><p><strong>VA\u0160A PITANJA:<\/strong><br \/>Ako imate bilo kakva pitanja ili komentare vezane za korisni\u010dku privatnost ili za \u201cBB KLEKOVA\u010cA\u201d \u00a0d.o.o. Polisu Privatnosti, ili ste ve\u0107 poslali informacije koje ne \u017eelite da mi imamo, ili ste poslali neta\u010dne podatke, molimo Vas da nas kontaktirate na adresu iz kontakta na sajtu, ili putem telefona +381 31 866 404 ili email-om marketing@bbklekovaca.rs i informacija \u0107e biti ispravljena \u010dim pre ili uklonjena na va\u0161 zahtev.<br \/>Ukoliko smatrate da ova polisa ne zadovoljava, ili da je mi nismo ispo\u0161tovali u bilo kojem pogledu, kontaktirajte nas kako bi smo Vam pomogli i razre\u0161ili va\u0161 problem.<\/p><p><strong>PODR\u0160KA I REKLAMACIJE:<\/strong><br \/>Bilo koji problem vezan za proizvod kupljen u na\u0161oj online prodavnici mo\u017eete re\u0161iti kontaktom na bilo koji od dole navedenih podataka:<br \/>\u2022 Emailom na shoponline@bbklekovaca.rs<br \/>\u2022 Po\u0161tom na \u201cBB KLEKOVA\u010cA\u201d \u00a0d.o.o., Carice Milice 5, 31250 Bajina Ba\u0161ta, Srbija<br \/>\u2022 Telefonom na +381 31 866 404<\/p>\n\t\t\t\t\t<\/div>\n\t\t\t\t\t\t<\/div>\n\t\t\t\t<\/div>\n\t\t\t\t<\/div>\n\t\t\t\t\t<\/div>\n\t\t\t\t<\/div>\n\t\t\t\t<\/div>","protected":false},"excerpt":{"rendered":"<p>\u201cBB KLEKOVA\u010cA\u201d \u00a0d.o.o. svoju obavezu \u010duvanja va\u0161e privatnosti shvata veoma ozbiljno, i svaku va\u0161u informaciju koju ostavite tretira\u0107emo profesionalno, u<\/p>","protected":false},"author":1,"featured_media":0,"parent":0,"menu_order":0,"comment_status":"closed","ping_status":"closed","template":"","meta":{"footnotes":""},"class_list":["post-28404","page","type-page","status-publish","hentry"],"yoast_head":"<!-- This site is optimized with the Yoast SEO plugin v27.1.1 - https:\/\/yoast.com\/product\/yoast-seo-wordpress\/ -->\n<title>Politika privatnosti - Destilerija BB Klekova\u010da<\/title>\n<meta name=\"robots\" content=\"index, follow, max-snippet:-1, max-image-preview:large, max-video-preview:-1\" \/>\n<link rel=\"canonical\" href=\"https:\/\/bbklekovaca.rs\/en\/politika-privatnosti\/\" \/>\n<meta property=\"og:locale\" content=\"en_GB\" \/>\n<meta property=\"og:type\" content=\"article\" \/>\n<meta property=\"og:title\" content=\"Politika privatnosti - Destilerija BB Klekova\u010da\" \/>\n<meta property=\"og:description\" content=\"\u201cBB KLEKOVA\u010cA\u201d \u00a0d.o.o. svoju obavezu \u010duvanja va\u0161e privatnosti shvata veoma ozbiljno, i svaku va\u0161u informaciju koju ostavite tretira\u0107emo profesionalno, u\" \/>\n<meta property=\"og:url\" content=\"https:\/\/bbklekovaca.rs\/en\/politika-privatnosti\/\" \/>\n<meta property=\"og:site_name\" content=\"Destilerija BB Klekova\u010da\" \/>\n<meta property=\"article:publisher\" content=\"https:\/\/www.facebook.com\/bbklekovaca\" \/>\n<meta property=\"article:modified_time\" content=\"2024-06-19T22:06:53+00:00\" \/>\n<meta property=\"og:image\" content=\"https:\/\/bbklekovaca.rs\/wp-content\/uploads\/2024\/06\/logo1.png\" \/>\n\t<meta property=\"og:image:width\" content=\"1080\" \/>\n\t<meta property=\"og:image:height\" content=\"1080\" \/>\n\t<meta property=\"og:image:type\" content=\"image\/png\" \/>\n<meta name=\"twitter:card\" content=\"summary_large_image\" \/>\n<meta name=\"twitter:label1\" content=\"Estimated reading time\" \/>\n\t<meta name=\"twitter:data1\" content=\"4 minutes\" \/>\n<script type=\"application\/ld+json\" class=\"yoast-schema-graph\">{\"@context\":\"https:\/\/schema.org\",\"@graph\":[{\"@type\":\"WebPage\",\"@id\":\"https:\/\/bbklekovaca.rs\/politika-privatnosti\/\",\"url\":\"https:\/\/bbklekovaca.rs\/politika-privatnosti\/\",\"name\":\"Politika privatnosti - Destilerija BB Klekova\u010da\",\"isPartOf\":{\"@id\":\"https:\/\/bbklekovaca.rs\/#website\"},\"datePublished\":\"2024-06-19T18:49:44+00:00\",\"dateModified\":\"2024-06-19T22:06:53+00:00\",\"breadcrumb\":{\"@id\":\"https:\/\/bbklekovaca.rs\/politika-privatnosti\/#breadcrumb\"},\"inLanguage\":\"en-GB\",\"potentialAction\":[{\"@type\":\"ReadAction\",\"target\":[\"https:\/\/bbklekovaca.rs\/politika-privatnosti\/\"]}]},{\"@type\":\"BreadcrumbList\",\"@id\":\"https:\/\/bbklekovaca.rs\/politika-privatnosti\/#breadcrumb\",\"itemListElement\":[{\"@type\":\"ListItem\",\"position\":1,\"name\":\"Po\u010detna\",\"item\":\"https:\/\/bbklekovaca.rs\/\"},{\"@type\":\"ListItem\",\"position\":2,\"name\":\"Politika privatnosti\"}]},{\"@type\":\"WebSite\",\"@id\":\"https:\/\/bbklekovaca.rs\/#website\",\"url\":\"https:\/\/bbklekovaca.rs\/\",\"name\":\"Destilerija BB Klekova\u010da\",\"description\":\"Srce Drine, du\u0161a Tare\",\"publisher\":{\"@id\":\"https:\/\/bbklekovaca.rs\/#organization\"},\"potentialAction\":[{\"@type\":\"SearchAction\",\"target\":{\"@type\":\"EntryPoint\",\"urlTemplate\":\"https:\/\/bbklekovaca.rs\/?s={search_term_string}\"},\"query-input\":{\"@type\":\"PropertyValueSpecification\",\"valueRequired\":true,\"valueName\":\"search_term_string\"}}],\"inLanguage\":\"en-GB\"},{\"@type\":\"Organization\",\"@id\":\"https:\/\/bbklekovaca.rs\/#organization\",\"name\":\"BB Klekova\u010da d.o.o. Bajina Ba\u0161ta\",\"alternateName\":\"BB Klekova\u010da\",\"url\":\"https:\/\/bbklekovaca.rs\/\",\"logo\":{\"@type\":\"ImageObject\",\"inLanguage\":\"en-GB\",\"@id\":\"https:\/\/bbklekovaca.rs\/#\/schema\/logo\/image\/\",\"url\":\"https:\/\/bbklekovaca.rs\/wp-content\/uploads\/2024\/06\/logo1.png\",\"contentUrl\":\"https:\/\/bbklekovaca.rs\/wp-content\/uploads\/2024\/06\/logo1.png\",\"width\":1080,\"height\":1080,\"caption\":\"BB Klekova\u010da d.o.o. Bajina Ba\u0161ta\"},\"image\":{\"@id\":\"https:\/\/bbklekovaca.rs\/#\/schema\/logo\/image\/\"},\"sameAs\":[\"https:\/\/www.facebook.com\/bbklekovaca\",\"https:\/\/instagram.com\/bb.klekovaca\"]}]}<\/script>\n<!-- \/ Yoast SEO plugin. -->","yoast_head_json":{"title":"Politika privatnosti - Destilerija BB Klekova\u010da","robots":{"index":"index","follow":"follow","max-snippet":"max-snippet:-1","max-image-preview":"max-image-preview:large","max-video-preview":"max-video-preview:-1"},"canonical":"https:\/\/bbklekovaca.rs\/en\/politika-privatnosti\/","og_locale":"en_GB","og_type":"article","og_title":"Politika privatnosti - Destilerija BB Klekova\u010da","og_description":"\u201cBB KLEKOVA\u010cA\u201d \u00a0d.o.o. svoju obavezu \u010duvanja va\u0161e privatnosti shvata veoma ozbiljno, i svaku va\u0161u informaciju koju ostavite tretira\u0107emo profesionalno, u","og_url":"https:\/\/bbklekovaca.rs\/en\/politika-privatnosti\/","og_site_name":"Destilerija BB Klekova\u010da","article_publisher":"https:\/\/www.facebook.com\/bbklekovaca","article_modified_time":"2024-06-19T22:06:53+00:00","og_image":[{"width":1080,"height":1080,"url":"https:\/\/bbklekovaca.rs\/wp-content\/uploads\/2024\/06\/logo1.png","type":"image\/png"}],"twitter_card":"summary_large_image","twitter_misc":{"Estimated reading time":"4 minutes"},"schema":{"@context":"https:\/\/schema.org","@graph":[{"@type":"WebPage","@id":"https:\/\/bbklekovaca.rs\/politika-privatnosti\/","url":"https:\/\/bbklekovaca.rs\/politika-privatnosti\/","name":"Politika privatnosti - Destilerija BB Klekova\u010da","isPartOf":{"@id":"https:\/\/bbklekovaca.rs\/#website"},"datePublished":"2024-06-19T18:49:44+00:00","dateModified":"2024-06-19T22:06:53+00:00","breadcrumb":{"@id":"https:\/\/bbklekovaca.rs\/politika-privatnosti\/#breadcrumb"},"inLanguage":"en-GB","potentialAction":[{"@type":"ReadAction","target":["https:\/\/bbklekovaca.rs\/politika-privatnosti\/"]}]},{"@type":"BreadcrumbList","@id":"https:\/\/bbklekovaca.rs\/politika-privatnosti\/#breadcrumb","itemListElement":[{"@type":"ListItem","position":1,"name":"Po\u010detna","item":"https:\/\/bbklekovaca.rs\/"},{"@type":"ListItem","position":2,"name":"Politika privatnosti"}]},{"@type":"WebSite","@id":"https:\/\/bbklekovaca.rs\/#website","url":"https:\/\/bbklekovaca.rs\/","name":"Destilerija BB Klekova\u010da","description":"Heart of Drina, Soul of Tara","publisher":{"@id":"https:\/\/bbklekovaca.rs\/#organization"},"potentialAction":[{"@type":"SearchAction","target":{"@type":"EntryPoint","urlTemplate":"https:\/\/bbklekovaca.rs\/?s={search_term_string}"},"query-input":{"@type":"PropertyValueSpecification","valueRequired":true,"valueName":"search_term_string"}}],"inLanguage":"en-GB"},{"@type":"Organization","@id":"https:\/\/bbklekovaca.rs\/#organization","name":"BB Klekova\u010da d.o.o. Bajina Ba\u0161ta","alternateName":"BB Klekova\u010da","url":"https:\/\/bbklekovaca.rs\/","logo":{"@type":"ImageObject","inLanguage":"en-GB","@id":"https:\/\/bbklekovaca.rs\/#\/schema\/logo\/image\/","url":"https:\/\/bbklekovaca.rs\/wp-content\/uploads\/2024\/06\/logo1.png","contentUrl":"https:\/\/bbklekovaca.rs\/wp-content\/uploads\/2024\/06\/logo1.png","width":1080,"height":1080,"caption":"BB Klekova\u010da d.o.o. Bajina Ba\u0161ta"},"image":{"@id":"https:\/\/bbklekovaca.rs\/#\/schema\/logo\/image\/"},"sameAs":["https:\/\/www.facebook.com\/bbklekovaca","https:\/\/instagram.com\/bb.klekovaca"]}]}},"_links":{"self":[{"href":"https:\/\/bbklekovaca.rs\/en\/wp-json\/wp\/v2\/pages\/28404","targetHints":{"allow":["GET"]}}],"collection":[{"href":"https:\/\/bbklekovaca.rs\/en\/wp-json\/wp\/v2\/pages"}],"about":[{"href":"https:\/\/bbklekovaca.rs\/en\/wp-json\/wp\/v2\/types\/page"}],"author":[{"embeddable":true,"href":"https:\/\/bbklekovaca.rs\/en\/wp-json\/wp\/v2\/users\/1"}],"replies":[{"embeddable":true,"href":"https:\/\/bbklekovaca.rs\/en\/wp-json\/wp\/v2\/comments?post=28404"}],"version-history":[{"count":0,"href":"https:\/\/bbklekovaca.rs\/en\/wp-json\/wp\/v2\/pages\/28404\/revisions"}],"wp:attachment":[{"href":"https:\/\/bbklekovaca.rs\/en\/wp-json\/wp\/v2\/media?parent=28404"}],"curies":[{"name":"wp","href":"https:\/\/api.w.org\/{rel}","templated":true}]}}