{"id":28228,"date":"2024-06-18T23:45:25","date_gmt":"2024-06-18T21:45:25","guid":{"rendered":"https:\/\/bbklekovaca.rs\/?page_id=28228"},"modified":"2024-06-24T18:23:53","modified_gmt":"2024-06-24T16:23:53","slug":"u-korak-sa-mrki-medvedom","status":"publish","type":"page","link":"https:\/\/bbklekovaca.rs\/en\/u-korak-sa-mrki-medvedom\/","title":{"rendered":"Bear as a Symbol"},"content":{"rendered":"<div data-elementor-type=\"wp-page\" data-elementor-id=\"28228\" class=\"elementor elementor-28228\" data-elementor-post-type=\"page\">\n\t\t\t\t<div class=\"wd-negative-gap elementor-element elementor-element-b44855c wd-section-stretch-content elementor-hidden-tablet elementor-hidden-mobile e-flex e-con-boxed e-con e-parent\" data-id=\"b44855c\" data-element_type=\"container\" data-e-type=\"container\" data-settings=\"{&quot;background_background&quot;:&quot;classic&quot;}\">\n\t\t\t\t\t<div class=\"e-con-inner\">\n\t\t<div class=\"elementor-element elementor-element-08b3fd8 e-con-full e-flex e-con e-child\" data-id=\"08b3fd8\" data-element_type=\"container\" data-e-type=\"container\" data-settings=\"{&quot;background_background&quot;:&quot;classic&quot;}\">\n\t\t\t\t<div class=\"elementor-element elementor-element-635363b wd-width-100 elementor-widget elementor-widget-wd_title\" data-id=\"635363b\" data-element_type=\"widget\" data-e-type=\"widget\" data-widget_type=\"wd_title.default\">\n\t\t\t\t<div class=\"elementor-widget-container\">\n\t\t\t\t\t\t\t<div class=\"title-wrapper wd-set-mb reset-last-child wd-title-color-primary wd-title-style-default wd-title-size-default text-left\">\n\n\t\t\t\t\t\t\t\t\t\t\t<div class=\"title-subtitle subtitle-color-primary subtitle-style-default wd-fontsize-xs\">\n\t\t\t\t\tKeeping up\t\t\t\t<\/div>\n\t\t\t\n\t\t\t<div class=\"liner-continer\">\n\t\t\t\t<h4 class=\"woodmart-title-container title wd-fontsize-l\">With the Brown Bear<\/h4> \n\t\t\t\t\t\t\t<\/div>\n\n\t\t\t\t\t<\/div>\n\t\t\t\t\t\t<\/div>\n\t\t\t\t<\/div>\n\t\t\t\t<div class=\"elementor-element elementor-element-2fb4548 elementor-widget elementor-widget-wd_text_block\" data-id=\"2fb4548\" data-element_type=\"widget\" data-e-type=\"widget\" data-widget_type=\"wd_text_block.default\">\n\t\t\t\t<div class=\"elementor-widget-container\">\n\t\t\t\t\t\t\t<div class=\"wd-text-block reset-last-child text-left\">\n\t\t\t\n\t\t\t<p>The brown bear is the symbol of Mount Tara, which is home to nearly 70% of Serbia\u2019s entire brown bear population. This majestic creature represents strength, power, and protection. In Slavic and Serbian mythology, the bear is seen as a magical guardian of the mountain forests and their fruits.<\/p><p>The bear's Latin name, Ursus, has Indo-European origins, reflected in the Serbian name Uro\u0161. Historically, Uro\u0161 was a regal name believed to carry magical significance. This is how names like Stefan Uro\u0161 Vojislav and Stefan Uro\u0161 Milutin Nemanji\u0107 were created. The Nemanji\u0107 dynasty is particularly significant to us, as Saint King Dragutin, a member of that lineage, founded the famous Ra\u010da Monastery near Bajina Ba\u0161ta. His slava also serves as the patron saint's day of our distillery.<\/p><p>The brown bear of Mount Tara is the symbol of \"BB Klekova\u010da\". Because of everything previously mentioned, and above all, because the bear represents the strongest symbol of our region. Just as the bear serves as a natural protector, we believe we should honor that role and rally together to safeguard our environment.<\/p><p>The brown bear stands as a strong and reliable guardian of both family and nature.<\/p><p>That\u2019s why we strive to follow in his footsteps.<\/p>\n\t\t\t\t\t<\/div>\n\t\t\t\t\t\t<\/div>\n\t\t\t\t<\/div>\n\t\t\t\t<\/div>\n\t\t<div class=\"elementor-element elementor-element-387ce2e e-con-full e-flex e-con e-child\" data-id=\"387ce2e\" data-element_type=\"container\" data-e-type=\"container\" data-settings=\"{&quot;background_background&quot;:&quot;classic&quot;}\">\n\t\t\t\t<\/div>\n\t\t\t\t\t<\/div>\n\t\t\t\t<\/div>\n\t\t<div class=\"wd-negative-gap elementor-element elementor-element-bb81212 wd-section-stretch-content elementor-hidden-desktop e-flex e-con-boxed e-con e-parent\" data-id=\"bb81212\" data-element_type=\"container\" data-e-type=\"container\" data-settings=\"{&quot;background_background&quot;:&quot;classic&quot;}\">\n\t\t\t\t\t<div class=\"e-con-inner\">\n\t\t<div class=\"elementor-element elementor-element-c4ec3e2 e-con-full e-flex e-con e-child\" data-id=\"c4ec3e2\" data-element_type=\"container\" data-e-type=\"container\" data-settings=\"{&quot;background_background&quot;:&quot;classic&quot;}\">\n\t\t\t\t<div class=\"elementor-element elementor-element-3a33428 wd-width-100 elementor-widget elementor-widget-wd_title\" data-id=\"3a33428\" data-element_type=\"widget\" data-e-type=\"widget\" data-widget_type=\"wd_title.default\">\n\t\t\t\t<div class=\"elementor-widget-container\">\n\t\t\t\t\t\t\t<div class=\"title-wrapper wd-set-mb reset-last-child wd-title-color-primary wd-title-style-default wd-title-size-default text-left\">\n\n\t\t\t\t\t\t\t\t\t\t\t<div class=\"title-subtitle subtitle-color-primary subtitle-style-default wd-fontsize-xs\">\n\t\t\t\t\tKeeping up\t\t\t\t<\/div>\n\t\t\t\n\t\t\t<div class=\"liner-continer\">\n\t\t\t\t<h4 class=\"woodmart-title-container title wd-fontsize-l\">With the Brown Bear<\/h4> \n\t\t\t\t\t\t\t<\/div>\n\n\t\t\t\t\t<\/div>\n\t\t\t\t\t\t<\/div>\n\t\t\t\t<\/div>\n\t\t\t\t<div class=\"elementor-element elementor-element-4f30556 elementor-widget elementor-widget-wd_text_block\" data-id=\"4f30556\" data-element_type=\"widget\" data-e-type=\"widget\" data-widget_type=\"wd_text_block.default\">\n\t\t\t\t<div class=\"elementor-widget-container\">\n\t\t\t\t\t\t\t<div class=\"wd-text-block reset-last-child text-left\">\n\t\t\t\n\t\t\t<p>The brown bear is the symbol of Mount Tara, which is home to nearly 70% of Serbia\u2019s entire brown bear population. This majestic creature represents strength, power, and protection. In Slavic and Serbian mythology, the bear is seen as a magical guardian of the mountain forests and their fruits.<\/p><p>The bear's Latin name, Ursus, has Indo-European origins, reflected in the Serbian name Uro\u0161. Historically, Uro\u0161 was a regal name believed to carry magical significance. This is how names like Stefan Uro\u0161 Vojislav and Stefan Uro\u0161 Milutin Nemanji\u0107 were created. The Nemanji\u0107 dynasty is particularly significant to us, as Saint King Dragutin, a member of that lineage, founded the famous Ra\u010da Monastery near Bajina Ba\u0161ta. His slava also serves as the patron saint's day of our distillery.<\/p><p>The brown bear of Mount Tara is the symbol of \"BB Klekova\u010da\". Because of everything previously mentioned, and above all, because the bear represents the strongest symbol of our region. Just as the bear serves as a natural protector, we believe we should honor that role and rally together to safeguard our environment.<\/p><p>The brown bear stands as a strong and reliable guardian of both family and nature.<\/p><p>That\u2019s why we strive to follow in his footsteps.<\/p>\n\t\t\t\t\t<\/div>\n\t\t\t\t\t\t<\/div>\n\t\t\t\t<\/div>\n\t\t\t\t<\/div>\n\t\t<div class=\"elementor-element elementor-element-aa86cdb e-con-full e-flex e-con e-child\" data-id=\"aa86cdb\" data-element_type=\"container\" data-e-type=\"container\" data-settings=\"{&quot;background_background&quot;:&quot;classic&quot;}\">\n\t\t\t\t<div class=\"elementor-element elementor-element-ac42a05 elementor-widget elementor-widget-wd_image_or_svg\" data-id=\"ac42a05\" data-element_type=\"widget\" data-e-type=\"widget\" data-widget_type=\"wd_image_or_svg.default\">\n\t\t\t\t<div class=\"elementor-widget-container\">\n\t\t\t\t\t\n\t\t<div class=\"wd-image text-left\">\n\t\t\t\t\t\t\t\t<img loading=\"lazy\" decoding=\"async\" width=\"1536\" height=\"1024\" src=\"https:\/\/bbklekovaca.rs\/wp-content\/uploads\/2024\/06\/mrki-medved-1536x1024.jpg\" class=\"attachment-1536x1536 size-1536x1536\" alt=\"\" srcset=\"https:\/\/bbklekovaca.rs\/wp-content\/uploads\/2024\/06\/mrki-medved-1536x1024.jpg 1536w, https:\/\/bbklekovaca.rs\/wp-content\/uploads\/2024\/06\/mrki-medved-400x267.jpg 400w, https:\/\/bbklekovaca.rs\/wp-content\/uploads\/2024\/06\/mrki-medved-1200x800.jpg 1200w, https:\/\/bbklekovaca.rs\/wp-content\/uploads\/2024\/06\/mrki-medved-768x512.jpg 768w, https:\/\/bbklekovaca.rs\/wp-content\/uploads\/2024\/06\/mrki-medved-2048x1365.jpg 2048w, https:\/\/bbklekovaca.rs\/wp-content\/uploads\/2024\/06\/mrki-medved-430x287.jpg 430w, https:\/\/bbklekovaca.rs\/wp-content\/uploads\/2024\/06\/mrki-medved-700x466.jpg 700w, https:\/\/bbklekovaca.rs\/wp-content\/uploads\/2024\/06\/mrki-medved-150x100.jpg 150w\" sizes=\"auto, (max-width: 1536px) 100vw, 1536px\" \/>\t\t\t\t\t<\/div>\n\n\t\t\t\t\t\t<\/div>\n\t\t\t\t<\/div>\n\t\t\t\t<\/div>\n\t\t\t\t\t<\/div>\n\t\t\t\t<\/div>\n\t\t\t\t<\/div>","protected":false},"excerpt":{"rendered":"<p>U korak sa Mrkim medvedom Mrki medved je simbol planine Tare. Na Tari \u017eivi \u010dak 70% ukupne populacije mrkih medveda<\/p>","protected":false},"author":1,"featured_media":0,"parent":0,"menu_order":0,"comment_status":"closed","ping_status":"closed","template":"","meta":{"footnotes":""},"class_list":["post-28228","page","type-page","status-publish","hentry"],"yoast_head":"<!-- This site is optimized with the Yoast SEO plugin v27.1.1 - https:\/\/yoast.com\/product\/yoast-seo-wordpress\/ -->\n<title>Medved kao simbol - Destilerija BB Klekova\u010da<\/title>\n<meta name=\"robots\" content=\"index, follow, max-snippet:-1, max-image-preview:large, max-video-preview:-1\" \/>\n<link rel=\"canonical\" href=\"https:\/\/bbklekovaca.rs\/en\/u-korak-sa-mrki-medvedom\/\" \/>\n<meta property=\"og:locale\" content=\"en_GB\" \/>\n<meta property=\"og:type\" content=\"article\" \/>\n<meta property=\"og:title\" content=\"Medved kao simbol - Destilerija BB Klekova\u010da\" \/>\n<meta property=\"og:description\" content=\"U korak sa Mrkim medvedom Mrki medved je simbol planine Tare. Na Tari \u017eivi \u010dak 70% ukupne populacije mrkih medveda\" \/>\n<meta property=\"og:url\" content=\"https:\/\/bbklekovaca.rs\/en\/u-korak-sa-mrki-medvedom\/\" \/>\n<meta property=\"og:site_name\" content=\"Destilerija BB Klekova\u010da\" \/>\n<meta property=\"article:publisher\" content=\"https:\/\/www.facebook.com\/bbklekovaca\" \/>\n<meta property=\"article:modified_time\" content=\"2024-06-24T16:23:53+00:00\" \/>\n<meta property=\"og:image\" content=\"https:\/\/bbklekovaca.rs\/wp-content\/uploads\/2024\/06\/mrki-medved-1536x1024.jpg\" \/>\n<meta name=\"twitter:card\" content=\"summary_large_image\" \/>\n<meta name=\"twitter:label1\" content=\"Estimated reading time\" \/>\n\t<meta name=\"twitter:data1\" content=\"3 minutes\" \/>\n<script type=\"application\/ld+json\" class=\"yoast-schema-graph\">{\"@context\":\"https:\/\/schema.org\",\"@graph\":[{\"@type\":\"WebPage\",\"@id\":\"https:\/\/bbklekovaca.rs\/u-korak-sa-mrki-medvedom\/\",\"url\":\"https:\/\/bbklekovaca.rs\/u-korak-sa-mrki-medvedom\/\",\"name\":\"Medved kao simbol - Destilerija BB Klekova\u010da\",\"isPartOf\":{\"@id\":\"https:\/\/bbklekovaca.rs\/#website\"},\"primaryImageOfPage\":{\"@id\":\"https:\/\/bbklekovaca.rs\/u-korak-sa-mrki-medvedom\/#primaryimage\"},\"image\":{\"@id\":\"https:\/\/bbklekovaca.rs\/u-korak-sa-mrki-medvedom\/#primaryimage\"},\"thumbnailUrl\":\"https:\/\/bbklekovaca.rs\/wp-content\/uploads\/2024\/06\/mrki-medved-1536x1024.jpg\",\"datePublished\":\"2024-06-18T21:45:25+00:00\",\"dateModified\":\"2024-06-24T16:23:53+00:00\",\"breadcrumb\":{\"@id\":\"https:\/\/bbklekovaca.rs\/u-korak-sa-mrki-medvedom\/#breadcrumb\"},\"inLanguage\":\"en-GB\",\"potentialAction\":[{\"@type\":\"ReadAction\",\"target\":[\"https:\/\/bbklekovaca.rs\/u-korak-sa-mrki-medvedom\/\"]}]},{\"@type\":\"ImageObject\",\"inLanguage\":\"en-GB\",\"@id\":\"https:\/\/bbklekovaca.rs\/u-korak-sa-mrki-medvedom\/#primaryimage\",\"url\":\"https:\/\/bbklekovaca.rs\/wp-content\/uploads\/2024\/06\/mrki-medved-1536x1024.jpg\",\"contentUrl\":\"https:\/\/bbklekovaca.rs\/wp-content\/uploads\/2024\/06\/mrki-medved-1536x1024.jpg\"},{\"@type\":\"BreadcrumbList\",\"@id\":\"https:\/\/bbklekovaca.rs\/u-korak-sa-mrki-medvedom\/#breadcrumb\",\"itemListElement\":[{\"@type\":\"ListItem\",\"position\":1,\"name\":\"Po\u010detna\",\"item\":\"https:\/\/bbklekovaca.rs\/\"},{\"@type\":\"ListItem\",\"position\":2,\"name\":\"Medved kao simbol\"}]},{\"@type\":\"WebSite\",\"@id\":\"https:\/\/bbklekovaca.rs\/#website\",\"url\":\"https:\/\/bbklekovaca.rs\/\",\"name\":\"Destilerija BB Klekova\u010da\",\"description\":\"Srce Drine, du\u0161a Tare\",\"publisher\":{\"@id\":\"https:\/\/bbklekovaca.rs\/#organization\"},\"potentialAction\":[{\"@type\":\"SearchAction\",\"target\":{\"@type\":\"EntryPoint\",\"urlTemplate\":\"https:\/\/bbklekovaca.rs\/?s={search_term_string}\"},\"query-input\":{\"@type\":\"PropertyValueSpecification\",\"valueRequired\":true,\"valueName\":\"search_term_string\"}}],\"inLanguage\":\"en-GB\"},{\"@type\":\"Organization\",\"@id\":\"https:\/\/bbklekovaca.rs\/#organization\",\"name\":\"BB Klekova\u010da d.o.o. Bajina Ba\u0161ta\",\"alternateName\":\"BB Klekova\u010da\",\"url\":\"https:\/\/bbklekovaca.rs\/\",\"logo\":{\"@type\":\"ImageObject\",\"inLanguage\":\"en-GB\",\"@id\":\"https:\/\/bbklekovaca.rs\/#\/schema\/logo\/image\/\",\"url\":\"https:\/\/bbklekovaca.rs\/wp-content\/uploads\/2024\/06\/logo1.png\",\"contentUrl\":\"https:\/\/bbklekovaca.rs\/wp-content\/uploads\/2024\/06\/logo1.png\",\"width\":1080,\"height\":1080,\"caption\":\"BB Klekova\u010da d.o.o. Bajina Ba\u0161ta\"},\"image\":{\"@id\":\"https:\/\/bbklekovaca.rs\/#\/schema\/logo\/image\/\"},\"sameAs\":[\"https:\/\/www.facebook.com\/bbklekovaca\",\"https:\/\/instagram.com\/bb.klekovaca\"]}]}<\/script>\n<!-- \/ Yoast SEO plugin. -->","yoast_head_json":{"title":"Medved kao simbol - Destilerija BB Klekova\u010da","robots":{"index":"index","follow":"follow","max-snippet":"max-snippet:-1","max-image-preview":"max-image-preview:large","max-video-preview":"max-video-preview:-1"},"canonical":"https:\/\/bbklekovaca.rs\/en\/u-korak-sa-mrki-medvedom\/","og_locale":"en_GB","og_type":"article","og_title":"Medved kao simbol - Destilerija BB Klekova\u010da","og_description":"U korak sa Mrkim medvedom Mrki medved je simbol planine Tare. Na Tari \u017eivi \u010dak 70% ukupne populacije mrkih medveda","og_url":"https:\/\/bbklekovaca.rs\/en\/u-korak-sa-mrki-medvedom\/","og_site_name":"Destilerija BB Klekova\u010da","article_publisher":"https:\/\/www.facebook.com\/bbklekovaca","article_modified_time":"2024-06-24T16:23:53+00:00","og_image":[{"url":"https:\/\/bbklekovaca.rs\/wp-content\/uploads\/2024\/06\/mrki-medved-1536x1024.jpg","type":"","width":"","height":""}],"twitter_card":"summary_large_image","twitter_misc":{"Estimated reading time":"3 minutes"},"schema":{"@context":"https:\/\/schema.org","@graph":[{"@type":"WebPage","@id":"https:\/\/bbklekovaca.rs\/u-korak-sa-mrki-medvedom\/","url":"https:\/\/bbklekovaca.rs\/u-korak-sa-mrki-medvedom\/","name":"Medved kao simbol - Destilerija BB Klekova\u010da","isPartOf":{"@id":"https:\/\/bbklekovaca.rs\/#website"},"primaryImageOfPage":{"@id":"https:\/\/bbklekovaca.rs\/u-korak-sa-mrki-medvedom\/#primaryimage"},"image":{"@id":"https:\/\/bbklekovaca.rs\/u-korak-sa-mrki-medvedom\/#primaryimage"},"thumbnailUrl":"https:\/\/bbklekovaca.rs\/wp-content\/uploads\/2024\/06\/mrki-medved-1536x1024.jpg","datePublished":"2024-06-18T21:45:25+00:00","dateModified":"2024-06-24T16:23:53+00:00","breadcrumb":{"@id":"https:\/\/bbklekovaca.rs\/u-korak-sa-mrki-medvedom\/#breadcrumb"},"inLanguage":"en-GB","potentialAction":[{"@type":"ReadAction","target":["https:\/\/bbklekovaca.rs\/u-korak-sa-mrki-medvedom\/"]}]},{"@type":"ImageObject","inLanguage":"en-GB","@id":"https:\/\/bbklekovaca.rs\/u-korak-sa-mrki-medvedom\/#primaryimage","url":"https:\/\/bbklekovaca.rs\/wp-content\/uploads\/2024\/06\/mrki-medved-1536x1024.jpg","contentUrl":"https:\/\/bbklekovaca.rs\/wp-content\/uploads\/2024\/06\/mrki-medved-1536x1024.jpg"},{"@type":"BreadcrumbList","@id":"https:\/\/bbklekovaca.rs\/u-korak-sa-mrki-medvedom\/#breadcrumb","itemListElement":[{"@type":"ListItem","position":1,"name":"Po\u010detna","item":"https:\/\/bbklekovaca.rs\/"},{"@type":"ListItem","position":2,"name":"Medved kao simbol"}]},{"@type":"WebSite","@id":"https:\/\/bbklekovaca.rs\/#website","url":"https:\/\/bbklekovaca.rs\/","name":"Destilerija BB Klekova\u010da","description":"Heart of Drina, Soul of Tara","publisher":{"@id":"https:\/\/bbklekovaca.rs\/#organization"},"potentialAction":[{"@type":"SearchAction","target":{"@type":"EntryPoint","urlTemplate":"https:\/\/bbklekovaca.rs\/?s={search_term_string}"},"query-input":{"@type":"PropertyValueSpecification","valueRequired":true,"valueName":"search_term_string"}}],"inLanguage":"en-GB"},{"@type":"Organization","@id":"https:\/\/bbklekovaca.rs\/#organization","name":"BB Klekova\u010da d.o.o. Bajina Ba\u0161ta","alternateName":"BB Klekova\u010da","url":"https:\/\/bbklekovaca.rs\/","logo":{"@type":"ImageObject","inLanguage":"en-GB","@id":"https:\/\/bbklekovaca.rs\/#\/schema\/logo\/image\/","url":"https:\/\/bbklekovaca.rs\/wp-content\/uploads\/2024\/06\/logo1.png","contentUrl":"https:\/\/bbklekovaca.rs\/wp-content\/uploads\/2024\/06\/logo1.png","width":1080,"height":1080,"caption":"BB Klekova\u010da d.o.o. Bajina Ba\u0161ta"},"image":{"@id":"https:\/\/bbklekovaca.rs\/#\/schema\/logo\/image\/"},"sameAs":["https:\/\/www.facebook.com\/bbklekovaca","https:\/\/instagram.com\/bb.klekovaca"]}]}},"_links":{"self":[{"href":"https:\/\/bbklekovaca.rs\/en\/wp-json\/wp\/v2\/pages\/28228","targetHints":{"allow":["GET"]}}],"collection":[{"href":"https:\/\/bbklekovaca.rs\/en\/wp-json\/wp\/v2\/pages"}],"about":[{"href":"https:\/\/bbklekovaca.rs\/en\/wp-json\/wp\/v2\/types\/page"}],"author":[{"embeddable":true,"href":"https:\/\/bbklekovaca.rs\/en\/wp-json\/wp\/v2\/users\/1"}],"replies":[{"embeddable":true,"href":"https:\/\/bbklekovaca.rs\/en\/wp-json\/wp\/v2\/comments?post=28228"}],"version-history":[{"count":4,"href":"https:\/\/bbklekovaca.rs\/en\/wp-json\/wp\/v2\/pages\/28228\/revisions"}],"predecessor-version":[{"id":28894,"href":"https:\/\/bbklekovaca.rs\/en\/wp-json\/wp\/v2\/pages\/28228\/revisions\/28894"}],"wp:attachment":[{"href":"https:\/\/bbklekovaca.rs\/en\/wp-json\/wp\/v2\/media?parent=28228"}],"curies":[{"name":"wp","href":"https:\/\/api.w.org\/{rel}","templated":true}]}}